{"id":463693,"date":"2025-06-01T06:44:09","date_gmt":"2025-06-01T04:44:09","guid":{"rendered":"https:\/\/lucacastelli.com\/prodotto\/bandlader\/"},"modified":"2025-06-29T08:03:26","modified_gmt":"2025-06-29T06:03:26","slug":"bandlader","status":"publish","type":"product","link":"https:\/\/lucacastelli.com\/de\/produkt\/bandlader\/","title":{"rendered":"MILWAUKEE Bandlader"},"content":{"rendered":"<p>Der Magazinaufsatz erm\u00f6glicht eine einfache Entfernung, wenn Bits gewechselt werden oder ein CA55-freier Trockenbautreiber verwendet wird&lt;Br&gt;  Voreingestellte Tiefenparameter f\u00fcr die g\u00e4ngigsten Schraubengr\u00f6\u00dfen&lt;Br&gt;  Werkzeuglose Einstellung f\u00fcr eine pr\u00e4zise Steuerung der B\u00f6rdelstufen&lt;Br&gt;  Mit der Drehkupplung haben Sie Zugriff auf 8 Positionen, wenn Sie auf engstem Raum arbeiten&lt;Br&gt;  Kompatibel mit Milwaukee\u00ae M18 FSG&lt;Br&gt;  Geeignet f\u00fcr Schraubengr\u00f6\u00dfen zwischen 25 mm und 55 mm<\/p>\n<p>STRICHCODE: 4002395289974<\/p>\n<p>Technische Daten<\/p>\n","protected":false},"excerpt":{"rendered":"<p>Der Magazinaufsatz erm\u00f6glicht eine einfache Entfernung, wenn Bits gewechselt werden oder ein CA55-freier Trockenbautreiber verwendet wird&lt;Br&gt; Voreingestellte Tiefenparameter f\u00fcr die<\/p>\n","protected":false},"featured_media":441043,"template":"","meta":{"_seopress_robots_primary_cat":"","_seopress_titles_title":"","_seopress_titles_desc":"","_seopress_robots_index":""},"product_brand":[3656],"product_cat":[1454,169],"product_tag":[3272],"class_list":{"0":"post-463693","1":"product","2":"type-product","3":"status-publish","4":"has-post-thumbnail","6":"product_brand-milwaukee-de","7":"product_cat-andere-gerate","8":"product_cat-maschinen","9":"product_tag-import-milwau-de","10":"sws-gruppo-macchinari-de","11":"sws-conto-ricavi-merci-rivendita-macchinari-de","12":"sws-gruppo-iva-iva81-de","14":"first","15":"instock","16":"sale","17":"purchasable","18":"product-type-simple"},"_links":{"self":[{"href":"https:\/\/lucacastelli.com\/de\/wp-json\/wp\/v2\/product\/463693","targetHints":{"allow":["GET"]}}],"collection":[{"href":"https:\/\/lucacastelli.com\/de\/wp-json\/wp\/v2\/product"}],"about":[{"href":"https:\/\/lucacastelli.com\/de\/wp-json\/wp\/v2\/types\/product"}],"wp:featuredmedia":[{"embeddable":true,"href":"https:\/\/lucacastelli.com\/de\/wp-json\/wp\/v2\/media\/441043"}],"wp:attachment":[{"href":"https:\/\/lucacastelli.com\/de\/wp-json\/wp\/v2\/media?parent=463693"}],"wp:term":[{"taxonomy":"product_brand","embeddable":true,"href":"https:\/\/lucacastelli.com\/de\/wp-json\/wp\/v2\/product_brand?post=463693"},{"taxonomy":"product_cat","embeddable":true,"href":"https:\/\/lucacastelli.com\/de\/wp-json\/wp\/v2\/product_cat?post=463693"},{"taxonomy":"product_tag","embeddable":true,"href":"https:\/\/lucacastelli.com\/de\/wp-json\/wp\/v2\/product_tag?post=463693"}],"curies":[{"name":"wp","href":"https:\/\/api.w.org\/{rel}","templated":true}]}}