{"id":463688,"date":"2025-06-01T06:43:54","date_gmt":"2025-06-01T04:43:54","guid":{"rendered":"https:\/\/lucacastelli.com\/prodotto\/schraubendreher-fuer-trockenbau\/"},"modified":"2025-06-29T08:03:20","modified_gmt":"2025-06-29T06:03:20","slug":"schraubendreher-fuer-trockenbau","status":"publish","type":"product","link":"https:\/\/lucacastelli.com\/de\/produkt\/schraubendreher-fuer-trockenbau\/","title":{"rendered":"MILWAUKEE Trockenbauschrauber"},"content":{"rendered":"<p>Der von MILWAUKEE gebaute b\u00fcrstenlose POWERSTATE-Motor\u2122 ist in der Lage, \u00ae eine 10-mal l\u00e4ngere Lebensdauer und bis zu 60 % mehr Leistung zu garantieren&lt;Br&gt;  Das intelligente REDLINK PLUS-System\u2122 bietet einen fortschrittlichen digitalen \u00dcberlastungsschutz f\u00fcr Werkzeuge und Akkus und verbessert die Leistung des Werkzeugs unter Last erheblich.&lt;Br&gt;  Die REDLITHIUM-Batterie\u2122 bietet eine \u00fcberlegene Konstruktion des Akkupacks, Elektronik und gleichbleibende Leistung, um mehr Laufzeit und mehr Arbeit \u00fcber die Lebensdauer der Batterie zu liefern&lt;Br&gt;  AUTO-START-Technologie\u2122: Nach der Aktivierung ist der Trockenbauschrauber bereit f\u00fcr das serielle Schrauben, wird aber erst in Betrieb genommen, wenn er w\u00e4hrend der Anwendung auf das Material trifft, wodurch Sie eine beispiellose Autonomie erreichen k\u00f6nnen (nicht in Betrieb zu sein und daher in der Zeit, die zwischen einer Schraube und der n\u00e4chsten vergeht, keine Energie zu verbrauchen)&lt;Br&gt;  Schnellverschluss des 1\/4 Zolleinsatzes und Auslaufs&lt;Br&gt;  Pr\u00e4zise Einstellung des Auslaufendes auf die gew\u00fcnschte Schraubtiefe einstellbar&lt;Br&gt;  Mit dem Bandlader k\u00f6nnen Sie den Trockenbauschrauber als normalen Schraubendreher oder zum Serienschrauben verwenden&lt;Br&gt;  Schraubenl\u00e4nge 25-55 mm&lt;Br&gt;  Verst\u00e4rktes Bandmagazin, um dem Herunterfallen von Werkzeugen standzuhalten, mit Schnellkupplung&lt;Br&gt;  Die individuelle Steuerung jeder einzelnen Zelle optimiert die Laufzeit und Lebensdauer des Akkupacks&lt;Br&gt;  Anzeige des Ladezustands des Akkus&lt;Br&gt;  Extrem helle LED&lt;Br&gt;  Haken aus Metall&lt;Br&gt;  Kompatibel mit allen MILWAUKEE\u00ae M18\u2122 Akkus<\/p>\n<p>STRICHCODE: 4002395289943<\/p>\n<p>Technische<br \/>\nDaten 1\/4<\/p>\n<p>2 x M18 B2 Akkupack, M12-18 FC Ladeger\u00e4t, HeavyDuty Koffer<\/p>\n","protected":false},"excerpt":{"rendered":"<p>Der von MILWAUKEE gebaute b\u00fcrstenlose POWERSTATE-Motor\u2122 ist in der Lage, \u00ae eine 10-mal l\u00e4ngere Lebensdauer und bis zu 60 %<\/p>\n","protected":false},"featured_media":435939,"template":"","meta":{"_seopress_robots_primary_cat":"","_seopress_titles_title":"","_seopress_titles_desc":"","_seopress_robots_index":""},"product_brand":[3407],"product_cat":[29,514,549],"product_tag":[3270],"class_list":{"0":"post-463688","1":"product","2":"type-product","3":"status-publish","4":"has-post-thumbnail","6":"product_brand-milwaukee","7":"product_cat-macchinari","8":"product_cat-altri-dispositivi","9":"product_cat-trapani-e-avvitatori","10":"product_tag-import-milwau","11":"sws-gruppo-macchinari-de","12":"sws-conto-ricavi-merci-rivendita-macchinari-de","13":"sws-gruppo-iva-iva81-de","15":"first","16":"instock","17":"sale","18":"purchasable","19":"product-type-simple"},"_links":{"self":[{"href":"https:\/\/lucacastelli.com\/de\/wp-json\/wp\/v2\/product\/463688","targetHints":{"allow":["GET"]}}],"collection":[{"href":"https:\/\/lucacastelli.com\/de\/wp-json\/wp\/v2\/product"}],"about":[{"href":"https:\/\/lucacastelli.com\/de\/wp-json\/wp\/v2\/types\/product"}],"wp:featuredmedia":[{"embeddable":true,"href":"https:\/\/lucacastelli.com\/de\/wp-json\/wp\/v2\/media\/435939"}],"wp:attachment":[{"href":"https:\/\/lucacastelli.com\/de\/wp-json\/wp\/v2\/media?parent=463688"}],"wp:term":[{"taxonomy":"product_brand","embeddable":true,"href":"https:\/\/lucacastelli.com\/de\/wp-json\/wp\/v2\/product_brand?post=463688"},{"taxonomy":"product_cat","embeddable":true,"href":"https:\/\/lucacastelli.com\/de\/wp-json\/wp\/v2\/product_cat?post=463688"},{"taxonomy":"product_tag","embeddable":true,"href":"https:\/\/lucacastelli.com\/de\/wp-json\/wp\/v2\/product_tag?post=463688"}],"curies":[{"name":"wp","href":"https:\/\/api.w.org\/{rel}","templated":true}]}}