{"id":463682,"date":"2025-06-01T06:43:42","date_gmt":"2025-06-01T04:43:42","guid":{"rendered":"https:\/\/lucacastelli.com\/prodotto\/schlagschrauber-35\/"},"modified":"2025-06-29T08:04:11","modified_gmt":"2025-06-29T06:04:11","slug":"schlagschrauber-35","status":"publish","type":"product","link":"https:\/\/lucacastelli.com\/de\/produkt\/schlagschrauber-35\/","title":{"rendered":"MILWAUKEE Schlagschrauber"},"content":{"rendered":"<p>Speichern Sie bis zu 4 Einstellungen im Speicher&lt;Br&gt;  Bluetooth-Verbindung\u00ae mit der ONE-KEY\u2122 App&lt;Br&gt;  Noch schneller als die Vorg\u00e4ngerversion: bis zu 3900 Umdrehungen pro Minute und 4400 H\u00fcbe pro Minute&lt;Br&gt;  Extrem kompakt, nur 113 mm&lt;Br&gt;  Einstellung des Ausl\u00f6sers dank der ONE-KEY-Anwendung\u2122&lt;Br&gt;  Sie k\u00f6nnen die Einstellungen f\u00fcr wiederholte Anwendungen \u00e4ndern und speichern&lt;Br&gt;  Geschwindigkeitseinstellung, Pr\u00e4zisionsmodus (um die Verwendung konstanter Drehmomente bei wiederholten Anwendungen zu erm\u00f6glichen), M\u00f6glichkeit, selbstschneidende Zollschrauben einzustellen, die f\u00fcr die Metall-Metall-Befestigung optimiert sind, Einstellung der Helligkeit der LED-Intensit\u00e4t&lt;Br&gt;  G\u00fcrtelhaken aus Metall<\/p>\n<p>STRICHCODE: 4058546476717<\/p>\n<p>Technische<br \/>\nDaten 1\/4<\/p>\n<p>Lieferung ohne Batterien, Lieferung ohne Ladeger\u00e4t, HeavyDuty Koffer, G\u00fcrtelhaken und Bithalter<\/p>\n","protected":false},"excerpt":{"rendered":"<p>Speichern Sie bis zu 4 Einstellungen im Speicher&lt;Br&gt; Bluetooth-Verbindung\u00ae mit der ONE-KEY\u2122 App&lt;Br&gt; Noch schneller als die Vorg\u00e4ngerversion: bis zu<\/p>\n","protected":false},"featured_media":743743,"template":"","meta":{"_seopress_robots_primary_cat":"","_seopress_titles_title":"","_seopress_titles_desc":"","_seopress_robots_index":""},"product_brand":[3656],"product_cat":[1454,1553,169],"product_tag":[6835],"class_list":{"0":"post-463682","1":"product","2":"type-product","3":"status-publish","4":"has-post-thumbnail","6":"product_brand-milwaukee-de","7":"product_cat-andere-gerate","8":"product_cat-bohrer-und-schraubendreher","9":"product_cat-maschinen","10":"product_tag-imp-26-mw_new","11":"sws-gruppo-macchinari-de","12":"sws-conto-ricavi-merci-rivendita-macchinari-de","13":"sws-gruppo-iva-iva81-de","15":"first","16":"instock","17":"sale","18":"purchasable","19":"product-type-simple"},"_links":{"self":[{"href":"https:\/\/lucacastelli.com\/de\/wp-json\/wp\/v2\/product\/463682","targetHints":{"allow":["GET"]}}],"collection":[{"href":"https:\/\/lucacastelli.com\/de\/wp-json\/wp\/v2\/product"}],"about":[{"href":"https:\/\/lucacastelli.com\/de\/wp-json\/wp\/v2\/types\/product"}],"wp:featuredmedia":[{"embeddable":true,"href":"https:\/\/lucacastelli.com\/de\/wp-json\/wp\/v2\/media\/743743"}],"wp:attachment":[{"href":"https:\/\/lucacastelli.com\/de\/wp-json\/wp\/v2\/media?parent=463682"}],"wp:term":[{"taxonomy":"product_brand","embeddable":true,"href":"https:\/\/lucacastelli.com\/de\/wp-json\/wp\/v2\/product_brand?post=463682"},{"taxonomy":"product_cat","embeddable":true,"href":"https:\/\/lucacastelli.com\/de\/wp-json\/wp\/v2\/product_cat?post=463682"},{"taxonomy":"product_tag","embeddable":true,"href":"https:\/\/lucacastelli.com\/de\/wp-json\/wp\/v2\/product_tag?post=463682"}],"curies":[{"name":"wp","href":"https:\/\/api.w.org\/{rel}","templated":true}]}}