{"id":463679,"date":"2025-06-01T06:43:19","date_gmt":"2025-06-01T04:43:19","guid":{"rendered":"https:\/\/lucacastelli.com\/prodotto\/bohrhammer-12\/"},"modified":"2025-06-29T08:04:03","modified_gmt":"2025-06-29T06:04:03","slug":"bohrhammer-12","status":"publish","type":"product","link":"https:\/\/lucacastelli.com\/de\/produkt\/bohrhammer-12\/","title":{"rendered":"MILWAUKEE Bohrhammer"},"content":{"rendered":"<p>158 Nm Drehmoment&lt;Br&gt;  Nur 175 mm lang. Erm\u00f6glicht den Zugang auch zu den engsten R\u00e4umen&lt;Br&gt;  Bluetooth-Verbindung\u00ae mit der ONE-KEY\u2122 App&lt;Br&gt;  Speichern Sie bis zu 3 Einstellungen im Speicher&lt;Br&gt;  Das ONE-KEY\u2122 Tracking &amp; Security-System bietet einen kostenlosen Cloud-basierten Tracking- und Bestandsverwaltungsdienst und verf\u00fcgt gleichzeitig \u00fcber Remote-Blockierungsfunktionen&lt;Br&gt;  Einstellung des Ausl\u00f6sers dank der ONE-KEY-Anwendung\u2122&lt;Br&gt;  Sie k\u00f6nnen die Einstellungen f\u00fcr wiederholte Anwendungen \u00e4ndern und speichern&lt;Br&gt;  Drehzahlregelung, AUTOSTOP-Regelung\u2122, Anzeige der optimalen Drehzahl f\u00fcr Materialart und Anwendung, Helligkeitsregelung Bright LED&lt;Br&gt;  G\u00fcrtelhaken aus Metall&lt;Br&gt;  Funktioniert mit allen MILWAUKEE\u00ae M18\u2122 Akkus<\/p>\n<p>STRICHCODE: 4058546476694<\/p>\n<p>Technische<br \/>\nDaten 158<\/p>\n<p>Lieferung ohne Batterien, Lieferung ohne Ladeger\u00e4t, HeavyDuty Transportkoffer, G\u00fcrtelhaken, Seitengriff<\/p>\n","protected":false},"excerpt":{"rendered":"<p>158 Nm Drehmoment&lt;Br&gt; Nur 175 mm lang. Erm\u00f6glicht den Zugang auch zu den engsten R\u00e4umen&lt;Br&gt; Bluetooth-Verbindung\u00ae mit der ONE-KEY\u2122 App&lt;Br&gt;<\/p>\n","protected":false},"featured_media":435056,"template":"","meta":{"_seopress_robots_primary_cat":"","_seopress_titles_title":"","_seopress_titles_desc":"","_seopress_robots_index":""},"product_brand":[3656],"product_cat":[169,1454,1553],"product_tag":[3272],"class_list":{"0":"post-463679","1":"product","2":"type-product","3":"status-publish","4":"has-post-thumbnail","6":"product_brand-milwaukee-de","7":"product_cat-maschinen","8":"product_cat-andere-gerate","9":"product_cat-bohrer-und-schraubendreher","10":"product_tag-import-milwau-de","11":"sws-gruppo-macchinari-de","12":"sws-conto-ricavi-merci-rivendita-macchinari-de","13":"sws-gruppo-iva-iva81-de","15":"first","16":"instock","17":"sale","18":"purchasable","19":"product-type-simple"},"_links":{"self":[{"href":"https:\/\/lucacastelli.com\/de\/wp-json\/wp\/v2\/product\/463679","targetHints":{"allow":["GET"]}}],"collection":[{"href":"https:\/\/lucacastelli.com\/de\/wp-json\/wp\/v2\/product"}],"about":[{"href":"https:\/\/lucacastelli.com\/de\/wp-json\/wp\/v2\/types\/product"}],"wp:featuredmedia":[{"embeddable":true,"href":"https:\/\/lucacastelli.com\/de\/wp-json\/wp\/v2\/media\/435056"}],"wp:attachment":[{"href":"https:\/\/lucacastelli.com\/de\/wp-json\/wp\/v2\/media?parent=463679"}],"wp:term":[{"taxonomy":"product_brand","embeddable":true,"href":"https:\/\/lucacastelli.com\/de\/wp-json\/wp\/v2\/product_brand?post=463679"},{"taxonomy":"product_cat","embeddable":true,"href":"https:\/\/lucacastelli.com\/de\/wp-json\/wp\/v2\/product_cat?post=463679"},{"taxonomy":"product_tag","embeddable":true,"href":"https:\/\/lucacastelli.com\/de\/wp-json\/wp\/v2\/product_tag?post=463679"}],"curies":[{"name":"wp","href":"https:\/\/api.w.org\/{rel}","templated":true}]}}