{"id":463671,"date":"2025-06-01T06:59:57","date_gmt":"2025-06-01T04:59:57","guid":{"rendered":"https:\/\/lucacastelli.com\/prodotto\/bandsaege-6\/"},"modified":"2025-06-29T08:02:46","modified_gmt":"2025-06-29T06:02:46","slug":"bandsaege-6","status":"publish","type":"product","link":"https:\/\/lucacastelli.com\/de\/produkt\/bandsaege-6\/","title":{"rendered":"MILWAUKEE Bands\u00e4ge"},"content":{"rendered":"<p>Der b\u00fcrstenlose MILWAUKEE\u00ae POWERSTATE-Motor\u2122 h\u00e4lt bis zu 10-mal l\u00e4nger und hat eine bis zu doppelt so lange Laufzeit wie andere batteriebetriebene L\u00f6sungen&lt;Br&gt;  Das intelligente REDLINK PLUS-System\u2122 bietet einen fortschrittlichen digitalen \u00dcberlastungsschutz f\u00fcr Werkzeuge und Akkus und verbessert die Leistung des Werkzeugs unter Last erheblich.&lt;Br&gt;  Die REDLITHIUM-Batterie\u2122 bietet eine \u00fcberlegene Konstruktion des Akkupacks, Elektronik und gleichbleibende Leistung, um mehr Laufzeit und mehr Arbeit \u00fcber die Lebensdauer der Batterie zu liefern&lt;Br&gt;  Gro\u00dfe Schnittkapazit\u00e4t von bis zu 125 x 125 mm&lt;Br&gt;  5 Geschwindigkeiten von 0 &#8211; 116 m\/min&lt;Br&gt;  Schneller und einfacher Klingenwechsel ohne Hilfswerkzeug&lt;Br&gt;  Stabiler Haken zur Aufbewahrung des Werkzeugs&lt;Br&gt;  Motorraum aus Metall f\u00fcr Langlebigkeit und LED-Licht zur Beleuchtung des Schneidbereichs&lt;Br&gt;  Funktioniert mit allen MILWAUKEE\u00ae M18\u2122 Akkus<\/p>\n<p>STRICHCODE: 4002395006038<\/p>\n<p>Technische<br \/>\nDaten Aucun sac ni box fourni<\/p>\n<p>Lieferung ohne Batterien, Lieferung ohne Ladeger\u00e4t, Lieferung ohne Kitbox oder Tasche, 1 Klinge<\/p>\n","protected":false},"excerpt":{"rendered":"<p>Der b\u00fcrstenlose MILWAUKEE\u00ae POWERSTATE-Motor\u2122 h\u00e4lt bis zu 10-mal l\u00e4nger und hat eine bis zu doppelt so lange Laufzeit wie andere<\/p>\n","protected":false},"featured_media":441313,"template":"","meta":{"_seopress_robots_primary_cat":"","_seopress_titles_title":"","_seopress_titles_desc":"","_seopress_robots_index":""},"product_brand":[3656],"product_cat":[1454,169],"product_tag":[3272],"class_list":{"0":"post-463671","1":"product","2":"type-product","3":"status-publish","4":"has-post-thumbnail","6":"product_brand-milwaukee-de","7":"product_cat-andere-gerate","8":"product_cat-maschinen","9":"product_tag-import-milwau-de","10":"sws-gruppo-macchinari-de","11":"sws-conto-ricavi-merci-rivendita-macchinari-de","12":"sws-gruppo-iva-iva81-de","14":"first","15":"instock","16":"sale","17":"purchasable","18":"product-type-simple"},"_links":{"self":[{"href":"https:\/\/lucacastelli.com\/de\/wp-json\/wp\/v2\/product\/463671","targetHints":{"allow":["GET"]}}],"collection":[{"href":"https:\/\/lucacastelli.com\/de\/wp-json\/wp\/v2\/product"}],"about":[{"href":"https:\/\/lucacastelli.com\/de\/wp-json\/wp\/v2\/types\/product"}],"wp:featuredmedia":[{"embeddable":true,"href":"https:\/\/lucacastelli.com\/de\/wp-json\/wp\/v2\/media\/441313"}],"wp:attachment":[{"href":"https:\/\/lucacastelli.com\/de\/wp-json\/wp\/v2\/media?parent=463671"}],"wp:term":[{"taxonomy":"product_brand","embeddable":true,"href":"https:\/\/lucacastelli.com\/de\/wp-json\/wp\/v2\/product_brand?post=463671"},{"taxonomy":"product_cat","embeddable":true,"href":"https:\/\/lucacastelli.com\/de\/wp-json\/wp\/v2\/product_cat?post=463671"},{"taxonomy":"product_tag","embeddable":true,"href":"https:\/\/lucacastelli.com\/de\/wp-json\/wp\/v2\/product_tag?post=463671"}],"curies":[{"name":"wp","href":"https:\/\/api.w.org\/{rel}","templated":true}]}}