{"id":463670,"date":"2025-06-01T06:55:51","date_gmt":"2025-06-01T04:55:51","guid":{"rendered":"https:\/\/lucacastelli.com\/prodotto\/polierer-6\/"},"modified":"2025-06-29T08:02:42","modified_gmt":"2025-06-29T06:02:42","slug":"polierer-6","status":"publish","type":"product","link":"https:\/\/lucacastelli.com\/de\/produkt\/polierer-6\/","title":{"rendered":"MILWAUKEE Poliermaschine"},"content":{"rendered":"<p>Bietet die gleiche Leistung wie Draht-Exzenterschleifer&lt;Br&gt;  8 Geschwindigkeitsstufen (2.400 &#8211; 4.500 U\/min) f\u00fcr maximale Kontrolle und pr\u00e4zise Finishes&lt;Br&gt;  21 mm Orbit f\u00fcr schnelles und effizientes Polieren, ohne Hologramme&lt;Br&gt;  Gro\u00dfer gummierter Griff auf der Vorderseite, f\u00fcr maximalen Komfort, insbesondere bei vertikalem Einsatz&lt;Br&gt;  Die Dauereinsatzfunktion sorgt f\u00fcr maximalen Komfort und reduziert die Erm\u00fcdung bei l\u00e4ngerem Polieren&lt;Br&gt;  Das um 90\u00b0 gedrehte Akkugeh\u00e4use verhindert einen m\u00f6glichen Kontakt zwischen Werkzeug und K\u00f6rper und erm\u00f6glicht die vertikale und horizontale Lagerung des Werkzeugs&lt;Br&gt;  Lock-out-Funktion, um ein versehentliches Starten des Werkzeugs zu verhindern&lt;Br&gt;  Abnehmbarer Staubschutz, um das Eindringen von Schmutz zu verhindern und die Lebensdauer zu verl\u00e4ngern&lt;Br&gt;  Die FUEL-Technologie\u2122 definiert kabellose Elektrowerkzeuge neu. B\u00fcrstenloser Motor, REDLINK PLUS-Elektronik\u2122 und REDLITHIUM-Akku\u2122 bieten \u00fcberlegene&lt;Leistung und Haltbarkeit br&gt; Funktioniert mit allen MILWAUKEE\u00ae M18-Akkus\u2122 <\/p>\n<p>STRICHCODE: 4058546361181<\/p>\n<p>Technische<br \/>\nDaten 3.3 (M18 B5)<\/p>\n<p>Lieferung ohne Batterien, Lieferung ohne Ladeger\u00e4t, HeavyDuty Koffer, Schleifteller 150 mm, Staubschutz<\/p>\n","protected":false},"excerpt":{"rendered":"<p>Bietet die gleiche Leistung wie Draht-Exzenterschleifer&lt;Br&gt; 8 Geschwindigkeitsstufen (2.400 &#8211; 4.500 U\/min) f\u00fcr maximale Kontrolle und pr\u00e4zise Finishes&lt;Br&gt; 21 mm<\/p>\n","protected":false},"featured_media":441243,"template":"","meta":{"_seopress_robots_primary_cat":"","_seopress_titles_title":"","_seopress_titles_desc":"","_seopress_robots_index":""},"product_brand":[3656],"product_cat":[1454,169],"product_tag":[3272],"class_list":{"0":"post-463670","1":"product","2":"type-product","3":"status-publish","4":"has-post-thumbnail","6":"product_brand-milwaukee-de","7":"product_cat-andere-gerate","8":"product_cat-maschinen","9":"product_tag-import-milwau-de","10":"sws-gruppo-macchinari-de","11":"sws-conto-ricavi-merci-rivendita-macchinari-de","12":"sws-gruppo-iva-iva81-de","14":"first","15":"instock","16":"sale","17":"purchasable","18":"product-type-simple"},"_links":{"self":[{"href":"https:\/\/lucacastelli.com\/de\/wp-json\/wp\/v2\/product\/463670","targetHints":{"allow":["GET"]}}],"collection":[{"href":"https:\/\/lucacastelli.com\/de\/wp-json\/wp\/v2\/product"}],"about":[{"href":"https:\/\/lucacastelli.com\/de\/wp-json\/wp\/v2\/types\/product"}],"wp:featuredmedia":[{"embeddable":true,"href":"https:\/\/lucacastelli.com\/de\/wp-json\/wp\/v2\/media\/441243"}],"wp:attachment":[{"href":"https:\/\/lucacastelli.com\/de\/wp-json\/wp\/v2\/media?parent=463670"}],"wp:term":[{"taxonomy":"product_brand","embeddable":true,"href":"https:\/\/lucacastelli.com\/de\/wp-json\/wp\/v2\/product_brand?post=463670"},{"taxonomy":"product_cat","embeddable":true,"href":"https:\/\/lucacastelli.com\/de\/wp-json\/wp\/v2\/product_cat?post=463670"},{"taxonomy":"product_tag","embeddable":true,"href":"https:\/\/lucacastelli.com\/de\/wp-json\/wp\/v2\/product_tag?post=463670"}],"curies":[{"name":"wp","href":"https:\/\/api.w.org\/{rel}","templated":true}]}}