{"id":463667,"date":"2025-06-01T06:51:49","date_gmt":"2025-06-01T04:51:49","guid":{"rendered":"https:\/\/lucacastelli.com\/prodotto\/silikon-pistole\/"},"modified":"2025-06-29T08:03:39","modified_gmt":"2025-06-29T06:03:39","slug":"silikon-pistole","status":"publish","type":"product","link":"https:\/\/lucacastelli.com\/de\/produkt\/silikon-pistole\/","title":{"rendered":"MILWAUKEE Silikonpistole"},"content":{"rendered":"<p>Bis zu 4500 N Leistung. 40 % mehr als beim Vorg\u00e4ngermodell &lt;Br&gt;  REDLINK\u2122 &#8211; \u00dcberlastschutztechnologie sowohl f\u00fcr das Ger\u00e4t als auch f\u00fcr den Akku f\u00fcr maximale Haltbarkeit&lt;Br&gt;  Hervorragende Leistung auch bei niedrigen Temperaturen&lt;Br&gt;  Anti-Tropf-Funktion, um das Versch\u00fctten von Material zu verhindern&lt;Br&gt;  Geschwindigkeitsw\u00e4hler mit 6 Geschwindigkeiten f\u00fcr maximale Kontrolle&lt;Br&gt;  Robuster Kolben, der einen konstanten Schub und einen vollst\u00e4ndigen Auswurf des Materials aus der Kartusche gew\u00e4hrleistet&lt;Br&gt;  \u00dcberwachung der einzelnen Batteriezellen, um einen homogenen Verbrauch des Batteriepacks sowie eine gr\u00f6\u00dfere Autonomie und Haltbarkeit im Laufe der Zeit zu gew\u00e4hrleisten&lt;Br&gt;  Erh\u00e4ltlich mit transparenter Stange (T) oder Aluminiumstange (A)&lt;Br&gt;  LEDs zur Ausleuchtung des Arbeitsbereichs&lt;Br&gt;  Der REDLITHIUM-Akku\u2122 liefert bis zu 2-mal mehr Laufzeit, bis zu 20% mehr Leistung und hat eine l\u00e4ngere Akkulaufzeit&lt;Br&gt;  Funktioniert mit allen Milwaukee\u00ae M18\u2122 Akkus&lt;Br&gt;  Anzeige des Ladezustands des Akkus<\/p>\n<p>STRICHCODE: 4002395001422<\/p>\n<p>Technische<br \/>\nDaten Sac de transport<\/p>\n<p>1 x M18 B2 Akkupack, M12-18C Ladeger\u00e4t, Tasche, Aluminiumleiste<\/p>\n","protected":false},"excerpt":{"rendered":"<p>Bis zu 4500 N Leistung. 40 % mehr als beim Vorg\u00e4ngermodell &lt;Br&gt; REDLINK\u2122 &#8211; \u00dcberlastschutztechnologie sowohl f\u00fcr das Ger\u00e4t als<\/p>\n","protected":false},"featured_media":441172,"template":"","meta":{"_seopress_robots_primary_cat":"","_seopress_titles_title":"","_seopress_titles_desc":"","_seopress_robots_index":""},"product_brand":[3656],"product_cat":[1454,169],"product_tag":[3272],"class_list":{"0":"post-463667","1":"product","2":"type-product","3":"status-publish","4":"has-post-thumbnail","6":"product_brand-milwaukee-de","7":"product_cat-andere-gerate","8":"product_cat-maschinen","9":"product_tag-import-milwau-de","10":"sws-gruppo-macchinari-de","11":"sws-conto-ricavi-merci-rivendita-macchinari-de","12":"sws-gruppo-iva-iva81-de","14":"first","15":"instock","16":"sale","17":"purchasable","18":"product-type-simple"},"_links":{"self":[{"href":"https:\/\/lucacastelli.com\/de\/wp-json\/wp\/v2\/product\/463667","targetHints":{"allow":["GET"]}}],"collection":[{"href":"https:\/\/lucacastelli.com\/de\/wp-json\/wp\/v2\/product"}],"about":[{"href":"https:\/\/lucacastelli.com\/de\/wp-json\/wp\/v2\/types\/product"}],"wp:featuredmedia":[{"embeddable":true,"href":"https:\/\/lucacastelli.com\/de\/wp-json\/wp\/v2\/media\/441172"}],"wp:attachment":[{"href":"https:\/\/lucacastelli.com\/de\/wp-json\/wp\/v2\/media?parent=463667"}],"wp:term":[{"taxonomy":"product_brand","embeddable":true,"href":"https:\/\/lucacastelli.com\/de\/wp-json\/wp\/v2\/product_brand?post=463667"},{"taxonomy":"product_cat","embeddable":true,"href":"https:\/\/lucacastelli.com\/de\/wp-json\/wp\/v2\/product_cat?post=463667"},{"taxonomy":"product_tag","embeddable":true,"href":"https:\/\/lucacastelli.com\/de\/wp-json\/wp\/v2\/product_tag?post=463667"}],"curies":[{"name":"wp","href":"https:\/\/api.w.org\/{rel}","templated":true}]}}