{"id":463663,"date":"2025-06-01T06:53:49","date_gmt":"2025-06-01T04:53:49","guid":{"rendered":"https:\/\/lucacastelli.com\/prodotto\/winkelschleifer-12\/"},"modified":"2025-06-29T08:03:35","modified_gmt":"2025-06-29T06:03:35","slug":"winkelschleifer-12","status":"publish","type":"product","link":"https:\/\/lucacastelli.com\/de\/produkt\/winkelschleifer-12\/","title":{"rendered":"MILWAUKEE Winkelschleifer"},"content":{"rendered":"<p>Winkelschleifer mit einer Leistung von 2.200 W&lt;Br&gt;  Das ONE-KEY\u2122 Tracking &amp; Security-System bietet einen kostenlosen Cloud-basierten Tracking- und Bestandsverwaltungsdienst und verf\u00fcgt gleichzeitig \u00fcber Remote-Blockierungsfunktionen&lt;Br&gt;  RAPIDSTOP-System\u2122, das in der Lage ist, die Scheibe in weniger als 3 Sekunden abzubremsen, f\u00fcr mehr Sicherheit&lt;Br&gt;  Nicht arretierbarer Paddelschalter und Schutz vor versehentlichem Neustart&lt;Br&gt;  AVS schwingungsd\u00e4mpfender Seitengriff&lt;Br&gt;  FIXTEC-Flansch\u2122 f\u00fcr werkzeuglosen Scheibenwechsel&lt;Br&gt;  Schnellwechselschale: maximale Schnittleistung und schnelle Einstellung&lt;Br&gt;  Abnehmbare Staubgitter zum Schutz des Motors vor abrasivem Staub&lt;Br&gt;  HIGH OUTPUT\u2122 System, erh\u00f6ht die Leistung und Autonomie der M18 FUEL-Technologie\u2122&lt;Br&gt;  Funktioniert mit allen MILWAUKEE\u00ae M18\u2122 Akkus<\/p>\n<p>STRICHCODE: 4058546360641<\/p>\n<p>Technische<br \/>\nDaten 18<\/p>\n<p>Lieferung ohne Batterien, Lieferung ohne Ladeger\u00e4t, Transportkoffer, Schnellverschluss-Schleifkappe und Schneideclip, AVS-vibrationsd\u00e4mpfender Seitengriff, Flansch und Gegenflansch, Maulschl\u00fcssel, Staubgitter<\/p>\n","protected":false},"excerpt":{"rendered":"<p>Winkelschleifer mit einer Leistung von 2.200 W&lt;Br&gt; Das ONE-KEY\u2122 Tracking &amp; Security-System bietet einen kostenlosen Cloud-basierten Tracking- und Bestandsverwaltungsdienst und<\/p>\n","protected":false},"featured_media":743746,"template":"","meta":{"_seopress_robots_primary_cat":"","_seopress_titles_title":"","_seopress_titles_desc":"","_seopress_robots_index":""},"product_brand":[3656],"product_cat":[1454,169,1541],"product_tag":[6835],"class_list":{"0":"post-463663","1":"product","2":"type-product","3":"status-publish","4":"has-post-thumbnail","6":"product_brand-milwaukee-de","7":"product_cat-andere-gerate","8":"product_cat-maschinen","9":"product_cat-zerkleinerungsmaschinen","10":"product_tag-imp-26-mw_new","11":"sws-gruppo-macchinari-de","12":"sws-conto-ricavi-merci-rivendita-macchinari-de","13":"sws-gruppo-iva-iva81-de","15":"first","16":"instock","17":"sale","18":"purchasable","19":"product-type-simple"},"_links":{"self":[{"href":"https:\/\/lucacastelli.com\/de\/wp-json\/wp\/v2\/product\/463663","targetHints":{"allow":["GET"]}}],"collection":[{"href":"https:\/\/lucacastelli.com\/de\/wp-json\/wp\/v2\/product"}],"about":[{"href":"https:\/\/lucacastelli.com\/de\/wp-json\/wp\/v2\/types\/product"}],"wp:featuredmedia":[{"embeddable":true,"href":"https:\/\/lucacastelli.com\/de\/wp-json\/wp\/v2\/media\/743746"}],"wp:attachment":[{"href":"https:\/\/lucacastelli.com\/de\/wp-json\/wp\/v2\/media?parent=463663"}],"wp:term":[{"taxonomy":"product_brand","embeddable":true,"href":"https:\/\/lucacastelli.com\/de\/wp-json\/wp\/v2\/product_brand?post=463663"},{"taxonomy":"product_cat","embeddable":true,"href":"https:\/\/lucacastelli.com\/de\/wp-json\/wp\/v2\/product_cat?post=463663"},{"taxonomy":"product_tag","embeddable":true,"href":"https:\/\/lucacastelli.com\/de\/wp-json\/wp\/v2\/product_tag?post=463663"}],"curies":[{"name":"wp","href":"https:\/\/api.w.org\/{rel}","templated":true}]}}