{"id":463655,"date":"2025-06-01T07:05:28","date_gmt":"2025-06-01T05:05:28","guid":{"rendered":"https:\/\/lucacastelli.com\/prodotto\/scheren-2\/"},"modified":"2025-06-29T08:02:12","modified_gmt":"2025-06-29T06:02:12","slug":"scheren-2","status":"publish","type":"product","link":"https:\/\/lucacastelli.com\/de\/produkt\/scheren-2\/","title":{"rendered":"MILWAUKEE-Schere"},"content":{"rendered":"<p>Pr\u00e4zise Schnitte mit einer maximalen Schnitttiefe von 1,2 mm in Stahl&lt;Br&gt;  360\u00b0 Kopfdrehung mit 12 Verriegelungspositionen, um den Zugang auf engstem Raum zu erm\u00f6glichen&lt;Br&gt;  Intelligente REDLINK-Elektronik\u2122 sch\u00fctzt Motor und Akku vor \u00dcberladung&lt;Br&gt;  Individuelle Zell\u00fcberwachung verbessert die Laufzeit und Lebensdauer des Akkupacks&lt;Br&gt;  Inline-Griff f\u00fcr mehr Kontrolle&lt;Br&gt;  Elektronischer Schalter f\u00fcr mehr Kontrolle beim Schneiden&lt;Br&gt;  G\u00fcrtelclip&lt;Br&gt;  Die REDLITHIUM-Batterie\u2122 bietet eine \u00fcberlegene Konstruktion des Akkupacks, Elektronik und gleichbleibende Leistung, um mehr Laufzeit und mehr Arbeit \u00fcber die Lebensdauer der Batterie zu liefern&lt;Br&gt;  Funktioniert mit allen MILWAUKEE\u00ae M18\u2122 18V Plattformbatterien<\/p>\n<p>STRICHCODE: 4002395006731<\/p>\n<p>Technische<br \/>\nDaten 180<\/p>\n<p>Lieferung ohne Batterien, Lieferung ohne Ladeger\u00e4t, Lieferung ohne Kitbox oder Tasche<\/p>\n","protected":false},"excerpt":{"rendered":"<p>Pr\u00e4zise Schnitte mit einer maximalen Schnitttiefe von 1,2 mm in Stahl&lt;Br&gt; 360\u00b0 Kopfdrehung mit 12 Verriegelungspositionen, um den Zugang auf<\/p>\n","protected":false},"featured_media":441400,"template":"","meta":{"_seopress_robots_primary_cat":"","_seopress_titles_title":"","_seopress_titles_desc":"","_seopress_robots_index":""},"product_brand":[3656],"product_cat":[1454,169],"product_tag":[3272],"class_list":{"0":"post-463655","1":"product","2":"type-product","3":"status-publish","4":"has-post-thumbnail","6":"product_brand-milwaukee-de","7":"product_cat-andere-gerate","8":"product_cat-maschinen","9":"product_tag-import-milwau-de","10":"sws-gruppo-macchinari-de","11":"sws-conto-ricavi-merci-rivendita-macchinari-de","12":"sws-gruppo-iva-iva81-de","14":"first","15":"instock","16":"sale","17":"purchasable","18":"product-type-simple"},"_links":{"self":[{"href":"https:\/\/lucacastelli.com\/de\/wp-json\/wp\/v2\/product\/463655","targetHints":{"allow":["GET"]}}],"collection":[{"href":"https:\/\/lucacastelli.com\/de\/wp-json\/wp\/v2\/product"}],"about":[{"href":"https:\/\/lucacastelli.com\/de\/wp-json\/wp\/v2\/types\/product"}],"wp:featuredmedia":[{"embeddable":true,"href":"https:\/\/lucacastelli.com\/de\/wp-json\/wp\/v2\/media\/441400"}],"wp:attachment":[{"href":"https:\/\/lucacastelli.com\/de\/wp-json\/wp\/v2\/media?parent=463655"}],"wp:term":[{"taxonomy":"product_brand","embeddable":true,"href":"https:\/\/lucacastelli.com\/de\/wp-json\/wp\/v2\/product_brand?post=463655"},{"taxonomy":"product_cat","embeddable":true,"href":"https:\/\/lucacastelli.com\/de\/wp-json\/wp\/v2\/product_cat?post=463655"},{"taxonomy":"product_tag","embeddable":true,"href":"https:\/\/lucacastelli.com\/de\/wp-json\/wp\/v2\/product_tag?post=463655"}],"curies":[{"name":"wp","href":"https:\/\/api.w.org\/{rel}","templated":true}]}}