{"id":463652,"date":"2025-06-01T07:00:49","date_gmt":"2025-06-01T05:00:49","guid":{"rendered":"https:\/\/lucacastelli.com\/prodotto\/geradschleifer-5\/"},"modified":"2025-06-29T08:02:50","modified_gmt":"2025-06-29T06:02:50","slug":"geradschleifer-5","status":"publish","type":"product","link":"https:\/\/lucacastelli.com\/de\/produkt\/geradschleifer-5\/","title":{"rendered":"MILWAUKEE Geradschleifer"},"content":{"rendered":"<p>Maximale Kontrolle bei jeder Anwendung &#8211; 5 Geschwindigkeiten verf\u00fcgbar, ideal f\u00fcr die Bearbeitung, das Schleifen von Edelstahl und Zubeh\u00f6r bis 75 mm&lt;Br&gt;  Leistung \u00e4hnlich wie bei einer 1200W M\u00fchle&lt;Br&gt;  Das ONE-KEY\u2122 Tracking &amp; Security-System bietet einen kostenlosen Cloud-basierten Tracking- und Bestandsverwaltungsdienst und verf\u00fcgt gleichzeitig \u00fcber Remote-Blockierungsfunktionen&lt;Br&gt;  Dank des verriegelten Stifts muss ich nicht zwei Schraubenschl\u00fcssel verwenden&lt;Br&gt;  Mit dem RAPIDSTOP-System\u2122 k\u00f6nnen Sie alle Zubeh\u00f6rteile in weniger als 2 Sekunden verriegeln&lt;Br&gt;  Geeignet ist 6 und 8 mm Zubeh\u00f6r&lt;Br&gt;  Das Startpaddel ist nicht arretierbar und das Werkzeug stoppt sofort, wenn es herunterf\u00e4llt. Es verhindert auch ein versehentliches Starten &lt;Br&gt;  2 LEDs leuchten den Arbeitsbereich aus&lt;Br&gt;  Schlanker Griff&lt;Br&gt; Schutzschild gegen Staub und Schmutz. Die&lt;&gt; Vorderseite besteht aus komfortablem und praktischem Gummi&lt;Die br&gt; FUEL-Technologie\u2122 definiert kabellose Elektrowerkzeuge neu.  B\u00fcrstenloser Motor, REDLINK PLUS-Elektronik\u2122 und REDLITHIUM-Akku\u2122 bieten \u00fcberlegene&lt;Leistung und Haltbarkeit br&gt; Funktioniert mit allen MILWAUKEE\u00ae M18-Akkus\u2122<\/p>\n<p>STRICHCODE: 4058546412425<\/p>\n<p>Technische<br \/>\nDaten 2.1 (M18 B5)<\/p>\n<p>Lieferung ohne Batterien, Lieferung ohne Ladeger\u00e4t, HeavyDuty Koffer, 6mm Kragen, 8mm Kragen, Schraubenschl\u00fcssel, Staubschutz<\/p>\n","protected":false},"excerpt":{"rendered":"<p>Maximale Kontrolle bei jeder Anwendung &#8211; 5 Geschwindigkeiten verf\u00fcgbar, ideal f\u00fcr die Bearbeitung, das Schleifen von Edelstahl und Zubeh\u00f6r bis<\/p>\n","protected":false},"featured_media":441326,"template":"","meta":{"_seopress_robots_primary_cat":"","_seopress_titles_title":"","_seopress_titles_desc":"","_seopress_robots_index":""},"product_brand":[3656],"product_cat":[1454,169],"product_tag":[3272],"class_list":{"0":"post-463652","1":"product","2":"type-product","3":"status-publish","4":"has-post-thumbnail","6":"product_brand-milwaukee-de","7":"product_cat-andere-gerate","8":"product_cat-maschinen","9":"product_tag-import-milwau-de","10":"sws-gruppo-macchinari-de","11":"sws-conto-ricavi-merci-rivendita-macchinari-de","12":"sws-gruppo-iva-iva81-de","14":"first","15":"instock","16":"sale","17":"purchasable","18":"product-type-simple"},"_links":{"self":[{"href":"https:\/\/lucacastelli.com\/de\/wp-json\/wp\/v2\/product\/463652","targetHints":{"allow":["GET"]}}],"collection":[{"href":"https:\/\/lucacastelli.com\/de\/wp-json\/wp\/v2\/product"}],"about":[{"href":"https:\/\/lucacastelli.com\/de\/wp-json\/wp\/v2\/types\/product"}],"wp:featuredmedia":[{"embeddable":true,"href":"https:\/\/lucacastelli.com\/de\/wp-json\/wp\/v2\/media\/441326"}],"wp:attachment":[{"href":"https:\/\/lucacastelli.com\/de\/wp-json\/wp\/v2\/media?parent=463652"}],"wp:term":[{"taxonomy":"product_brand","embeddable":true,"href":"https:\/\/lucacastelli.com\/de\/wp-json\/wp\/v2\/product_brand?post=463652"},{"taxonomy":"product_cat","embeddable":true,"href":"https:\/\/lucacastelli.com\/de\/wp-json\/wp\/v2\/product_cat?post=463652"},{"taxonomy":"product_tag","embeddable":true,"href":"https:\/\/lucacastelli.com\/de\/wp-json\/wp\/v2\/product_tag?post=463652"}],"curies":[{"name":"wp","href":"https:\/\/api.w.org\/{rel}","templated":true}]}}