{"id":463649,"date":"2025-06-01T07:08:10","date_gmt":"2025-06-01T05:08:10","guid":{"rendered":"https:\/\/lucacastelli.com\/prodotto\/radial-trennmaschine\/"},"modified":"2026-04-17T10:57:35","modified_gmt":"2026-04-17T08:57:35","slug":"radial-trennmaschine","status":"publish","type":"product","link":"https:\/\/lucacastelli.com\/de\/produkt\/radial-trennmaschine\/","title":{"rendered":"MILWAUKEE Kapp- und Gehrungss\u00e4ge"},"content":{"rendered":"<p>Bietet die Schnittleistung einer kabelgebundenen 305 mm S\u00e4ge und schneidet bis zu 500 Kiefernholzbretter von 78 mm pro Ladung (12,0 Ah)&lt;br&gt; HIGH OUTPUT\u2122 System steigert Leistung und Laufzeit der M18 FUEL\u2122 Technologie&lt;br&gt; Kompatibel mit allen Milwaukee Kapp- und Gehrungss\u00e4gen-Untergestellen (MSL 1000, MSL 2000, MSL 3000)&lt;br&gt; Erm\u00f6glicht wiederholte Schnitte bei gleicher Tiefe&lt;br&gt; Das ONE-KEY\u2122 Tracking &amp; Security System bietet einen kostenlosen cloudbasierten Bestandsverwaltungs- und Ortungsservice sowie eine Fernsperrfunktion&lt;br&gt; Seitliche Auflagefl\u00e4chen f\u00fcr Stabilit\u00e4t und Schnittgenauigkeit&lt;br&gt; Stahlplatte mit Gradanzeige f\u00fcr Neigungswinkel&lt;br&gt; Integrierte LED-Leuchte zur Beleuchtung des Arbeitsbereichs&lt;br&gt; Funktioniert mit allen M18\u2122 MILWAUKEE\u00ae Akkus<\/p>\n<p>BARCODE: 4058546288334<\/p>\n<p>Technische Daten<br \/>\n235 x 97<\/p>\n<p>Lieferung ohne Akkus, ohne Ladeger\u00e4t, ohne Transportkoffer oder Tasche, S\u00e4geblatt, Spannzange, Schraubenschl\u00fcssel, Seitengriffe und Staubbeutel<\/p>\n","protected":false},"excerpt":{"rendered":"<p>Bietet die Schnittleistung einer kabelgebundenen 305 mm S\u00e4ge und schneidet bis zu 500 Kiefernholzbretter von 78 mm pro Ladung (12,0<\/p>\n","protected":false},"featured_media":441454,"template":"","meta":{"_seopress_robots_primary_cat":"","_seopress_titles_title":"","_seopress_titles_desc":"","_seopress_robots_index":""},"product_brand":[3407],"product_cat":[29,514],"product_tag":[3270],"class_list":{"0":"post-463649","1":"product","2":"type-product","3":"status-publish","4":"has-post-thumbnail","6":"product_brand-milwaukee","7":"product_cat-macchinari","8":"product_cat-altri-dispositivi","9":"product_tag-import-milwau","10":"sws-gruppo-macchinari-de","11":"sws-conto-ricavi-merci-rivendita-macchinari-de","12":"sws-gruppo-iva-iva81-de","14":"first","15":"instock","16":"sale","17":"purchasable","18":"product-type-simple"},"_links":{"self":[{"href":"https:\/\/lucacastelli.com\/de\/wp-json\/wp\/v2\/product\/463649","targetHints":{"allow":["GET"]}}],"collection":[{"href":"https:\/\/lucacastelli.com\/de\/wp-json\/wp\/v2\/product"}],"about":[{"href":"https:\/\/lucacastelli.com\/de\/wp-json\/wp\/v2\/types\/product"}],"wp:featuredmedia":[{"embeddable":true,"href":"https:\/\/lucacastelli.com\/de\/wp-json\/wp\/v2\/media\/441454"}],"wp:attachment":[{"href":"https:\/\/lucacastelli.com\/de\/wp-json\/wp\/v2\/media?parent=463649"}],"wp:term":[{"taxonomy":"product_brand","embeddable":true,"href":"https:\/\/lucacastelli.com\/de\/wp-json\/wp\/v2\/product_brand?post=463649"},{"taxonomy":"product_cat","embeddable":true,"href":"https:\/\/lucacastelli.com\/de\/wp-json\/wp\/v2\/product_cat?post=463649"},{"taxonomy":"product_tag","embeddable":true,"href":"https:\/\/lucacastelli.com\/de\/wp-json\/wp\/v2\/product_tag?post=463649"}],"curies":[{"name":"wp","href":"https:\/\/api.w.org\/{rel}","templated":true}]}}