{"id":463646,"date":"2025-06-01T07:09:55","date_gmt":"2025-06-01T05:09:55","guid":{"rendered":"https:\/\/lucacastelli.com\/prodotto\/tischkreissaege\/"},"modified":"2026-04-17T10:55:52","modified_gmt":"2026-04-17T08:55:52","slug":"tischkreissaege","status":"publish","type":"product","link":"https:\/\/lucacastelli.com\/de\/produkt\/tischkreissaege\/","title":{"rendered":"Milwaukee S\u00e4gebank"},"content":{"rendered":"<p>Die M18 FUEL\u2122 ONE-KEY\u2122 Tischkreiss\u00e4ge liefert die n\u00f6tige Leistung, um mit der gleichen Geschwindigkeit wie ein vergleichbares kabelgebundenes Modell zu schneiden. Mit einer Akkuladung (18V 12,0 Ah) k\u00f6nnen bis zu 190 m OSB-Platten mit einer St\u00e4rke von 19 mm geschnitten werden &lt;br&gt; HIGH OUTPUT\u2122 System steigert Leistung und Laufzeit der M18 FUEL\u2122 Technologie&lt;br&gt; Zahnstangen-Parallelanschlag f\u00fcr schnelle und pr\u00e4zise Einstellung mit einer maximalen Schnittkapazit\u00e4t von 622 mm&lt;br&gt; Das 210 mm S\u00e4geblatt erm\u00f6glicht eine Schnitttiefe von 63 mm bei 90 Grad&lt;br&gt; Das ONE-KEY\u2122 Tracking &amp; Security System bietet einen kostenlosen cloudbasierten Bestandsverwaltungs- und Ortungsservice sowie eine Fernsperrfunktion&lt;br&gt; Schutzhaube und Spaltkeil sind werkzeuglos verstellbar&lt;br&gt; Integrierter Tragegriff&lt;br&gt; S\u00e4mtliches Zubeh\u00f6r kann direkt am Ger\u00e4t verstaut und bequem mitgef\u00fchrt werden&lt;br&gt; Passend f\u00fcr alle MILWAUKEE\u00ae Absaugger\u00e4te&lt;br&gt; Funktioniert mit allen M18\u2122 MILWAUKEE\u00ae Akkus<\/p>\n<p>BARCODE: 4058546226671<\/p>\n<p>Technische Daten<br \/>\n18<\/p>\n<p>Lieferung ohne Akkus, ohne Ladeger\u00e4t, ohne Kitbox oder Tasche<\/p>\n","protected":false},"excerpt":{"rendered":"<p>Die M18 FUEL\u2122 ONE-KEY\u2122 Tischkreiss\u00e4ge liefert die n\u00f6tige Leistung, um mit der gleichen Geschwindigkeit wie ein vergleichbares kabelgebundenes Modell zu<\/p>\n","protected":false},"featured_media":441487,"template":"","meta":{"_seopress_robots_primary_cat":"","_seopress_titles_title":"","_seopress_titles_desc":"","_seopress_robots_index":""},"product_brand":[3407],"product_cat":[29,514],"product_tag":[3270],"class_list":{"0":"post-463646","1":"product","2":"type-product","3":"status-publish","4":"has-post-thumbnail","6":"product_brand-milwaukee","7":"product_cat-macchinari","8":"product_cat-altri-dispositivi","9":"product_tag-import-milwau","10":"sws-gruppo-macchinari-de","11":"sws-conto-ricavi-merci-rivendita-macchinari-de","12":"sws-gruppo-iva-iva81-de","14":"first","15":"instock","16":"sale","17":"purchasable","18":"product-type-simple"},"_links":{"self":[{"href":"https:\/\/lucacastelli.com\/de\/wp-json\/wp\/v2\/product\/463646","targetHints":{"allow":["GET"]}}],"collection":[{"href":"https:\/\/lucacastelli.com\/de\/wp-json\/wp\/v2\/product"}],"about":[{"href":"https:\/\/lucacastelli.com\/de\/wp-json\/wp\/v2\/types\/product"}],"wp:featuredmedia":[{"embeddable":true,"href":"https:\/\/lucacastelli.com\/de\/wp-json\/wp\/v2\/media\/441487"}],"wp:attachment":[{"href":"https:\/\/lucacastelli.com\/de\/wp-json\/wp\/v2\/media?parent=463646"}],"wp:term":[{"taxonomy":"product_brand","embeddable":true,"href":"https:\/\/lucacastelli.com\/de\/wp-json\/wp\/v2\/product_brand?post=463646"},{"taxonomy":"product_cat","embeddable":true,"href":"https:\/\/lucacastelli.com\/de\/wp-json\/wp\/v2\/product_cat?post=463646"},{"taxonomy":"product_tag","embeddable":true,"href":"https:\/\/lucacastelli.com\/de\/wp-json\/wp\/v2\/product_tag?post=463646"}],"curies":[{"name":"wp","href":"https:\/\/api.w.org\/{rel}","templated":true}]}}