{"id":463643,"date":"2025-06-01T07:06:24","date_gmt":"2025-06-01T05:06:24","guid":{"rendered":"https:\/\/lucacastelli.com\/prodotto\/heat-geblaese\/"},"modified":"2025-06-29T08:02:18","modified_gmt":"2025-06-29T06:02:18","slug":"heat-geblaese","status":"publish","type":"product","link":"https:\/\/lucacastelli.com\/de\/produkt\/heat-geblaese\/","title":{"rendered":"MILWAUKEE Heat Gunner"},"content":{"rendered":"<p>Durch die Hochleistungs-Heizspirale erreicht das Werkzeug 470 \u00b0C&lt;Br&gt;  Erreicht die Betriebstemperatur in nur 6 Sekunden&lt;Br&gt;  Die REDLINK-Technologie\u2122 sch\u00fctzt vor \u00dcberladung und erh\u00f6ht die Akkulaufzeit&lt;Br&gt;  Individuelle \u00dcberwachung der Akkuzellen optimiert Werkzeugstandzeit und Lebensdauer&lt;Br&gt;  LEDs zur Ausleuchtung des Arbeitsbereichs&lt;Br&gt;  Die REDLITHIUM-Batterie\u2122 bietet eine \u00fcberlegene Konstruktion des Akkupacks, Elektronik und gleichbleibende Leistung, um mehr Laufzeit und mehr Arbeit \u00fcber die Lebensdauer der Batterie zu liefern&lt;Br&gt;  Funktioniert mit allen MILWAUKEE\u00ae M18\u2122 Akkus<\/p>\n<p>STRICHCODE: 4058546029432<\/p>\n<p>Technische<br \/>\nDaten Aucun sac ni box fourni<\/p>\n<p>Lieferung ohne Batterien, Lieferung ohne Ladeger\u00e4t, Lieferung ohne Kitbox oder Tasche<\/p>\n","protected":false},"excerpt":{"rendered":"<p>Durch die Hochleistungs-Heizspirale erreicht das Werkzeug 470 \u00b0C&lt;Br&gt; Erreicht die Betriebstemperatur in nur 6 Sekunden&lt;Br&gt; Die REDLINK-Technologie\u2122 sch\u00fctzt vor \u00dcberladung<\/p>\n","protected":false},"featured_media":441417,"template":"","meta":{"_seopress_robots_primary_cat":"","_seopress_titles_title":"","_seopress_titles_desc":"","_seopress_robots_index":""},"product_brand":[3407],"product_cat":[29,514],"product_tag":[3270],"class_list":{"0":"post-463643","1":"product","2":"type-product","3":"status-publish","4":"has-post-thumbnail","6":"product_brand-milwaukee","7":"product_cat-macchinari","8":"product_cat-altri-dispositivi","9":"product_tag-import-milwau","10":"sws-gruppo-macchinari-de","11":"sws-conto-ricavi-merci-rivendita-macchinari-de","12":"sws-gruppo-iva-iva81-de","14":"first","15":"instock","16":"sale","17":"purchasable","18":"product-type-simple"},"_links":{"self":[{"href":"https:\/\/lucacastelli.com\/de\/wp-json\/wp\/v2\/product\/463643","targetHints":{"allow":["GET"]}}],"collection":[{"href":"https:\/\/lucacastelli.com\/de\/wp-json\/wp\/v2\/product"}],"about":[{"href":"https:\/\/lucacastelli.com\/de\/wp-json\/wp\/v2\/types\/product"}],"wp:featuredmedia":[{"embeddable":true,"href":"https:\/\/lucacastelli.com\/de\/wp-json\/wp\/v2\/media\/441417"}],"wp:attachment":[{"href":"https:\/\/lucacastelli.com\/de\/wp-json\/wp\/v2\/media?parent=463643"}],"wp:term":[{"taxonomy":"product_brand","embeddable":true,"href":"https:\/\/lucacastelli.com\/de\/wp-json\/wp\/v2\/product_brand?post=463643"},{"taxonomy":"product_cat","embeddable":true,"href":"https:\/\/lucacastelli.com\/de\/wp-json\/wp\/v2\/product_cat?post=463643"},{"taxonomy":"product_tag","embeddable":true,"href":"https:\/\/lucacastelli.com\/de\/wp-json\/wp\/v2\/product_tag?post=463643"}],"curies":[{"name":"wp","href":"https:\/\/api.w.org\/{rel}","templated":true}]}}