{"id":463640,"date":"2025-06-01T07:12:49","date_gmt":"2025-06-01T05:12:49","guid":{"rendered":"https:\/\/lucacastelli.com\/prodotto\/kreissaege-6\/"},"modified":"2026-04-17T10:50:05","modified_gmt":"2026-04-17T08:50:05","slug":"kreissaege-6","status":"publish","type":"product","link":"https:\/\/lucacastelli.com\/de\/produkt\/kreissaege-6\/","title":{"rendered":"MILWAUKEE Kreiss\u00e4ge"},"content":{"rendered":"<p>Kreiss\u00e4ge 190 mm S\u00e4geblatt f\u00fcr Holz M18 FUEL\u2122 kompatibel mit Parallelanschlag und ONE-KEY\u2122 System<\/p>\n<p>1 x M18 FB12 Akku, M12-18 FC Ladeger\u00e4t, Transportkoffer, Parallelanschlag, Kreiss\u00e4geblatt 190 x 30 x 1,8 mm, 24 Z\u00e4hne<br \/>\n4058546528638<\/p>\n","protected":false},"excerpt":{"rendered":"<p>Kreiss\u00e4ge 190 mm S\u00e4geblatt f\u00fcr Holz M18 FUEL\u2122 kompatibel mit Parallelanschlag und ONE-KEY\u2122 System 1 x M18 FB12 Akku, M12-18<\/p>\n","protected":false},"featured_media":743749,"template":"","meta":{"_seopress_robots_primary_cat":"","_seopress_titles_title":"","_seopress_titles_desc":"","_seopress_robots_index":""},"product_brand":[3407],"product_cat":[29,514],"product_tag":[6832],"class_list":{"0":"post-463640","1":"product","2":"type-product","3":"status-publish","4":"has-post-thumbnail","6":"product_brand-milwaukee","7":"product_cat-macchinari","8":"product_cat-altri-dispositivi","9":"product_tag-imp-26-mw_new","10":"sws-gruppo-macchinari-de","11":"sws-conto-ricavi-merci-rivendita-macchinari-de","12":"sws-gruppo-iva-iva81-de","14":"first","15":"instock","16":"sale","17":"purchasable","18":"product-type-simple"},"_links":{"self":[{"href":"https:\/\/lucacastelli.com\/de\/wp-json\/wp\/v2\/product\/463640","targetHints":{"allow":["GET"]}}],"collection":[{"href":"https:\/\/lucacastelli.com\/de\/wp-json\/wp\/v2\/product"}],"about":[{"href":"https:\/\/lucacastelli.com\/de\/wp-json\/wp\/v2\/types\/product"}],"wp:featuredmedia":[{"embeddable":true,"href":"https:\/\/lucacastelli.com\/de\/wp-json\/wp\/v2\/media\/743749"}],"wp:attachment":[{"href":"https:\/\/lucacastelli.com\/de\/wp-json\/wp\/v2\/media?parent=463640"}],"wp:term":[{"taxonomy":"product_brand","embeddable":true,"href":"https:\/\/lucacastelli.com\/de\/wp-json\/wp\/v2\/product_brand?post=463640"},{"taxonomy":"product_cat","embeddable":true,"href":"https:\/\/lucacastelli.com\/de\/wp-json\/wp\/v2\/product_cat?post=463640"},{"taxonomy":"product_tag","embeddable":true,"href":"https:\/\/lucacastelli.com\/de\/wp-json\/wp\/v2\/product_tag?post=463640"}],"curies":[{"name":"wp","href":"https:\/\/api.w.org\/{rel}","templated":true}]}}