{"id":463637,"date":"2025-06-01T07:41:57","date_gmt":"2025-06-01T05:41:57","guid":{"rendered":"https:\/\/lucacastelli.com\/prodotto\/tauchsaege\/"},"modified":"2025-06-29T08:01:57","modified_gmt":"2025-06-29T06:01:57","slug":"tauchsaege","status":"publish","type":"product","link":"https:\/\/lucacastelli.com\/de\/produkt\/tauchsaege\/","title":{"rendered":"MILWAUKEE Tauchs\u00e4ge"},"content":{"rendered":"<p>Die Tauchs\u00e4ge M18 FUEL\u2122 garantiert die gleiche Leistung wie ein kabelgebundenes Modell. Die S\u00e4ge schneidet 45 m Sperrholz, 18 mm dick mit einem 5,5 Ah Akku br&gt; Die Schnitttiefe kann auf zwei Skalen &lt;eingestellt werden, die erste ist f\u00fcr die Verwendung mit der F\u00fchrung, die zweite ohne. Die beiden Skalen k\u00f6nnen per Knopfdruck&lt;ausgew\u00e4hlt werden br&gt; Das flache Profil erm\u00f6glicht es Ihnen, nur 12 mm von der Wand&lt;entfernt zu schneiden br&gt; Diese S\u00e4ge wurde entwickelt, um Sp\u00e4ne effektiv zu sammeln. Es ist mit dem DEK26-System kompatibel und enth\u00e4lt eine Tasche zum Sammeln der Sp\u00e4ne&lt;br&gt; M\u00f6glichkeit, den Schnitt um 1 mm zur\u00fcckzuziehen, um die Bildung von Splittern auf den br-Laminaten&gt;&lt; zu minimieren Der Mechanismus kann bei 22,5\u00b0, 45\u00b0 und 48\u00b0 arretiert werden. M\u00f6glichkeit, es in Position -1 zu bringen, indem Sie den zur\u00fcckgeschnittenen S\u00e4ger&lt;verschieben Die&gt; S\u00e4ge ist mit einem Bullauge an der Seite ausgestattet, das es Ihnen erm\u00f6glicht, die Vorderseite der Klinge beim Schneiden des Materials&lt;zu beobachten br&gt; Die Klinge kann leicht gewechselt werden. W\u00e4hrend des Betriebs wird der Netzschalter automatisch gesperrt     &lt;Br&gt;  Das einziehbare F\u00fchrungsblatt bleibt auch bei tiefen Schnitten an Ort und Stelle&lt;Br&gt;  Variable Drehzahl von 2500 bis 5600 U\/min&lt;Br&gt;  Der b\u00fcrstenlose POWERSTATE-Motor\u2122 sorgt f\u00fcr Leistung auch unter Stress, die REDLINK PLUS-Elektronik\u2122 bietet einen besseren \u00dcberlastschutz f\u00fcr Werkzeug und Akku und sorgt so f\u00fcr eine l\u00e4ngere Lebensdauer in Hochleistungsanwendungen, w\u00e4hrend der REDLITHIUM-Akku\u2122 f\u00fcr eine fortschrittliche Akkukonstruktion und eine gleichbleibende Leistung sorgt, um eine l\u00e4ngere Laufzeit zu bieten und die Akkulaufzeit zu maximieren&lt;Br&gt;  Funktioniert mit allen Batterien der M18-Plattform\u2122<\/p>\n<p>STRICHCODE: 4058546360603<\/p>\n<p>Technische<br \/>\nDaten 165<\/p>\n<p>2 x M18 HB5.5 Akkupack, M12-18 FC Ladeger\u00e4t, PACKOUT\u2122 Werkzeugkoffer XL<\/p>\n","protected":false},"excerpt":{"rendered":"<p>Die Tauchs\u00e4ge M18 FUEL\u2122 garantiert die gleiche Leistung wie ein kabelgebundenes Modell. Die S\u00e4ge schneidet 45 m Sperrholz, 18 mm<\/p>\n","protected":false},"featured_media":441586,"template":"","meta":{"_seopress_robots_primary_cat":"","_seopress_titles_title":"","_seopress_titles_desc":"","_seopress_robots_index":""},"product_brand":[3656],"product_cat":[1454,169],"product_tag":[3272],"class_list":{"0":"post-463637","1":"product","2":"type-product","3":"status-publish","4":"has-post-thumbnail","6":"product_brand-milwaukee-de","7":"product_cat-andere-gerate","8":"product_cat-maschinen","9":"product_tag-import-milwau-de","10":"sws-gruppo-macchinari-de","11":"sws-conto-ricavi-merci-rivendita-macchinari-de","12":"sws-gruppo-iva-iva81-de","14":"first","15":"instock","16":"sale","17":"purchasable","18":"product-type-simple"},"_links":{"self":[{"href":"https:\/\/lucacastelli.com\/de\/wp-json\/wp\/v2\/product\/463637","targetHints":{"allow":["GET"]}}],"collection":[{"href":"https:\/\/lucacastelli.com\/de\/wp-json\/wp\/v2\/product"}],"about":[{"href":"https:\/\/lucacastelli.com\/de\/wp-json\/wp\/v2\/types\/product"}],"wp:featuredmedia":[{"embeddable":true,"href":"https:\/\/lucacastelli.com\/de\/wp-json\/wp\/v2\/media\/441586"}],"wp:attachment":[{"href":"https:\/\/lucacastelli.com\/de\/wp-json\/wp\/v2\/media?parent=463637"}],"wp:term":[{"taxonomy":"product_brand","embeddable":true,"href":"https:\/\/lucacastelli.com\/de\/wp-json\/wp\/v2\/product_brand?post=463637"},{"taxonomy":"product_cat","embeddable":true,"href":"https:\/\/lucacastelli.com\/de\/wp-json\/wp\/v2\/product_cat?post=463637"},{"taxonomy":"product_tag","embeddable":true,"href":"https:\/\/lucacastelli.com\/de\/wp-json\/wp\/v2\/product_tag?post=463637"}],"curies":[{"name":"wp","href":"https:\/\/api.w.org\/{rel}","templated":true}]}}