{"id":463634,"date":"2025-06-01T07:11:39","date_gmt":"2025-06-01T05:11:39","guid":{"rendered":"https:\/\/lucacastelli.com\/prodotto\/saegetischhalter-fuer\/"},"modified":"2025-06-29T08:01:51","modified_gmt":"2025-06-29T06:01:51","slug":"saegetischhalter-fuer","status":"publish","type":"product","link":"https:\/\/lucacastelli.com\/de\/produkt\/saegetischhalter-fuer\/","title":{"rendered":"MILWAUKEE S\u00e4ge Tischhalter f\u00fcr"},"content":{"rendered":"<p>Geringes Gewicht von nur 6,6 kg &#8211; einfach zur Baustelle mitzunehmen&lt;Br&gt;  Kann bis zu 82 kg heben&lt;Br&gt;  Schnellspannhalterung, um den S\u00e4getisch sicher an Ort und Stelle zu halten&lt;Br&gt;  M\u00f6glichkeit, ein Bein so einzustellen, dass es auch auf unebenem Gel\u00e4nde optimal passt&lt;Br&gt;  Komfortable Arbeitsh\u00f6he von 559 mm&lt;Br&gt;  Geeignet f\u00fcr die Verwendung mit M18 FTS210 FUEL\u2122 EIN-SCHL\u00dcSSEL-TISCHKREISS\u00c4GE\u2122<\/p>\n<p>STRICHCODE: 4058546221720<\/p>\n<p>Technische<br \/>\nDaten 6.6<\/p>\n","protected":false},"excerpt":{"rendered":"<p>Geringes Gewicht von nur 6,6 kg &#8211; einfach zur Baustelle mitzunehmen&lt;Br&gt; Kann bis zu 82 kg heben&lt;Br&gt; Schnellspannhalterung, um den<\/p>\n","protected":false},"featured_media":441524,"template":"","meta":{"_seopress_robots_primary_cat":"","_seopress_titles_title":"","_seopress_titles_desc":"","_seopress_robots_index":""},"product_brand":[3656],"product_cat":[1454,169],"product_tag":[3272],"class_list":{"0":"post-463634","1":"product","2":"type-product","3":"status-publish","4":"has-post-thumbnail","6":"product_brand-milwaukee-de","7":"product_cat-andere-gerate","8":"product_cat-maschinen","9":"product_tag-import-milwau-de","10":"sws-gruppo-macchinari-de","11":"sws-conto-ricavi-merci-rivendita-macchinari-de","12":"sws-gruppo-iva-iva81-de","14":"first","15":"instock","16":"sale","17":"purchasable","18":"product-type-simple"},"_links":{"self":[{"href":"https:\/\/lucacastelli.com\/de\/wp-json\/wp\/v2\/product\/463634","targetHints":{"allow":["GET"]}}],"collection":[{"href":"https:\/\/lucacastelli.com\/de\/wp-json\/wp\/v2\/product"}],"about":[{"href":"https:\/\/lucacastelli.com\/de\/wp-json\/wp\/v2\/types\/product"}],"wp:featuredmedia":[{"embeddable":true,"href":"https:\/\/lucacastelli.com\/de\/wp-json\/wp\/v2\/media\/441524"}],"wp:attachment":[{"href":"https:\/\/lucacastelli.com\/de\/wp-json\/wp\/v2\/media?parent=463634"}],"wp:term":[{"taxonomy":"product_brand","embeddable":true,"href":"https:\/\/lucacastelli.com\/de\/wp-json\/wp\/v2\/product_brand?post=463634"},{"taxonomy":"product_cat","embeddable":true,"href":"https:\/\/lucacastelli.com\/de\/wp-json\/wp\/v2\/product_cat?post=463634"},{"taxonomy":"product_tag","embeddable":true,"href":"https:\/\/lucacastelli.com\/de\/wp-json\/wp\/v2\/product_tag?post=463634"}],"curies":[{"name":"wp","href":"https:\/\/api.w.org\/{rel}","templated":true}]}}