{"id":463628,"date":"2025-06-01T07:49:17","date_gmt":"2025-06-01T05:49:17","guid":{"rendered":"https:\/\/lucacastelli.com\/prodotto\/fraesmaschine-mit-greifern\/"},"modified":"2025-06-29T08:00:52","modified_gmt":"2025-06-29T06:00:52","slug":"fraesmaschine-mit-greifern","status":"publish","type":"product","link":"https:\/\/lucacastelli.com\/de\/produkt\/fraesmaschine-mit-greifern\/","title":{"rendered":"MILWAUKEE Fr\u00e4smaschine mit Zange"},"content":{"rendered":"<p>Der b\u00fcrstenlose POWERSTATE-Motor\u2122 bietet eine draht\u00e4hnliche Leistung von bis zu 31.000 U\/min&lt;Br&gt;  Mit dem System mit variabler Drehzahl k\u00f6nnen Sie die Drehzahl zwischen 10.000 und 31.000 U\/min einstellen&lt;Br&gt;  Bis zu 150 m M\u00e4hzeit mit einer Akkuladung (5,0 Ah)&lt;Br&gt;  0,4 mm Mikro-Einstellsystem&lt;Br&gt;  Innovatives Zehenschnellbremssystem&lt;Br&gt;  Eintauchbare Basis mit 3 Anschlagstiften&lt;Br&gt;  Doppeltes LED-Licht, um die Schnittlinie bestm\u00f6glich auszuleuchten&lt;Br&gt;  Kompatibel mit dem DEK26-Vakuumsystem&lt;Br&gt;  Die FUEL-Technologie\u2122 definiert kabellose Elektrowerkzeuge neu. B\u00fcrstenloser Motor, REDLINK PLUS-Elektronik\u2122 und REDLITHIUM-Akku\u2122 bieten \u00fcberlegene&lt;Leistung und Haltbarkeit br&gt; Funktioniert mit allen MILWAUKEE\u00ae M18-Akkus\u2122 <\/p>\n<p>STRICHCODE: 4058546368678<\/p>\n<p>Technische<br \/>\nDaten 50<\/p>\n<p>Lieferung ohne Batterien, Lieferung ohne Ladeger\u00e4t, HeavyDuty Koffer, 6 mm und 8 mm Zange, Eintauchfu\u00df und -sockel, 146 mm Kopierring, 2 Sauganschl\u00fcsse mit Sicherungsstange, 2 Seitenschlie\u00dfst\u00fccke und F\u00fchrungsstange<\/p>\n","protected":false},"excerpt":{"rendered":"<p>Der b\u00fcrstenlose POWERSTATE-Motor\u2122 bietet eine draht\u00e4hnliche Leistung von bis zu 31.000 U\/min&lt;Br&gt; Mit dem System mit variabler Drehzahl k\u00f6nnen Sie<\/p>\n","protected":false},"featured_media":441715,"template":"","meta":{"_seopress_robots_primary_cat":"","_seopress_titles_title":"","_seopress_titles_desc":"","_seopress_robots_index":""},"product_brand":[3656],"product_cat":[1454,169],"product_tag":[3272],"class_list":{"0":"post-463628","1":"product","2":"type-product","3":"status-publish","4":"has-post-thumbnail","6":"product_brand-milwaukee-de","7":"product_cat-andere-gerate","8":"product_cat-maschinen","9":"product_tag-import-milwau-de","10":"sws-gruppo-macchinari-de","11":"sws-conto-ricavi-merci-rivendita-macchinari-de","12":"sws-gruppo-iva-iva81-de","14":"first","15":"instock","16":"sale","17":"purchasable","18":"product-type-simple"},"_links":{"self":[{"href":"https:\/\/lucacastelli.com\/de\/wp-json\/wp\/v2\/product\/463628","targetHints":{"allow":["GET"]}}],"collection":[{"href":"https:\/\/lucacastelli.com\/de\/wp-json\/wp\/v2\/product"}],"about":[{"href":"https:\/\/lucacastelli.com\/de\/wp-json\/wp\/v2\/types\/product"}],"wp:featuredmedia":[{"embeddable":true,"href":"https:\/\/lucacastelli.com\/de\/wp-json\/wp\/v2\/media\/441715"}],"wp:attachment":[{"href":"https:\/\/lucacastelli.com\/de\/wp-json\/wp\/v2\/media?parent=463628"}],"wp:term":[{"taxonomy":"product_brand","embeddable":true,"href":"https:\/\/lucacastelli.com\/de\/wp-json\/wp\/v2\/product_brand?post=463628"},{"taxonomy":"product_cat","embeddable":true,"href":"https:\/\/lucacastelli.com\/de\/wp-json\/wp\/v2\/product_cat?post=463628"},{"taxonomy":"product_tag","embeddable":true,"href":"https:\/\/lucacastelli.com\/de\/wp-json\/wp\/v2\/product_tag?post=463628"}],"curies":[{"name":"wp","href":"https:\/\/api.w.org\/{rel}","templated":true}]}}