{"id":463624,"date":"2025-06-01T07:48:12","date_gmt":"2025-06-01T05:48:12","guid":{"rendered":"https:\/\/lucacastelli.com\/prodotto\/ebene\/"},"modified":"2025-06-29T08:00:47","modified_gmt":"2025-06-29T06:00:47","slug":"ebene","status":"publish","type":"product","link":"https:\/\/lucacastelli.com\/de\/produkt\/ebene\/","title":{"rendered":"MILWAUKEE Hobelmaschine"},"content":{"rendered":"<p>Bis zu 14.000 U\/min f\u00fcr perfekte Nachbearbeitungen&lt;Br&gt;  REDLINK-Elektronik\u2122 f\u00fcr erh\u00f6hten \u00dcberlastschutz&lt;Br&gt;  Die REDLITHIUM-Batterie\u2122 bietet eine \u00fcberlegene Konstruktion des Akkupacks, Elektronik und gleichbleibende Leistung, um mehr Laufzeit und mehr Arbeit \u00fcber die Lebensdauer der Batterie zu liefern&lt;Br&gt;  Schneller Materialabtrag dank 2 Hartmetall-Klingen f\u00fcr eine Hobelbreite von 82 mm&lt;Br&gt;  Hobeltiefenverstellung von 0 bis 2 mm, mit 20 Arretierpositionen f\u00fcr pr\u00e4zises Arbeiten&lt;Br&gt;  Bis zu 10,7 mm Falztiefe&lt;Br&gt;  Der Spanauswurf kann nach rechts oder links ausgerichtet werden&lt;Br&gt;  Vordere Schuhverl\u00e4ngerung f\u00fcr eine genaue und schnelle Positionierung der Ebene auf dem zu bearbeitenden Material&lt;Br&gt;  Der Fu\u00df befindet sich an der Unterseite des Schuhs, um das Material vor versehentlicher Besch\u00e4digung zu sch\u00fctzen&lt;Br&gt;  Individuelle Steuerung der Batteriezellen zur Optimierung der Lebensdauer des Akkupacks&lt;Br&gt;  Funktioniert mit allen MILWAUKEE\u00ae M18\u2122 Akkus<\/p>\n<p>STRICHCODE: 4002395137374<\/p>\n<p>Technische<br \/>\nDaten Aucun sac ni box fourni<\/p>\n<p>Lieferung ohne Batterien, Lieferung ohne Ladeger\u00e4t, Lieferung ohne Kitbox oder Tasche, Staubbeutel, Klingen und Seitenf\u00fchrung\/Fase<\/p>\n","protected":false},"excerpt":{"rendered":"<p>Bis zu 14.000 U\/min f\u00fcr perfekte Nachbearbeitungen&lt;Br&gt; REDLINK-Elektronik\u2122 f\u00fcr erh\u00f6hten \u00dcberlastschutz&lt;Br&gt; Die REDLITHIUM-Batterie\u2122 bietet eine \u00fcberlegene Konstruktion des Akkupacks, Elektronik<\/p>\n","protected":false},"featured_media":441698,"template":"","meta":{"_seopress_robots_primary_cat":"","_seopress_titles_title":"","_seopress_titles_desc":"","_seopress_robots_index":""},"product_brand":[3656],"product_cat":[1454,169],"product_tag":[3272],"class_list":{"0":"post-463624","1":"product","2":"type-product","3":"status-publish","4":"has-post-thumbnail","6":"product_brand-milwaukee-de","7":"product_cat-andere-gerate","8":"product_cat-maschinen","9":"product_tag-import-milwau-de","10":"sws-gruppo-macchinari-de","11":"sws-conto-ricavi-merci-rivendita-macchinari-de","12":"sws-gruppo-iva-iva81-de","14":"first","15":"instock","16":"sale","17":"purchasable","18":"product-type-simple"},"_links":{"self":[{"href":"https:\/\/lucacastelli.com\/de\/wp-json\/wp\/v2\/product\/463624","targetHints":{"allow":["GET"]}}],"collection":[{"href":"https:\/\/lucacastelli.com\/de\/wp-json\/wp\/v2\/product"}],"about":[{"href":"https:\/\/lucacastelli.com\/de\/wp-json\/wp\/v2\/types\/product"}],"wp:featuredmedia":[{"embeddable":true,"href":"https:\/\/lucacastelli.com\/de\/wp-json\/wp\/v2\/media\/441698"}],"wp:attachment":[{"href":"https:\/\/lucacastelli.com\/de\/wp-json\/wp\/v2\/media?parent=463624"}],"wp:term":[{"taxonomy":"product_brand","embeddable":true,"href":"https:\/\/lucacastelli.com\/de\/wp-json\/wp\/v2\/product_brand?post=463624"},{"taxonomy":"product_cat","embeddable":true,"href":"https:\/\/lucacastelli.com\/de\/wp-json\/wp\/v2\/product_cat?post=463624"},{"taxonomy":"product_tag","embeddable":true,"href":"https:\/\/lucacastelli.com\/de\/wp-json\/wp\/v2\/product_tag?post=463624"}],"curies":[{"name":"wp","href":"https:\/\/api.w.org\/{rel}","templated":true}]}}