{"id":463608,"date":"2025-06-12T03:14:52","date_gmt":"2025-06-12T01:14:52","guid":{"rendered":"https:\/\/lucacastelli.com\/prodotto\/gehrungssaege\/"},"modified":"2026-04-16T02:32:18","modified_gmt":"2026-04-16T00:32:18","slug":"gehrungssaege","status":"publish","type":"product","link":"https:\/\/lucacastelli.com\/de\/produkt\/gehrungssaege\/","title":{"rendered":"MILWAUKEE Trennschleifer"},"content":{"rendered":"<p>Der weltweit erste 18V-Akku-Trennschleifer mit 230 mm Scheibe, der die n\u00f6tige Leistung zum Schneiden von Stahlbeton bietet, mit der Flexibilit\u00e4t der kabellosen M18\u2122-Plattform und 50% leichter als vergleichbare benzinbetriebene Ger\u00e4te&lt;br&gt; Startet sofort, macht das Mischen von Kraftstoffen \u00fcberfl\u00fcssig und ben\u00f6tigt keine Motorwartung&lt;br&gt; Emissionsfrei, ideal f\u00fcr Arbeiten in geschlossenen R\u00e4umen&lt;br&gt; RAPIDSTOP\u2122 Scheibenbremssystem, \u00dcberlastanzeige, niedrigste Vibrationen der Kategorie 1,81 m\/s\u00b2&lt;br&gt; Schnitttiefe 85 mm f\u00fcr Spitzenleistungen in der Kategorie&lt;br&gt; Geeignet f\u00fcr Nassschnitt dank beidseitiger Wasserversorgung&lt;br&gt; HIGH OUTPUT\u2122 System steigert Leistung und Laufzeit der M18 FUEL\u2122 Technologie&lt;br&gt; Das ONE-KEY\u2122 Tracking &amp; Security System bietet einen kostenlosen cloudbasierten Bestandsverwaltungs- und Ortungsservice sowie eine Fernsperrfunktion&lt;br&gt; Kompatibel mit der M18\u2122 SWITCH TANK\u2122 Spr\u00fchpumpe&lt;br&gt; Funktioniert mit allen M18\u2122 MILWAUKEE\u00ae Akkus<\/p>\n<p>BARCODE: 4058546295967<\/p>\n<p>Technische Daten<br \/>\n6,2 (M18 HB12)<\/p>\n<p>1 x M18 HB12 Akku, M12-18 FC Ladeger\u00e4t, geliefert ohne Kitbox oder Tasche, Diamantscheibe DUH 230 mm (4932399542)<\/p>\n","protected":false},"excerpt":{"rendered":"<p>Der weltweit erste 18V-Akku-Trennschleifer mit 230 mm Scheibe, der die n\u00f6tige Leistung zum Schneiden von Stahlbeton bietet, mit der Flexibilit\u00e4t<\/p>\n","protected":false},"featured_media":434945,"template":"","meta":{"_seopress_robots_primary_cat":"","_seopress_titles_title":"","_seopress_titles_desc":"","_seopress_robots_index":""},"product_brand":[3656],"product_cat":[1454,1699,1696,169],"product_tag":[3272],"class_list":{"0":"post-463608","1":"product","2":"type-product","3":"status-publish","4":"has-post-thumbnail","6":"product_brand-milwaukee-de","7":"product_cat-andere-gerate","8":"product_cat-mahmaschinen-de","9":"product_cat-mahmaschinen-und-trimmer","10":"product_cat-maschinen","11":"product_tag-import-milwau-de","12":"sws-gruppo-macchinari-de","13":"sws-conto-ricavi-merci-rivendita-macchinari-de","14":"sws-gruppo-iva-iva81-de","16":"first","17":"onbackorder","18":"sale","19":"purchasable","20":"product-type-simple"},"_links":{"self":[{"href":"https:\/\/lucacastelli.com\/de\/wp-json\/wp\/v2\/product\/463608","targetHints":{"allow":["GET"]}}],"collection":[{"href":"https:\/\/lucacastelli.com\/de\/wp-json\/wp\/v2\/product"}],"about":[{"href":"https:\/\/lucacastelli.com\/de\/wp-json\/wp\/v2\/types\/product"}],"wp:featuredmedia":[{"embeddable":true,"href":"https:\/\/lucacastelli.com\/de\/wp-json\/wp\/v2\/media\/434945"}],"wp:attachment":[{"href":"https:\/\/lucacastelli.com\/de\/wp-json\/wp\/v2\/media?parent=463608"}],"wp:term":[{"taxonomy":"product_brand","embeddable":true,"href":"https:\/\/lucacastelli.com\/de\/wp-json\/wp\/v2\/product_brand?post=463608"},{"taxonomy":"product_cat","embeddable":true,"href":"https:\/\/lucacastelli.com\/de\/wp-json\/wp\/v2\/product_cat?post=463608"},{"taxonomy":"product_tag","embeddable":true,"href":"https:\/\/lucacastelli.com\/de\/wp-json\/wp\/v2\/product_tag?post=463608"}],"curies":[{"name":"wp","href":"https:\/\/api.w.org\/{rel}","templated":true}]}}