{"id":463604,"date":"2025-06-12T03:15:21","date_gmt":"2025-06-12T01:15:21","guid":{"rendered":"https:\/\/lucacastelli.com\/prodotto\/vibrator-fuer-beton-6\/"},"modified":"2025-06-29T07:52:58","modified_gmt":"2025-06-29T05:52:58","slug":"vibrator-fuer-beton-6","status":"publish","type":"product","link":"https:\/\/lucacastelli.com\/de\/produkt\/vibrator-fuer-beton-6\/","title":{"rendered":"MILWAUKEE Betonvibrator"},"content":{"rendered":"<p>M18 FUEL\u2122 Betonr\u00fcttler f\u00fcr die Betonverfestigung, in kompakter Form&lt;Br&gt;  1,2 m Schlauch empfohlen f\u00fcr B\u00fcrgersteige oder kleine ebene Fl\u00e4chen (M18 FCVN12)&lt;Br&gt;  2,4 m Schlauch empfohlen f\u00fcr W\u00e4nde oder S\u00e4ulen (M18 FCVN24)&lt;Br&gt;  25 mm vibrierende Nadel, die in der Lage ist, Beton mit 12.500 Schwingungen pro Minute zu verfestigen&lt;Br&gt;  Potentiometer f\u00fcr maximale Vielseitigkeit bei jedem Material und jeder Schalungsgr\u00f6\u00dfe&lt;Br&gt;  Haken zur einfachen Aufbewahrung des Werkzeugs an der Schalung oder am Ger\u00fcst&lt;Br&gt;  Leichtgewicht: Bequem zu verwenden und zu tragen&lt;Br&gt;  Leistungsstark und zuverl\u00e4ssig: Verdichten Sie bis zu einem Betonmischer (8 m\u00b3) mit 1 x 5,5 Ah M18\u2122 HIGH OUTPUT\u2122 Batterie&lt;Br&gt;  HIGH OUTPUT\u2122 System, erh\u00f6ht die Leistung und Autonomie der M18 FUEL-Technologie\u2122&lt;Br&gt;  Funktioniert mit allen MILWAUKEE\u00ae M18\u2122 Akkus<\/p>\n<p>STRICHCODE: 4058546373917<\/p>\n<p>Technische Daten Nein<\/p>\n<p>1 x M18 HB5.5 Akkupack, M12-18 FC Ladeger\u00e4t, Lieferung ohne Kitbox oder Tasche<\/p>\n","protected":false},"excerpt":{"rendered":"<p>M18 FUEL\u2122 Betonr\u00fcttler f\u00fcr die Betonverfestigung, in kompakter Form&lt;Br&gt; 1,2 m Schlauch empfohlen f\u00fcr B\u00fcrgersteige oder kleine ebene Fl\u00e4chen (M18<\/p>\n","protected":false},"featured_media":434982,"template":"","meta":{"_seopress_robots_primary_cat":"","_seopress_titles_title":"","_seopress_titles_desc":"","_seopress_robots_index":""},"product_brand":[3656],"product_cat":[1454,1565,169],"product_tag":[3272],"class_list":{"0":"post-463604","1":"product","2":"type-product","3":"status-publish","4":"has-post-thumbnail","6":"product_brand-milwaukee-de","7":"product_cat-andere-gerate","8":"product_cat-betonruttler","9":"product_cat-maschinen","10":"product_tag-import-milwau-de","11":"sws-gruppo-macchinari-de","12":"sws-conto-ricavi-merci-rivendita-macchinari-de","13":"sws-gruppo-iva-iva81-de","15":"first","16":"onbackorder","17":"sale","18":"purchasable","19":"product-type-simple"},"_links":{"self":[{"href":"https:\/\/lucacastelli.com\/de\/wp-json\/wp\/v2\/product\/463604","targetHints":{"allow":["GET"]}}],"collection":[{"href":"https:\/\/lucacastelli.com\/de\/wp-json\/wp\/v2\/product"}],"about":[{"href":"https:\/\/lucacastelli.com\/de\/wp-json\/wp\/v2\/types\/product"}],"wp:featuredmedia":[{"embeddable":true,"href":"https:\/\/lucacastelli.com\/de\/wp-json\/wp\/v2\/media\/434982"}],"wp:attachment":[{"href":"https:\/\/lucacastelli.com\/de\/wp-json\/wp\/v2\/media?parent=463604"}],"wp:term":[{"taxonomy":"product_brand","embeddable":true,"href":"https:\/\/lucacastelli.com\/de\/wp-json\/wp\/v2\/product_brand?post=463604"},{"taxonomy":"product_cat","embeddable":true,"href":"https:\/\/lucacastelli.com\/de\/wp-json\/wp\/v2\/product_cat?post=463604"},{"taxonomy":"product_tag","embeddable":true,"href":"https:\/\/lucacastelli.com\/de\/wp-json\/wp\/v2\/product_tag?post=463604"}],"curies":[{"name":"wp","href":"https:\/\/api.w.org\/{rel}","templated":true}]}}