{"id":463602,"date":"2025-06-12T03:13:55","date_gmt":"2025-06-12T01:13:55","guid":{"rendered":"https:\/\/lucacastelli.com\/prodotto\/absaugung-4\/"},"modified":"2025-06-29T07:53:27","modified_gmt":"2025-06-29T05:53:27","slug":"absaugung-4","status":"publish","type":"product","link":"https:\/\/lucacastelli.com\/de\/produkt\/absaugung-4\/","title":{"rendered":"MILWAUKEE Absauganlagen"},"content":{"rendered":"<p>Konzipiert f\u00fcr die integrierte Absaugung von Bohrmehl&lt;Br&gt;  HEPA-Filter: kann bis zu 99,75 % des Staubs filtern&lt;Br&gt;  Gro\u00dfes Staubsammelfach&lt;Br&gt;  Das verstellbare Aluminiumrohr erm\u00f6glicht eine maximale Tiefe von 90 mm und eine maximale Spitze von 16 mm&lt;Br&gt;  Kompatibel mit dem Bohrhammer M18 BLHX&lt;Br&gt;  Funktioniert mit allen MILWAUKEE\u00ae M18\u2122 Akkus<\/p>\n<p>STRICHCODE: 4002395006243<\/p>\n<p>Technische<br \/>\nDaten 16<\/p>\n<p>Lieferung ohne Batterien, Lieferung ohne Ladeger\u00e4t, Lieferung ohne Kitbox oder Tasche, Ersatz-Saugeinsatz<\/p>\n","protected":false},"excerpt":{"rendered":"<p>Konzipiert f\u00fcr die integrierte Absaugung von Bohrmehl&lt;Br&gt; HEPA-Filter: kann bis zu 99,75 % des Staubs filtern&lt;Br&gt; Gro\u00dfes Staubsammelfach&lt;Br&gt; Das verstellbare<\/p>\n","protected":false},"featured_media":434871,"template":"","meta":{"_seopress_robots_primary_cat":"","_seopress_titles_title":"","_seopress_titles_desc":"","_seopress_robots_index":""},"product_brand":[3407],"product_cat":[29,514],"product_tag":[3270],"class_list":{"0":"post-463602","1":"product","2":"type-product","3":"status-publish","4":"has-post-thumbnail","6":"product_brand-milwaukee","7":"product_cat-macchinari","8":"product_cat-altri-dispositivi","9":"product_tag-import-milwau","10":"sws-gruppo-macchinari-de","11":"sws-conto-ricavi-merci-rivendita-macchinari-de","12":"sws-gruppo-iva-iva81-de","14":"first","15":"onbackorder","16":"sale","17":"purchasable","18":"product-type-simple"},"_links":{"self":[{"href":"https:\/\/lucacastelli.com\/de\/wp-json\/wp\/v2\/product\/463602","targetHints":{"allow":["GET"]}}],"collection":[{"href":"https:\/\/lucacastelli.com\/de\/wp-json\/wp\/v2\/product"}],"about":[{"href":"https:\/\/lucacastelli.com\/de\/wp-json\/wp\/v2\/types\/product"}],"wp:featuredmedia":[{"embeddable":true,"href":"https:\/\/lucacastelli.com\/de\/wp-json\/wp\/v2\/media\/434871"}],"wp:attachment":[{"href":"https:\/\/lucacastelli.com\/de\/wp-json\/wp\/v2\/media?parent=463602"}],"wp:term":[{"taxonomy":"product_brand","embeddable":true,"href":"https:\/\/lucacastelli.com\/de\/wp-json\/wp\/v2\/product_brand?post=463602"},{"taxonomy":"product_cat","embeddable":true,"href":"https:\/\/lucacastelli.com\/de\/wp-json\/wp\/v2\/product_cat?post=463602"},{"taxonomy":"product_tag","embeddable":true,"href":"https:\/\/lucacastelli.com\/de\/wp-json\/wp\/v2\/product_tag?post=463602"}],"curies":[{"name":"wp","href":"https:\/\/api.w.org\/{rel}","templated":true}]}}