{"id":463597,"date":"2025-06-12T03:13:14","date_gmt":"2025-06-12T01:13:14","guid":{"rendered":"https:\/\/lucacastelli.com\/prodotto\/bohrhammer-10\/"},"modified":"2025-06-29T07:53:22","modified_gmt":"2025-06-29T05:53:22","slug":"bohrhammer-10","status":"publish","type":"product","link":"https:\/\/lucacastelli.com\/de\/produkt\/bohrhammer-10\/","title":{"rendered":"MILWAUKEE Hammer"},"content":{"rendered":"<p>Leistungsstarker Stoppmechanismus und b\u00fcrstenloser Motor, der eine Energie von 2,3 J liefern kann&lt;Br&gt;  Kompaktes und ergonomisches Design f\u00fcr maximalen Komfort w\u00e4hrend des Gebrauchs&lt;Br&gt;  Metallgetriebe f\u00fcr maximale Festigkeit&lt;Br&gt;  4 Betriebsmodi: Rotopercussion, Mei\u00dfeln, Rotation und Neutralstellung f\u00fcr die Ausrichtung des Mei\u00dfels&lt;Br&gt;  Vibrationsd\u00e4mpfender Seitengriff&lt;Br&gt;  Kompatibel mit der Saugeinheit M18 CDEX&lt;Br&gt;  B\u00fcrstenloser Motor, REDLINK PLUS-Elektronik\u2122 und REDLITHIUM-Akku\u2122 sorgen f\u00fcr \u00fcberlegene Leistung und Haltbarkeit&lt;Br&gt;  Funktioniert mit allen MILWAUKEE\u00ae M18\u2122 Akkus<\/p>\n<p>STRICHCODE: 4058546361761<\/p>\n<p>Technische<br \/>\nDaten 6 &#8211; 18<\/p>\n<p>2 x M18 B5 Akkupack, M12-18 FC Ladeger\u00e4t, HeavyDuty Koffer, Seitengriff, Tiefenstab, Fett<\/p>\n","protected":false},"excerpt":{"rendered":"<p>Leistungsstarker Stoppmechanismus und b\u00fcrstenloser Motor, der eine Energie von 2,3 J liefern kann&lt;Br&gt; Kompaktes und ergonomisches Design f\u00fcr maximalen Komfort<\/p>\n","protected":false},"featured_media":434846,"template":"","meta":{"_seopress_robots_primary_cat":"","_seopress_titles_title":"","_seopress_titles_desc":"","_seopress_robots_index":""},"product_brand":[3407],"product_cat":[29,514],"product_tag":[3270],"class_list":{"0":"post-463597","1":"product","2":"type-product","3":"status-publish","4":"has-post-thumbnail","6":"product_brand-milwaukee","7":"product_cat-macchinari","8":"product_cat-altri-dispositivi","9":"product_tag-import-milwau","10":"sws-gruppo-macchinari-de","11":"sws-conto-ricavi-merci-rivendita-macchinari-de","12":"sws-gruppo-iva-iva81-de","14":"first","15":"onbackorder","16":"sale","17":"purchasable","18":"product-type-simple"},"_links":{"self":[{"href":"https:\/\/lucacastelli.com\/de\/wp-json\/wp\/v2\/product\/463597","targetHints":{"allow":["GET"]}}],"collection":[{"href":"https:\/\/lucacastelli.com\/de\/wp-json\/wp\/v2\/product"}],"about":[{"href":"https:\/\/lucacastelli.com\/de\/wp-json\/wp\/v2\/types\/product"}],"wp:featuredmedia":[{"embeddable":true,"href":"https:\/\/lucacastelli.com\/de\/wp-json\/wp\/v2\/media\/434846"}],"wp:attachment":[{"href":"https:\/\/lucacastelli.com\/de\/wp-json\/wp\/v2\/media?parent=463597"}],"wp:term":[{"taxonomy":"product_brand","embeddable":true,"href":"https:\/\/lucacastelli.com\/de\/wp-json\/wp\/v2\/product_brand?post=463597"},{"taxonomy":"product_cat","embeddable":true,"href":"https:\/\/lucacastelli.com\/de\/wp-json\/wp\/v2\/product_cat?post=463597"},{"taxonomy":"product_tag","embeddable":true,"href":"https:\/\/lucacastelli.com\/de\/wp-json\/wp\/v2\/product_tag?post=463597"}],"curies":[{"name":"wp","href":"https:\/\/api.w.org\/{rel}","templated":true}]}}