{"id":463588,"date":"2025-06-12T03:11:06","date_gmt":"2025-06-12T01:11:06","guid":{"rendered":"https:\/\/lucacastelli.com\/prodotto\/absaugung-2\/"},"modified":"2025-06-29T07:53:48","modified_gmt":"2025-06-29T05:53:48","slug":"absaugung-2","status":"publish","type":"product","link":"https:\/\/lucacastelli.com\/de\/produkt\/absaugung-2\/","title":{"rendered":"MILWAUKEE Absauganlagen"},"content":{"rendered":"<p>Konzipiert f\u00fcr die Staubabsaugung beim Bohren, Leistungsschalter&lt;Br&gt;  HEPA-Filter mit 99,97 % Staubabscheidegrad (Partikel kleiner als 0,3 Mikrometer)&lt;Br&gt;  Manueller Filterreinigungsmechanismus&lt;Br&gt;  Zwei austauschbare D\u00fcsen mit B\u00fcrsten zum Bohren von Durchmessern bis zu einem Durchmesser von 26 mm (Durchmesser 0,5-16 mm, Durchmesser 16-26 mm)&lt;Br&gt;  Einstellbarer Tiefenmesser f\u00fcr pr\u00e4zise Anwendungen&lt;Br&gt;  LED-Licht zur Ausleuchtung des Anwendungsbereichs&lt;Br&gt;  Kompatibel mit den Bohrh\u00e4mmern M18 FH, M18 FHX, M18 ONEFH und M18 ONEFHX<\/p>\n<p>STRICHCODE: 4058546347000<\/p>\n<p>Technische<br \/>\nDaten 200<\/p>\n<p>Ersatzringe f\u00fcr B\u00fcrsten<\/p>\n","protected":false},"excerpt":{"rendered":"<p>Konzipiert f\u00fcr die Staubabsaugung beim Bohren, Leistungsschalter&lt;Br&gt; HEPA-Filter mit 99,97 % Staubabscheidegrad (Partikel kleiner als 0,3 Mikrometer)&lt;Br&gt; Manueller Filterreinigungsmechanismus&lt;Br&gt; Zwei<\/p>\n","protected":false},"featured_media":434751,"template":"","meta":{"_seopress_robots_primary_cat":"","_seopress_titles_title":"","_seopress_titles_desc":"","_seopress_robots_index":""},"product_brand":[3407],"product_cat":[29,514],"product_tag":[3270],"class_list":{"0":"post-463588","1":"product","2":"type-product","3":"status-publish","4":"has-post-thumbnail","6":"product_brand-milwaukee","7":"product_cat-macchinari","8":"product_cat-altri-dispositivi","9":"product_tag-import-milwau","10":"sws-gruppo-macchinari-de","11":"sws-conto-ricavi-merci-rivendita-macchinari-de","12":"sws-gruppo-iva-iva81-de","14":"first","15":"onbackorder","16":"sale","17":"purchasable","18":"product-type-simple"},"_links":{"self":[{"href":"https:\/\/lucacastelli.com\/de\/wp-json\/wp\/v2\/product\/463588","targetHints":{"allow":["GET"]}}],"collection":[{"href":"https:\/\/lucacastelli.com\/de\/wp-json\/wp\/v2\/product"}],"about":[{"href":"https:\/\/lucacastelli.com\/de\/wp-json\/wp\/v2\/types\/product"}],"wp:featuredmedia":[{"embeddable":true,"href":"https:\/\/lucacastelli.com\/de\/wp-json\/wp\/v2\/media\/434751"}],"wp:attachment":[{"href":"https:\/\/lucacastelli.com\/de\/wp-json\/wp\/v2\/media?parent=463588"}],"wp:term":[{"taxonomy":"product_brand","embeddable":true,"href":"https:\/\/lucacastelli.com\/de\/wp-json\/wp\/v2\/product_brand?post=463588"},{"taxonomy":"product_cat","embeddable":true,"href":"https:\/\/lucacastelli.com\/de\/wp-json\/wp\/v2\/product_cat?post=463588"},{"taxonomy":"product_tag","embeddable":true,"href":"https:\/\/lucacastelli.com\/de\/wp-json\/wp\/v2\/product_tag?post=463588"}],"curies":[{"name":"wp","href":"https:\/\/api.w.org\/{rel}","templated":true}]}}