{"id":463587,"date":"2025-06-12T03:09:28","date_gmt":"2025-06-12T01:09:28","guid":{"rendered":"https:\/\/lucacastelli.com\/prodotto\/bohrhammer-9\/"},"modified":"2025-06-29T07:54:29","modified_gmt":"2025-06-29T05:54:29","slug":"bohrhammer-9","status":"publish","type":"product","link":"https:\/\/lucacastelli.com\/de\/produkt\/bohrhammer-9\/","title":{"rendered":"MILWAUKEE Hammer"},"content":{"rendered":"<p>Der schnellste SDS-Plus-Bohrhammer seiner Klasse f\u00fcr maximale Produktivit\u00e4t&lt;Br&gt;  Kann eine Schlagenergie von 2,5 J bei minimalen Vibrationen (12,9 m\/s\u00b2) liefern&lt;Br&gt;  Kann bis zu 125 L\u00f6cher mit einem Durchmesser von 10 x 50 mm mit einer einzigen Akkuladung bohren (M18\u2122 HIGH OUTPUT\u2122 5,5 Ah)&lt;Br&gt;  AUTOSTOP-System\u2122, schaltet das Werkzeug ab, um den Benutzer bei pl\u00f6tzlichen Drehungen zu sch\u00fctzen&lt;Br&gt;  Metallgetriebe f\u00fcr maximale Festigkeit&lt;Br&gt;  4 Betriebsmodi: Rotopercussion, Mei\u00dfeln, Rotation und Neutralstellung f\u00fcr die Ausrichtung des Mei\u00dfels&lt;Br&gt;  Kompatibel mit M18 FCDDEXL und M18 FDDEXL Absaugeinheiten&lt;Br&gt;  Die FUEL-Technologie\u2122 definiert kabellose Elektrowerkzeuge neu. B\u00fcrstenloser Motor, REDLINK PLUS-Elektronik\u2122 und REDLITHIUM-Akku\u2122 bieten \u00fcberlegene&lt;Leistung und Haltbarkeit br&gt; HIGH OUTPUT-System\u2122, erh\u00f6ht die Leistung und Laufzeit der M18 FUEL-Technologie\u2122&lt;br&gt; Funktioniert mit allen MILWAUKEE\u00ae M18-Akkus\u2122<\/p>\n<p>STRICHCODE: 4058546346935<\/p>\n<p>Technische<br \/>\nDaten 2.5<\/p>\n<p>Lieferung ohne Batterien, Lieferung ohne Ladeger\u00e4t, HeavyDuty Koffer, Seitengriff, Tiefenmesser<\/p>\n","protected":false},"excerpt":{"rendered":"<p>Der schnellste SDS-Plus-Bohrhammer seiner Klasse f\u00fcr maximale Produktivit\u00e4t&lt;Br&gt; Kann eine Schlagenergie von 2,5 J bei minimalen Vibrationen (12,9 m\/s\u00b2) liefern&lt;Br&gt;<\/p>\n","protected":false},"featured_media":434218,"template":"","meta":{"_seopress_robots_primary_cat":"","_seopress_titles_title":"","_seopress_titles_desc":"","_seopress_robots_index":""},"product_brand":[3407],"product_cat":[29,514],"product_tag":[3270],"class_list":{"0":"post-463587","1":"product","2":"type-product","3":"status-publish","4":"has-post-thumbnail","6":"product_brand-milwaukee","7":"product_cat-macchinari","8":"product_cat-altri-dispositivi","9":"product_tag-import-milwau","10":"sws-gruppo-macchinari-de","11":"sws-conto-ricavi-merci-rivendita-macchinari-de","12":"sws-gruppo-iva-iva81-de","14":"first","15":"onbackorder","16":"sale","17":"purchasable","18":"product-type-simple"},"_links":{"self":[{"href":"https:\/\/lucacastelli.com\/de\/wp-json\/wp\/v2\/product\/463587","targetHints":{"allow":["GET"]}}],"collection":[{"href":"https:\/\/lucacastelli.com\/de\/wp-json\/wp\/v2\/product"}],"about":[{"href":"https:\/\/lucacastelli.com\/de\/wp-json\/wp\/v2\/types\/product"}],"wp:featuredmedia":[{"embeddable":true,"href":"https:\/\/lucacastelli.com\/de\/wp-json\/wp\/v2\/media\/434218"}],"wp:attachment":[{"href":"https:\/\/lucacastelli.com\/de\/wp-json\/wp\/v2\/media?parent=463587"}],"wp:term":[{"taxonomy":"product_brand","embeddable":true,"href":"https:\/\/lucacastelli.com\/de\/wp-json\/wp\/v2\/product_brand?post=463587"},{"taxonomy":"product_cat","embeddable":true,"href":"https:\/\/lucacastelli.com\/de\/wp-json\/wp\/v2\/product_cat?post=463587"},{"taxonomy":"product_tag","embeddable":true,"href":"https:\/\/lucacastelli.com\/de\/wp-json\/wp\/v2\/product_tag?post=463587"}],"curies":[{"name":"wp","href":"https:\/\/api.w.org\/{rel}","templated":true}]}}