{"id":463580,"date":"2025-06-12T03:08:58","date_gmt":"2025-06-12T01:08:58","guid":{"rendered":"https:\/\/lucacastelli.com\/prodotto\/bohrhammer-8\/"},"modified":"2026-04-16T02:32:54","modified_gmt":"2026-04-16T00:32:54","slug":"bohrhammer-8","status":"publish","type":"product","link":"https:\/\/lucacastelli.com\/de\/produkt\/bohrhammer-8\/","title":{"rendered":"MILWAUKEE Bohrhammer"},"content":{"rendered":"<p>Der schnellste SDS-Plus Bohrhammer seiner Klasse, f\u00fcr maximale Produktivit\u00e4t&lt;br&gt; Liefert 2,5 J Schlagenergie bei minimalen Vibrationen (12,9 m\/s\u00b2)&lt;br&gt; Schafft bis zu 125 Bohrungen (\u00d8 10 x 50 mm) mit einer einzigen Akkuladung (M18\u2122 HIGH OUTPUT\u2122 5,5 Ah)&lt;br&gt; AUTOSTOP\u2122-System schaltet das Werkzeug zum Schutz des Anwenders bei pl\u00f6tzlichen Rotationen ab&lt;br&gt; Das ONE-KEY\u2122 Tracking &amp; Security System bietet einen kostenlosen cloudbasierten Bestandsverwaltungs- und Ortungsservice sowie eine Fernsperrfunktion&lt;br&gt; Metallgetriebegeh\u00e4use f\u00fcr maximale Widerstandsf\u00e4higkeit&lt;br&gt; 4 Betriebsarten: Hammerbohren, Mei\u00dfeln, Bohren und Variolock f\u00fcr die Mei\u00dfelpositionierung&lt;br&gt; Kompatibel mit den Absaugger\u00e4ten M18 FCDDEXL und M18 FDDEXL&lt;br&gt; Die FUEL\u2122-Technologie definiert Akku-Elektrowerkzeuge neu. Der b\u00fcrstenlose Motor, die REDLINK PLUS\u2122-Elektronik und der REDLITHIUM\u2122-Akkupack bieten \u00fcberlegene Leistung und Lebensdauer&lt;br&gt;Das HIGH OUTPUT\u2122-System steigert Leistung und Laufzeit der M18 FUEL\u2122-Technologie <\/p>\n<p>BARCODE: 4058546361686<\/p>\n<p>Technische Daten<br \/>\n2,5<\/p>\n<p>Lieferung ohne Akkus, ohne Ladeger\u00e4t, HeavyDuty-Koffer, Seitenhandgriff, Tiefenanschlag, Fett<\/p>\n","protected":false},"excerpt":{"rendered":"<p>Der schnellste SDS-Plus Bohrhammer seiner Klasse, f\u00fcr maximale Produktivit\u00e4t&lt;br&gt; Liefert 2,5 J Schlagenergie bei minimalen Vibrationen (12,9 m\/s\u00b2)&lt;br&gt; Schafft bis<\/p>\n","protected":false},"featured_media":434181,"template":"","meta":{"_seopress_robots_primary_cat":"","_seopress_titles_title":"","_seopress_titles_desc":"","_seopress_robots_index":""},"product_brand":[3656],"product_cat":[1454,169],"product_tag":[3272],"class_list":{"0":"post-463580","1":"product","2":"type-product","3":"status-publish","4":"has-post-thumbnail","6":"product_brand-milwaukee-de","7":"product_cat-andere-gerate","8":"product_cat-maschinen","9":"product_tag-import-milwau-de","10":"sws-gruppo-macchinari-de","11":"sws-conto-ricavi-merci-rivendita-macchinari-de","12":"sws-gruppo-iva-iva81-de","14":"first","15":"onbackorder","16":"sale","17":"purchasable","18":"product-type-simple"},"_links":{"self":[{"href":"https:\/\/lucacastelli.com\/de\/wp-json\/wp\/v2\/product\/463580","targetHints":{"allow":["GET"]}}],"collection":[{"href":"https:\/\/lucacastelli.com\/de\/wp-json\/wp\/v2\/product"}],"about":[{"href":"https:\/\/lucacastelli.com\/de\/wp-json\/wp\/v2\/types\/product"}],"wp:featuredmedia":[{"embeddable":true,"href":"https:\/\/lucacastelli.com\/de\/wp-json\/wp\/v2\/media\/434181"}],"wp:attachment":[{"href":"https:\/\/lucacastelli.com\/de\/wp-json\/wp\/v2\/media?parent=463580"}],"wp:term":[{"taxonomy":"product_brand","embeddable":true,"href":"https:\/\/lucacastelli.com\/de\/wp-json\/wp\/v2\/product_brand?post=463580"},{"taxonomy":"product_cat","embeddable":true,"href":"https:\/\/lucacastelli.com\/de\/wp-json\/wp\/v2\/product_cat?post=463580"},{"taxonomy":"product_tag","embeddable":true,"href":"https:\/\/lucacastelli.com\/de\/wp-json\/wp\/v2\/product_tag?post=463580"}],"curies":[{"name":"wp","href":"https:\/\/api.w.org\/{rel}","templated":true}]}}