{"id":463571,"date":"2025-06-12T03:05:27","date_gmt":"2025-06-12T01:05:27","guid":{"rendered":"https:\/\/lucacastelli.com\/prodotto\/bohrhammer-5\/"},"modified":"2026-04-16T02:13:53","modified_gmt":"2026-04-16T00:13:53","slug":"bohrhammer-5","status":"publish","type":"product","link":"https:\/\/lucacastelli.com\/de\/produkt\/bohrhammer-5\/","title":{"rendered":"MILWAUKEE Bohrhammer"},"content":{"rendered":"<p>D-Handgriff mit leichtem und ergonomischem Design f\u00fcr maximalen Anwenderkomfort&lt;br&gt; Das leistungsstarke Schlagwerk und der b\u00fcrstenlose Motor liefern eine Schlagenergie von 4,9 J&lt;br&gt; 4 Betriebsmodi: Bohrh\u00e4mmern, Mei\u00dfeln, Bohren und Mei\u00dfelpositionierung&lt;br&gt; Anti-Vibrations-Seitenhandgriff&lt;br&gt; AUTOSTOP\u2122-System schaltet das Ger\u00e4t bei pl\u00f6tzlichem Blockieren ab, um den Anwender zu sch\u00fctzen&lt;br&gt; Das ONE-KEY\u2122 Tracking &amp; Security System bietet einen kostenlosen cloudbasierten Bestandsverwaltungs- und Ortungsservice sowie eine Fernsperrfunktion&lt;br&gt; Kompatibel mit Absaugger\u00e4t M18 FDDEL32&lt;br&gt; Die REDLINK PLUS\u2122-Elektronik sch\u00fctzt Ger\u00e4t und Akku vor \u00dcberlastung und sorgt f\u00fcr l\u00e4ngere Lebensdauer bei schweren Anwendungen&lt;br&gt; Der REDLITHIUM\u2122-Akku bietet eine fortschrittliche Konstruktion f\u00fcr l\u00e4ngere Laufzeit und konstante Leistung \u00fcber die gesamte Lebensdauer&lt;br&gt; Die FUEL\u2122-Technologie definiert Akku-Elektrowerkzeuge neu. Der b\u00fcrstenlose Motor, die REDLINK PLUS\u2122-Elektronik und der REDLITHIUM\u2122-Akku bieten \u00fcberlegene Leistung und Standzeit&lt;br&gt; Kompatibel mit allen MILWAUKEE\u00ae M18\u2122-Akkus <\/p>\n<p>BARCODE: 4058546415075<\/p>\n<p>Technische Daten<br \/>\n5,9 (M18 HB5.5)<\/p>\n<p>Lieferung ohne Akkus, Lieferung ohne Ladeger\u00e4t, Transportkoffer<\/p>\n","protected":false},"excerpt":{"rendered":"<p>D-Handgriff mit leichtem und ergonomischem Design f\u00fcr maximalen Anwenderkomfort&lt;br&gt; Das leistungsstarke Schlagwerk und der b\u00fcrstenlose Motor liefern eine Schlagenergie von<\/p>\n","protected":false},"featured_media":433942,"template":"","meta":{"_seopress_robots_primary_cat":"","_seopress_titles_title":"","_seopress_titles_desc":"","_seopress_robots_index":""},"product_brand":[3407],"product_cat":[29,514],"product_tag":[3270],"class_list":{"0":"post-463571","1":"product","2":"type-product","3":"status-publish","4":"has-post-thumbnail","6":"product_brand-milwaukee","7":"product_cat-macchinari","8":"product_cat-altri-dispositivi","9":"product_tag-import-milwau","10":"sws-gruppo-macchinari-de","11":"sws-conto-ricavi-merci-rivendita-macchinari-de","12":"sws-gruppo-iva-iva81-de","14":"first","15":"onbackorder","16":"sale","17":"purchasable","18":"product-type-simple"},"_links":{"self":[{"href":"https:\/\/lucacastelli.com\/de\/wp-json\/wp\/v2\/product\/463571","targetHints":{"allow":["GET"]}}],"collection":[{"href":"https:\/\/lucacastelli.com\/de\/wp-json\/wp\/v2\/product"}],"about":[{"href":"https:\/\/lucacastelli.com\/de\/wp-json\/wp\/v2\/types\/product"}],"wp:featuredmedia":[{"embeddable":true,"href":"https:\/\/lucacastelli.com\/de\/wp-json\/wp\/v2\/media\/433942"}],"wp:attachment":[{"href":"https:\/\/lucacastelli.com\/de\/wp-json\/wp\/v2\/media?parent=463571"}],"wp:term":[{"taxonomy":"product_brand","embeddable":true,"href":"https:\/\/lucacastelli.com\/de\/wp-json\/wp\/v2\/product_brand?post=463571"},{"taxonomy":"product_cat","embeddable":true,"href":"https:\/\/lucacastelli.com\/de\/wp-json\/wp\/v2\/product_cat?post=463571"},{"taxonomy":"product_tag","embeddable":true,"href":"https:\/\/lucacastelli.com\/de\/wp-json\/wp\/v2\/product_tag?post=463571"}],"curies":[{"name":"wp","href":"https:\/\/api.w.org\/{rel}","templated":true}]}}