{"id":463567,"date":"2025-06-12T03:06:22","date_gmt":"2025-06-12T01:06:22","guid":{"rendered":"https:\/\/lucacastelli.com\/prodotto\/bohrhammer-4\/"},"modified":"2026-04-16T02:33:31","modified_gmt":"2026-04-16T00:33:31","slug":"bohrhammer-4","status":"publish","type":"product","link":"https:\/\/lucacastelli.com\/de\/produkt\/bohrhammer-4\/","title":{"rendered":"MILWAUKEE Bohrhammer"},"content":{"rendered":"<p>Leistungsstarker SDS-Plus Kombihammer mit 5,0 J Schlagenergie bei minimalen Vibrationen (6,9 m\/s\u00b2)&lt;br&gt; Erm\u00f6glicht bis zu 10 Bohrungen (\u00d8 18 x 100 mm) mit einer einzigen Akkuladung (M18\u2122 HIGH OUTPUT\u2122 5.5 Ah)&lt;br&gt; AUTOSTOP\u2122-System schaltet das Ger\u00e4t bei pl\u00f6tzlichen Drehbewegungen ab, um den Anwender zu sch\u00fctzen&lt;br&gt; Das ONE-KEY\u2122 Tracking &amp; Security System bietet einen kostenlosen cloudbasierten Bestandsverwaltungs- und Ortungsservice sowie eine Fernsperrfunktion&lt;br&gt; Metallgetriebegeh\u00e4use f\u00fcr maximale Best\u00e4ndigkeit&lt;br&gt; 4 Betriebsmodi: Bohrh\u00e4mmern, Mei\u00dfeln, Bohren und Mei\u00dfelpositionierung&lt;br&gt; Kompatibel mit der Staubabsaugung M18 FPDDEXL&lt;br&gt; Die FUEL\u2122-Technologie definiert Akku-Elektrowerkzeuge neu. Der b\u00fcrstenlose Motor, die REDLINK PLUS\u2122-Elektronik und der REDLITHIUM\u2122-Akku bieten \u00fcberlegene Leistung und Lebensdauer&lt;br&gt; Das HIGH OUTPUT\u2122-System hebt Leistung und Laufzeit der M18 FUEL\u2122-Technologie auf ein neues Niveau <\/p>\n<p>BARCODE: 4058546361662<\/p>\n<p>Technische Daten<br \/>\n8 &#8211; 24<\/p>\n<p>Lieferung ohne Akkus, Lieferung ohne Ladeger\u00e4t, HeavyDuty-Koffer, Seitengriff, Tiefenanschlag, Fett<\/p>\n","protected":false},"excerpt":{"rendered":"<p>Leistungsstarker SDS-Plus Kombihammer mit 5,0 J Schlagenergie bei minimalen Vibrationen (6,9 m\/s\u00b2)&lt;br&gt; Erm\u00f6glicht bis zu 10 Bohrungen (\u00d8 18 x<\/p>\n","protected":false},"featured_media":434016,"template":"","meta":{"_seopress_robots_primary_cat":"","_seopress_titles_title":"","_seopress_titles_desc":"","_seopress_robots_index":""},"product_brand":[3407],"product_cat":[29,514],"product_tag":[3270],"class_list":{"0":"post-463567","1":"product","2":"type-product","3":"status-publish","4":"has-post-thumbnail","6":"product_brand-milwaukee","7":"product_cat-macchinari","8":"product_cat-altri-dispositivi","9":"product_tag-import-milwau","10":"sws-gruppo-macchinari-de","11":"sws-conto-ricavi-merci-rivendita-macchinari-de","12":"sws-gruppo-iva-iva81-de","14":"first","15":"onbackorder","16":"sale","17":"purchasable","18":"product-type-simple"},"_links":{"self":[{"href":"https:\/\/lucacastelli.com\/de\/wp-json\/wp\/v2\/product\/463567","targetHints":{"allow":["GET"]}}],"collection":[{"href":"https:\/\/lucacastelli.com\/de\/wp-json\/wp\/v2\/product"}],"about":[{"href":"https:\/\/lucacastelli.com\/de\/wp-json\/wp\/v2\/types\/product"}],"wp:featuredmedia":[{"embeddable":true,"href":"https:\/\/lucacastelli.com\/de\/wp-json\/wp\/v2\/media\/434016"}],"wp:attachment":[{"href":"https:\/\/lucacastelli.com\/de\/wp-json\/wp\/v2\/media?parent=463567"}],"wp:term":[{"taxonomy":"product_brand","embeddable":true,"href":"https:\/\/lucacastelli.com\/de\/wp-json\/wp\/v2\/product_brand?post=463567"},{"taxonomy":"product_cat","embeddable":true,"href":"https:\/\/lucacastelli.com\/de\/wp-json\/wp\/v2\/product_cat?post=463567"},{"taxonomy":"product_tag","embeddable":true,"href":"https:\/\/lucacastelli.com\/de\/wp-json\/wp\/v2\/product_tag?post=463567"}],"curies":[{"name":"wp","href":"https:\/\/api.w.org\/{rel}","templated":true}]}}