{"id":463563,"date":"2025-06-11T04:32:25","date_gmt":"2025-06-11T02:32:25","guid":{"rendered":"https:\/\/lucacastelli.com\/prodotto\/bohrhammer-2\/"},"modified":"2025-07-19T17:34:13","modified_gmt":"2025-07-19T15:34:13","slug":"bohrhammer-2","status":"publish","type":"product","link":"https:\/\/lucacastelli.com\/de\/produkt\/bohrhammer-2\/","title":{"rendered":"MILWAUKEE Hammer"},"content":{"rendered":"<p>Der weltweit erste SDS-Max-Hammer mit 18-V-Akku: Leistung vergleichbar mit einem kabelgebundenen Ger\u00e4t&lt;Br&gt;  Der b\u00fcrstenlose POWERSTATE-Motor\u2122, der von MILWAUKEE gebaut wurde, ist in der Lage, eine Bohrleistung zu garantieren, \u00ae die der eines kabelgebundenen Werkzeugs entspricht&lt;Br&gt;  Das intelligente REDLINK PLUS-System\u2122 bietet einen fortschrittlichen digitalen \u00dcberlastungsschutz f\u00fcr Werkzeuge und Akkus und verbessert die Leistung des Werkzeugs unter Last erheblich.&lt;Br&gt;  Der REDLITHIUM-Akku\u2122 mit einem leistungsstarken 9,0-Ah-Akku garantiert nicht nur eine bis zu 5-mal l\u00e4ngere Autonomie, eine bis zu 35 % h\u00f6here Leistung und eine 2-mal l\u00e4ngere Lebensdauer, sondern erm\u00f6glicht auch den Betrieb bei Temperaturen von bis zu -20 \u00b0 (im Vergleich zu anderen Lithium-Technologien)&lt;Br&gt;  Langlebiges Magnesiumgetriebe f\u00fcr den Einsatz auf der Baustelle mit speziellen Getriebegeh\u00e4usen und verbesserter K\u00fchlung&lt;Br&gt;  Roto-Stop-Funktion und M\u00f6glichkeit, den Mei\u00dfel in 12 verschiedenen Positionen entsprechend dem gew\u00fcnschten Mei\u00dfelwinkel auszurichten&lt;Br&gt;  Vibrationsd\u00e4mpfende Konstruktion (10,6 m\/s\u00b2) f\u00fcr eine komfortablere Nutzung&lt;Br&gt;  Sicherheitskupplung, die sowohl den Benutzer als auch das Werkzeug im Falle eines Bohrerklemmens sch\u00fctzt&lt;Br&gt;  Funktioniert mit allen MILWAUKEE\u00ae M18\u2122Akkus<\/p>\n<p>STRICHCODE: 4002395159208<\/p>\n<p>Technische<br \/>\nDaten 6.1<\/p>\n<p>Lieferung ohne Batterien, Lieferung ohne Ladeger\u00e4t, Tragetasche, Zusatzhandgriff<\/p>\n","protected":false},"excerpt":{"rendered":"<p>Der weltweit erste SDS-Max-Hammer mit 18-V-Akku: Leistung vergleichbar mit einem kabelgebundenen Ger\u00e4t&lt;Br&gt; Der b\u00fcrstenlose POWERSTATE-Motor\u2122, der von MILWAUKEE gebaut wurde,<\/p>\n","protected":false},"featured_media":743755,"template":"","meta":{"_seopress_robots_primary_cat":"none","_seopress_titles_title":"","_seopress_titles_desc":"","_seopress_robots_index":""},"product_brand":[3407],"product_cat":[29,514],"product_tag":[6832],"class_list":{"0":"post-463563","1":"product","2":"type-product","3":"status-publish","4":"has-post-thumbnail","6":"product_brand-milwaukee","7":"product_cat-macchinari","8":"product_cat-altri-dispositivi","9":"product_tag-imp-26-mw_new","10":"sws-gruppo-macchinari-de","11":"sws-conto-ricavi-merci-rivendita-macchinari-de","12":"sws-gruppo-iva-iva81-de","14":"first","15":"instock","16":"sale","17":"purchasable","18":"product-type-simple"},"_links":{"self":[{"href":"https:\/\/lucacastelli.com\/de\/wp-json\/wp\/v2\/product\/463563","targetHints":{"allow":["GET"]}}],"collection":[{"href":"https:\/\/lucacastelli.com\/de\/wp-json\/wp\/v2\/product"}],"about":[{"href":"https:\/\/lucacastelli.com\/de\/wp-json\/wp\/v2\/types\/product"}],"wp:featuredmedia":[{"embeddable":true,"href":"https:\/\/lucacastelli.com\/de\/wp-json\/wp\/v2\/media\/743755"}],"wp:attachment":[{"href":"https:\/\/lucacastelli.com\/de\/wp-json\/wp\/v2\/media?parent=463563"}],"wp:term":[{"taxonomy":"product_brand","embeddable":true,"href":"https:\/\/lucacastelli.com\/de\/wp-json\/wp\/v2\/product_brand?post=463563"},{"taxonomy":"product_cat","embeddable":true,"href":"https:\/\/lucacastelli.com\/de\/wp-json\/wp\/v2\/product_cat?post=463563"},{"taxonomy":"product_tag","embeddable":true,"href":"https:\/\/lucacastelli.com\/de\/wp-json\/wp\/v2\/product_tag?post=463563"}],"curies":[{"name":"wp","href":"https:\/\/api.w.org\/{rel}","templated":true}]}}