{"id":463551,"date":"2025-06-11T04:30:19","date_gmt":"2025-06-11T02:30:19","guid":{"rendered":"https:\/\/lucacastelli.com\/prodotto\/maschinen-set\/"},"modified":"2026-04-17T10:19:03","modified_gmt":"2026-04-17T08:19:03","slug":"maschinen-set","status":"publish","type":"product","link":"https:\/\/lucacastelli.com\/de\/produkt\/maschinen-set\/","title":{"rendered":"MILWAUKEE Maschinenset"},"content":{"rendered":"<p>Die MX FUEL\u2122 REDLITHIUM\u2122 Akkus nutzen die leistungsst\u00e4rkste und hochwertigste Lithium-Ionen-Technologie&lt;br&gt; Der \u00e4usserst kompakte und leicht zu transportierende Akku liefert die gleiche Leistung wie eine kabelgebundene Stromversorgung und erm\u00f6glicht Anwendungen in schwer zug\u00e4nglichen Umgebungen mit Generatoren oder fernab von Stromquellen&lt;br&gt; Die MX FUEL\u2122 REDLITHIUM\u2122 Akkus sind mit einem einzigartigen und patentierten Design ausgestattet, das sie vor versehentlichem Herunterfallen, Vibrationen, Wasser und extremen Temperaturen sch\u00fctzt&lt;br&gt; Funktioniert bis zu Temperaturen von -28,0 \u00b0C&lt;br&gt; St\u00e4ndige Kommunikation zwischen Ger\u00e4t und Akku, um die maximale Energie f\u00fcr die Anwendung bereitzustellen und potenziell sch\u00e4dliche Belastungen f\u00fcr die Ausr\u00fcstung zu vermeiden&lt;br&gt; Geeignet f\u00fcr den Einsatz in engen Umgebungen oder mit begrenztem Aktionsradius&lt;br&gt; Neue Perspektive, jenseits der klassischen kabelgebundenen oder benzinbetriebenen Ausr\u00fcstung<\/p>\n<p>BARCODE: 4058546369552<\/p>\n<p>Technische Daten<br \/>\nKeine Tasche oder Box im Lieferumfang enthalten<\/p>\n","protected":false},"excerpt":{"rendered":"<p>Die MX FUEL\u2122 REDLITHIUM\u2122 Akkus nutzen die leistungsst\u00e4rkste und hochwertigste Lithium-Ionen-Technologie&lt;br&gt; Der \u00e4usserst kompakte und leicht zu transportierende Akku liefert<\/p>\n","protected":false},"featured_media":433780,"template":"","meta":{"_seopress_robots_primary_cat":"none","_seopress_titles_title":"","_seopress_titles_desc":"","_seopress_robots_index":""},"product_brand":[3656],"product_cat":[1449,169],"product_tag":[3272],"class_list":{"0":"post-463551","1":"product","2":"type-product","3":"status-publish","4":"has-post-thumbnail","6":"product_brand-milwaukee-de","7":"product_cat-batteriesysteme-zubehor","8":"product_cat-maschinen","9":"product_tag-import-milwau-de","10":"sws-gruppo-macchinari-de","11":"sws-conto-ricavi-merci-rivendita-macchinari-de","12":"sws-gruppo-iva-iva81-de","14":"first","15":"onbackorder","16":"sale","17":"purchasable","18":"product-type-simple"},"_links":{"self":[{"href":"https:\/\/lucacastelli.com\/de\/wp-json\/wp\/v2\/product\/463551","targetHints":{"allow":["GET"]}}],"collection":[{"href":"https:\/\/lucacastelli.com\/de\/wp-json\/wp\/v2\/product"}],"about":[{"href":"https:\/\/lucacastelli.com\/de\/wp-json\/wp\/v2\/types\/product"}],"wp:featuredmedia":[{"embeddable":true,"href":"https:\/\/lucacastelli.com\/de\/wp-json\/wp\/v2\/media\/433780"}],"wp:attachment":[{"href":"https:\/\/lucacastelli.com\/de\/wp-json\/wp\/v2\/media?parent=463551"}],"wp:term":[{"taxonomy":"product_brand","embeddable":true,"href":"https:\/\/lucacastelli.com\/de\/wp-json\/wp\/v2\/product_brand?post=463551"},{"taxonomy":"product_cat","embeddable":true,"href":"https:\/\/lucacastelli.com\/de\/wp-json\/wp\/v2\/product_cat?post=463551"},{"taxonomy":"product_tag","embeddable":true,"href":"https:\/\/lucacastelli.com\/de\/wp-json\/wp\/v2\/product_tag?post=463551"}],"curies":[{"name":"wp","href":"https:\/\/api.w.org\/{rel}","templated":true}]}}