{"id":463549,"date":"2025-06-11T04:28:40","date_gmt":"2025-06-11T02:28:40","guid":{"rendered":"https:\/\/lucacastelli.com\/prodotto\/trocken-nass-kernbohrmaschine-2\/"},"modified":"2026-04-17T10:27:31","modified_gmt":"2026-04-17T08:27:31","slug":"trocken-nass-kernbohrmaschine-2","status":"publish","type":"product","link":"https:\/\/lucacastelli.com\/de\/produkt\/trocken-nass-kernbohrmaschine-2\/","title":{"rendered":"MILWAUKEE Nass-Trocken-Kernbohrger\u00e4t"},"content":{"rendered":"<p>Bohrt mit extremer Leichtigkeit nass und trocken und erreicht dank der hohen Leistung des Akkumotors die gleiche Performance wie kabelgebundene Ger\u00e4te bis zu einem Durchmesser von 152 mm&lt;br&gt; Wahl zwischen 2 Geschwindigkeiten f\u00fcr ein breites Anwendungsspektrum&lt;br&gt; Geschwindigkeit 1: 1600 min\u207b\u00b9 f\u00fcr Bohrungen bis 75 mm Durchmesser, sowohl nass als auch trocken&lt;br&gt; Geschwindigkeit 2: 800 min\u207b\u00b9 f\u00fcr Bohrungen von 76 mm bis 152 mm Durchmesser, sowohl nass als auch trocken&lt;br&gt; Patentiertes AUTOSTOP\u2122-System zum Schutz des Anwenders, das ein versehentliches Drehen des Werkzeugs bei Kontrollverlust oder Blockieren der Krone verhindert&lt;br&gt; Die eingebaute Libelle f\u00fchrt den Anwender bei horizontalen Anwendungen und erm\u00f6glicht ein pr\u00e4zises und sauberes Ergebnis&lt;br&gt; Die Druckanzeige erm\u00f6glicht es dem Anwender, die Bohrgeschwindigkeit zu optimieren und das Werkzeug nicht \u00fcberm\u00e4\u00dfig zu beanspruchen&lt;br&gt; Die Akkuladestandsanzeige erm\u00f6glicht es dem Anwender, die verbleibende Energie bei jeder Anwendung zu \u00fcberwachen&lt;br&gt; M\u00f6glichkeit zum Nassbohren dank Kompatibilit\u00e4t mit der M18\u2122 SWITCH TANK\u2122 Akku-Druckspritze&lt;br&gt; 1 1\/4\u2033 UNC- oder 1\/2\u2033 G-Aufnahmen, kompatibel mit den g\u00e4ngigsten Bohrkronen auf dem Markt, Platten-Design f\u00fcr schnellen und einfachen Zubeh\u00f6rwechsel&lt;br&gt; Kernbohrst\u00e4nder mit 60 mm Spannhals MXF DR150 separat erh\u00e4ltlich (4933464889)&lt;br&gt; Das MX FUEL\u2122 System erm\u00f6glicht neue Dimensionen im Akkubetrieb: Leistung wie bei Benzin-, Kabel- oder Druckluftger\u00e4ten, ohne die Gefahren durch Emissionen, L\u00e4rm, Vibrationen, Stolperfallen sowie komplexe Wartung&lt;br&gt; Das ONE-KEY\u2122 Tracking &amp; Security System bietet einen kostenlosen cloudbasierten Bestandsverwaltungs- und Ortungsservice sowie eine Fernsperrfunktion<\/p>\n<p>BARCODE: 4058546297343<\/p>\n<p>Technische Daten<br \/>\n3.0<\/p>\n<p>2 x MXF CP203 Akkupacks, MXF C Ladeger\u00e4t, Transportkoffer, Arretierungsschalter, Zusatzhandgriff, MXF DR255TV Kernbohrst\u00e4nder<\/p>\n","protected":false},"excerpt":{"rendered":"<p>Bohrt mit extremer Leichtigkeit nass und trocken und erreicht dank der hohen Leistung des Akkumotors die gleiche Performance wie kabelgebundene<\/p>\n","protected":false},"featured_media":433533,"template":"","meta":{"_seopress_robots_primary_cat":"none","_seopress_titles_title":"","_seopress_titles_desc":"","_seopress_robots_index":""},"product_brand":[3656],"product_cat":[1454,169],"product_tag":[3272],"class_list":{"0":"post-463549","1":"product","2":"type-product","3":"status-publish","4":"has-post-thumbnail","6":"product_brand-milwaukee-de","7":"product_cat-andere-gerate","8":"product_cat-maschinen","9":"product_tag-import-milwau-de","10":"sws-gruppo-macchinari-de","11":"sws-conto-ricavi-merci-rivendita-macchinari-de","12":"sws-gruppo-iva-iva81-de","14":"first","15":"onbackorder","16":"sale","17":"purchasable","18":"product-type-simple"},"_links":{"self":[{"href":"https:\/\/lucacastelli.com\/de\/wp-json\/wp\/v2\/product\/463549","targetHints":{"allow":["GET"]}}],"collection":[{"href":"https:\/\/lucacastelli.com\/de\/wp-json\/wp\/v2\/product"}],"about":[{"href":"https:\/\/lucacastelli.com\/de\/wp-json\/wp\/v2\/types\/product"}],"wp:featuredmedia":[{"embeddable":true,"href":"https:\/\/lucacastelli.com\/de\/wp-json\/wp\/v2\/media\/433533"}],"wp:attachment":[{"href":"https:\/\/lucacastelli.com\/de\/wp-json\/wp\/v2\/media?parent=463549"}],"wp:term":[{"taxonomy":"product_brand","embeddable":true,"href":"https:\/\/lucacastelli.com\/de\/wp-json\/wp\/v2\/product_brand?post=463549"},{"taxonomy":"product_cat","embeddable":true,"href":"https:\/\/lucacastelli.com\/de\/wp-json\/wp\/v2\/product_cat?post=463549"},{"taxonomy":"product_tag","embeddable":true,"href":"https:\/\/lucacastelli.com\/de\/wp-json\/wp\/v2\/product_tag?post=463549"}],"curies":[{"name":"wp","href":"https:\/\/api.w.org\/{rel}","templated":true}]}}