{"id":463545,"date":"2025-06-11T04:29:50","date_gmt":"2025-06-11T02:29:50","guid":{"rendered":"https:\/\/lucacastelli.com\/prodotto\/batterie\/"},"modified":"2025-07-19T17:34:03","modified_gmt":"2025-07-19T15:34:03","slug":"batterie","status":"publish","type":"product","link":"https:\/\/lucacastelli.com\/de\/produkt\/batterie\/","title":{"rendered":"MILWAUKEE Akku"},"content":{"rendered":"<p>MX FUEL\u2122 REDLITHIUM-Batterien\u2122 verwenden die h\u00f6chste Leistung und die hochwertigste Lithium-Ionen-Technologie&lt;Br&gt;  Der extrem kompakte und leicht zu transportierende Akkupack bietet die gleiche Leistung wie kabelgebundener Akku und erm\u00f6glicht so Anwendungen in schwer zug\u00e4nglichen Umgebungen mit Generatoren oder abseits von elektrischen Quellen&lt;Br&gt;  MX FUEL\u2122 REDLITHIUM-Batterien\u2122 sind mit einem einzigartigen, patentierten Design ausgestattet, das sie vor versehentlichem Herunterfallen, Vibrationen, Wasser und extremen Temperaturen sch\u00fctzt&lt;Br&gt;  Betrieb bis zu Temperaturen von -28,0\u00b0 C&lt;Br&gt;  St\u00e4ndige Kommunikation zwischen Werkzeug und Akku, um die maximale Energie bereitzustellen, die f\u00fcr die Anwendung ben\u00f6tigt wird, um potenziell sch\u00e4dliche Belastungen f\u00fcr das Ger\u00e4t zu vermeiden&lt;Br&gt;  Geeignet f\u00fcr den Einsatz in engen Umgebungen oder mit begrenztem Platzangebot&lt;Br&gt;  Neue Perspektiven, jenseits der klassischen Draht- oder Benzinausr\u00fcstung<\/p>\n<p>STRICHCODE: 4058546297374<\/p>\n<p>Technische<br \/>\nDaten Aucun sac ni box fourni<\/p>\n","protected":false},"excerpt":{"rendered":"<p>MX FUEL\u2122 REDLITHIUM-Batterien\u2122 verwenden die h\u00f6chste Leistung und die hochwertigste Lithium-Ionen-Technologie&lt;Br&gt; Der extrem kompakte und leicht zu transportierende Akkupack bietet<\/p>\n","protected":false},"featured_media":433780,"template":"","meta":{"_seopress_robots_primary_cat":"none","_seopress_titles_title":"","_seopress_titles_desc":"","_seopress_robots_index":""},"product_brand":[3407],"product_cat":[29,491],"product_tag":[3270],"class_list":{"0":"post-463545","1":"product","2":"type-product","3":"status-publish","4":"has-post-thumbnail","6":"product_brand-milwaukee","7":"product_cat-macchinari","8":"product_cat-accessori-sistemi-a-batteria","9":"product_tag-import-milwau","10":"sws-gruppo-macchinari-de","11":"sws-conto-ricavi-merci-rivendita-macchinari-de","12":"sws-gruppo-iva-iva81-de","14":"first","15":"onbackorder","16":"sale","17":"purchasable","18":"product-type-simple"},"_links":{"self":[{"href":"https:\/\/lucacastelli.com\/de\/wp-json\/wp\/v2\/product\/463545","targetHints":{"allow":["GET"]}}],"collection":[{"href":"https:\/\/lucacastelli.com\/de\/wp-json\/wp\/v2\/product"}],"about":[{"href":"https:\/\/lucacastelli.com\/de\/wp-json\/wp\/v2\/types\/product"}],"wp:featuredmedia":[{"embeddable":true,"href":"https:\/\/lucacastelli.com\/de\/wp-json\/wp\/v2\/media\/433780"}],"wp:attachment":[{"href":"https:\/\/lucacastelli.com\/de\/wp-json\/wp\/v2\/media?parent=463545"}],"wp:term":[{"taxonomy":"product_brand","embeddable":true,"href":"https:\/\/lucacastelli.com\/de\/wp-json\/wp\/v2\/product_brand?post=463545"},{"taxonomy":"product_cat","embeddable":true,"href":"https:\/\/lucacastelli.com\/de\/wp-json\/wp\/v2\/product_cat?post=463545"},{"taxonomy":"product_tag","embeddable":true,"href":"https:\/\/lucacastelli.com\/de\/wp-json\/wp\/v2\/product_tag?post=463545"}],"curies":[{"name":"wp","href":"https:\/\/api.w.org\/{rel}","templated":true}]}}