{"id":463543,"date":"2025-06-11T04:28:13","date_gmt":"2025-06-11T02:28:13","guid":{"rendered":"https:\/\/lucacastelli.com\/prodotto\/trocken-nass-kernbohrmaschine\/"},"modified":"2026-04-17T10:27:29","modified_gmt":"2026-04-17T08:27:29","slug":"trocken-nass-kernbohrmaschine","status":"publish","type":"product","link":"https:\/\/lucacastelli.com\/de\/produkt\/trocken-nass-kernbohrmaschine\/","title":{"rendered":"MILWAUKEE Kernbohrmaschine Trocken-Nass"},"content":{"rendered":"<p>Bohrt trocken und nass mit \u00e4usserster Leichtigkeit und erreicht die gleiche Leistung wie kabelgebundene Ger\u00e4te bis zu einem Durchmesser von 152 mm dank der hohen Leistung des Akkumotors&lt;br&gt; Wahl zwischen 2 Geschwindigkeiten f\u00fcr eine breite Palette von Anwendungen&lt;br&gt; Geschwindigkeit 1: 1600 U\/min f\u00fcr Bohrungen bis 75 mm Durchmesser, nass und trocken&lt;br&gt; Geschwindigkeit 2: 800 U\/min f\u00fcr Bohrungen von 76 mm bis 152 mm Durchmesser, nass und trocken&lt;br&gt; Patentiertes AUTOSTOP\u2122-System zum Schutz des Benutzers, verhindert versehentliches Drehen des Ger\u00e4ts bei Kontrollverlust oder Blockierung der Krone&lt;br&gt; Die integrierte Wasserwaage f\u00fchrt den Benutzer bei horizontalen Anwendungen und erm\u00f6glicht ein pr\u00e4zises und sauberes Ergebnis&lt;br&gt; Die Druckanzeige erm\u00f6glicht dem Benutzer die Optimierung der Bohrgeschwindigkeit und verhindert \u00fcberm\u00e4ssige Belastung des Ger\u00e4ts&lt;br&gt; Die Akkuladezustandsanzeige erm\u00f6glicht dem Benutzer die \u00dcberwachung der Restenergie w\u00e4hrend jeder Anwendung&lt;br&gt; M\u00f6glichkeit zum Nassbohren dank Kompatibilit\u00e4t mit der M18\u2122 SWITCH TANK\u2122 Wasserpumpe mit automatischer Vorkompression&lt;br&gt; 1 1\/4 Zoll UNC- oder 1\/2 Zoll G-Anschl\u00fcsse kompatibel mit den g\u00e4ngigsten Kronen auf dem Markt, Plattendesign f\u00fcr schnellen und einfachen Zubeh\u00f6rwechsel&lt;br&gt; Kernbohrmaschinens\u00e4ule mit 60 mm Kragen MXF DR150 separat erh\u00e4ltlich (4933464889)&lt;br&gt; Das MX FUEL\u2122-System erm\u00f6glicht neue Dimensionen im Akkubetrieb: Leistung von Benzin-, kabelgebundenen oder pneumatischen L\u00f6sungen, ohne die damit verbundenen Gefahren von Emissionen, L\u00e4rm, Vibrationen, Stolperfallen sowie komplexer Wartung&lt;br&gt; Das ONE-KEY\u2122 Tracking &amp; Security System bietet einen kostenlosen cloudbasierten Bestandsverwaltungs- und Ortungsservice sowie eine Fernsperrfunktion<\/p>\n<p>BARCODE: 4058546228323<\/p>\n<p>Technische Daten<br \/>\n3.0<\/p>\n<p>2 x MXF CP203 Akkupacks, MXF C Ladeger\u00e4t, Koffer, Schalter mit Sperre, Seitengriff<\/p>\n","protected":false},"excerpt":{"rendered":"<p>Bohrt trocken und nass mit \u00e4usserster Leichtigkeit und erreicht die gleiche Leistung wie kabelgebundene Ger\u00e4te bis zu einem Durchmesser von<\/p>\n","protected":false},"featured_media":433459,"template":"","meta":{"_seopress_robots_primary_cat":"none","_seopress_titles_title":"","_seopress_titles_desc":"","_seopress_robots_index":""},"product_brand":[3656],"product_cat":[1454,169],"product_tag":[3272],"class_list":{"0":"post-463543","1":"product","2":"type-product","3":"status-publish","4":"has-post-thumbnail","6":"product_brand-milwaukee-de","7":"product_cat-andere-gerate","8":"product_cat-maschinen","9":"product_tag-import-milwau-de","10":"sws-gruppo-macchinari-de","11":"sws-conto-ricavi-merci-rivendita-macchinari-de","12":"sws-gruppo-iva-iva81-de","14":"first","15":"onbackorder","16":"sale","17":"purchasable","18":"product-type-simple"},"_links":{"self":[{"href":"https:\/\/lucacastelli.com\/de\/wp-json\/wp\/v2\/product\/463543","targetHints":{"allow":["GET"]}}],"collection":[{"href":"https:\/\/lucacastelli.com\/de\/wp-json\/wp\/v2\/product"}],"about":[{"href":"https:\/\/lucacastelli.com\/de\/wp-json\/wp\/v2\/types\/product"}],"wp:featuredmedia":[{"embeddable":true,"href":"https:\/\/lucacastelli.com\/de\/wp-json\/wp\/v2\/media\/433459"}],"wp:attachment":[{"href":"https:\/\/lucacastelli.com\/de\/wp-json\/wp\/v2\/media?parent=463543"}],"wp:term":[{"taxonomy":"product_brand","embeddable":true,"href":"https:\/\/lucacastelli.com\/de\/wp-json\/wp\/v2\/product_brand?post=463543"},{"taxonomy":"product_cat","embeddable":true,"href":"https:\/\/lucacastelli.com\/de\/wp-json\/wp\/v2\/product_cat?post=463543"},{"taxonomy":"product_tag","embeddable":true,"href":"https:\/\/lucacastelli.com\/de\/wp-json\/wp\/v2\/product_tag?post=463543"}],"curies":[{"name":"wp","href":"https:\/\/api.w.org\/{rel}","templated":true}]}}