{"id":463540,"date":"2025-06-11T04:25:52","date_gmt":"2025-06-11T02:25:52","guid":{"rendered":"https:\/\/lucacastelli.com\/prodotto\/ruettelrohr-aus-beton-3\/"},"modified":"2025-07-19T17:33:47","modified_gmt":"2025-07-19T15:33:47","slug":"ruettelrohr-aus-beton-3","status":"publish","type":"product","link":"https:\/\/lucacastelli.com\/de\/produkt\/ruettelrohr-aus-beton-3\/","title":{"rendered":"MILWAUKEE Beton-R\u00fcttelrohr"},"content":{"rendered":"<p>6,4 m Schlauch f\u00fcr Betonr\u00fcttler<\/p>\n<p>BARCODE: 4058546374075<\/p>\n<p>Technische Daten<\/p>\n","protected":false},"excerpt":{"rendered":"<p>6,4 m Schlauch f\u00fcr Betonr\u00fcttler BARCODE: 4058546374075 Technische Daten<\/p>\n","protected":false},"featured_media":433343,"template":"","meta":{"_seopress_robots_primary_cat":"","_seopress_titles_title":"","_seopress_titles_desc":"","_seopress_robots_index":""},"product_brand":[3407],"product_cat":[29,514,560],"product_tag":[3270],"class_list":{"0":"post-463540","1":"product","2":"type-product","3":"status-publish","4":"has-post-thumbnail","6":"product_brand-milwaukee","7":"product_cat-macchinari","8":"product_cat-altri-dispositivi","9":"product_cat-vibratore-per-calcestruzzo","10":"product_tag-import-milwau","11":"sws-gruppo-macchinari-de","12":"sws-conto-ricavi-merci-rivendita-macchinari-de","13":"sws-gruppo-iva-iva81-de","15":"first","16":"onbackorder","17":"sale","18":"purchasable","19":"product-type-simple"},"_links":{"self":[{"href":"https:\/\/lucacastelli.com\/de\/wp-json\/wp\/v2\/product\/463540","targetHints":{"allow":["GET"]}}],"collection":[{"href":"https:\/\/lucacastelli.com\/de\/wp-json\/wp\/v2\/product"}],"about":[{"href":"https:\/\/lucacastelli.com\/de\/wp-json\/wp\/v2\/types\/product"}],"wp:featuredmedia":[{"embeddable":true,"href":"https:\/\/lucacastelli.com\/de\/wp-json\/wp\/v2\/media\/433343"}],"wp:attachment":[{"href":"https:\/\/lucacastelli.com\/de\/wp-json\/wp\/v2\/media?parent=463540"}],"wp:term":[{"taxonomy":"product_brand","embeddable":true,"href":"https:\/\/lucacastelli.com\/de\/wp-json\/wp\/v2\/product_brand?post=463540"},{"taxonomy":"product_cat","embeddable":true,"href":"https:\/\/lucacastelli.com\/de\/wp-json\/wp\/v2\/product_cat?post=463540"},{"taxonomy":"product_tag","embeddable":true,"href":"https:\/\/lucacastelli.com\/de\/wp-json\/wp\/v2\/product_tag?post=463540"}],"curies":[{"name":"wp","href":"https:\/\/api.w.org\/{rel}","templated":true}]}}