{"id":463537,"date":"2025-06-11T04:27:21","date_gmt":"2025-06-11T02:27:21","guid":{"rendered":"https:\/\/lucacastelli.com\/prodotto\/hammer-zum-abbruch\/"},"modified":"2025-07-19T17:36:45","modified_gmt":"2025-07-19T15:36:45","slug":"hammer-zum-abbruch","status":"publish","type":"product","link":"https:\/\/lucacastelli.com\/de\/produkt\/hammer-zum-abbruch\/","title":{"rendered":"MILWAUKEE Abbruchhammer"},"content":{"rendered":"<p>Der erste kabellose 28-mm-Abbruchhammer mit Sechskantantrieb bietet die gleiche Leistung wie kabelgebundene, gemischte oder druckluftbetriebene Werkzeuge&lt;Br&gt;  Bietet 64 J Falzenergie f\u00fcr die h\u00e4rtesten Anwendungen&lt;Br&gt;  Die Anti-Vibrations-Technologie erm\u00f6glicht es dem Benutzer, den ganzen Tag zu arbeiten, ohne gef\u00e4hrlichen Vibrationen und Ger\u00e4uschpegeln ausgesetzt zu sein&lt;Br&gt;  Minimale Vibrationen (5,17 m\/s\u00b2) erm\u00f6glichen eine l\u00e4ngere Nutzung von mehr als 7 Stunden&lt;Br&gt;  Extrem schneller Abbruch dank 1300 BPM und sorgt so f\u00fcr maximale Produktivit\u00e4t in allen Anwendungen&lt;Br&gt;  Brechen Sie bis zu 2 Tonnen Beton ab oder erstellen Sie ein 12 m langes Gleis (20 cm tief und 30 cm breit) mit einer MXF XC406 Batterie&lt;Br&gt;  Die Lebensdauer des Werkzeugs ist vergleichbar mit \u00e4hnlichen Schnurger\u00e4ten, die Wartungsanzeige warnt den Benutzer, wenn nach 40 Stunden Schmiermittel nachgef\u00fcllt werden muss&lt;Br&gt;  Das MX FUEL-System\u2122 erm\u00f6glicht es Ihnen, neue Horizonte mit der Batterie zu erreichen: Leistung von Benzin-, Draht- oder pneumatischen L\u00f6sungen, wodurch die Gefahren eliminiert werden, die mit Emissionen, L\u00e4rm, Vibrationen, Stolpern und komplexer Wartung verbunden sind&lt;Br&gt;  Das ONE-KEY\u2122 Tracking &amp; Security-System bietet einen kostenlosen Cloud-basierten Tracking- und Bestandsverwaltungsdienst und verf\u00fcgt gleichzeitig \u00fcber Remote-Blockierungsfunktionen&lt;Br&gt;  MXF DHT Transportwagen separat erh\u00e4ltlich: ausgestattet mit 4 F\u00e4chern zur Aufbewahrung von Mei\u00dfeln, 1 Fach f\u00fcr Ladeger\u00e4t und Ersatzakku, Gurte zur Sicherung des Abbruchhammers w\u00e4hrend des Transports&lt;Br&gt;  Lieferumfang: 1 x Spitzmei\u00dfel 28 mm Sechskant (4932459774), 1 x Flachspitzmei\u00dfel 28 mm, Sechskantdurchmesser 35 mm (4932459775)<\/p>\n<p>STRICHCODE: 4058546228224<\/p>\n<p>Technische<br \/>\nDaten 6.0<\/p>\n<p>1 Spitzmei\u00dfel 28 mm Sechskant (4932459774), 1 Flachmei\u00dfel 28 mm Sechskant 35 mm (4932459775)<\/p>\n","protected":false},"excerpt":{"rendered":"<p>Der erste kabellose 28-mm-Abbruchhammer mit Sechskantantrieb bietet die gleiche Leistung wie kabelgebundene, gemischte oder druckluftbetriebene Werkzeuge&lt;Br&gt; Bietet 64 J Falzenergie<\/p>\n","protected":false},"featured_media":433348,"template":"","meta":{"_seopress_robots_primary_cat":"none","_seopress_titles_title":"","_seopress_titles_desc":"","_seopress_robots_index":""},"product_brand":[3407],"product_cat":[29,514],"product_tag":[3270],"class_list":{"0":"post-463537","1":"product","2":"type-product","3":"status-publish","4":"has-post-thumbnail","6":"product_brand-milwaukee","7":"product_cat-macchinari","8":"product_cat-altri-dispositivi","9":"product_tag-import-milwau","10":"sws-gruppo-macchinari-de","11":"sws-conto-ricavi-merci-rivendita-macchinari-de","12":"sws-gruppo-iva-iva81-de","14":"first","15":"onbackorder","16":"sale","17":"purchasable","18":"product-type-simple"},"_links":{"self":[{"href":"https:\/\/lucacastelli.com\/de\/wp-json\/wp\/v2\/product\/463537","targetHints":{"allow":["GET"]}}],"collection":[{"href":"https:\/\/lucacastelli.com\/de\/wp-json\/wp\/v2\/product"}],"about":[{"href":"https:\/\/lucacastelli.com\/de\/wp-json\/wp\/v2\/types\/product"}],"wp:featuredmedia":[{"embeddable":true,"href":"https:\/\/lucacastelli.com\/de\/wp-json\/wp\/v2\/media\/433348"}],"wp:attachment":[{"href":"https:\/\/lucacastelli.com\/de\/wp-json\/wp\/v2\/media?parent=463537"}],"wp:term":[{"taxonomy":"product_brand","embeddable":true,"href":"https:\/\/lucacastelli.com\/de\/wp-json\/wp\/v2\/product_brand?post=463537"},{"taxonomy":"product_cat","embeddable":true,"href":"https:\/\/lucacastelli.com\/de\/wp-json\/wp\/v2\/product_cat?post=463537"},{"taxonomy":"product_tag","embeddable":true,"href":"https:\/\/lucacastelli.com\/de\/wp-json\/wp\/v2\/product_tag?post=463537"}],"curies":[{"name":"wp","href":"https:\/\/api.w.org\/{rel}","templated":true}]}}