{"id":463535,"date":"2025-06-11T04:24:49","date_gmt":"2025-06-11T02:24:49","guid":{"rendered":"https:\/\/lucacastelli.com\/prodotto\/ruettelrohr-aus-beton-2\/"},"modified":"2025-07-19T17:36:32","modified_gmt":"2025-07-19T15:36:32","slug":"ruettelrohr-aus-beton-2","status":"publish","type":"product","link":"https:\/\/lucacastelli.com\/de\/produkt\/ruettelrohr-aus-beton-2\/","title":{"rendered":"MILWAUKEE Beton-R\u00fcttelrohr"},"content":{"rendered":"<p>4 m Schlauch f\u00fcr Betonr\u00fcttler<\/p>\n<p>BARCODE: 4058546348038<\/p>\n<p>Technische Daten<\/p>\n","protected":false},"excerpt":{"rendered":"<p>4 m Schlauch f\u00fcr Betonr\u00fcttler BARCODE: 4058546348038 Technische Daten<\/p>\n","protected":false},"featured_media":433338,"template":"","meta":{"_seopress_robots_primary_cat":"","_seopress_titles_title":"","_seopress_titles_desc":"","_seopress_robots_index":""},"product_brand":[3656],"product_cat":[169,1454,1565],"product_tag":[3272],"class_list":{"0":"post-463535","1":"product","2":"type-product","3":"status-publish","4":"has-post-thumbnail","6":"product_brand-milwaukee-de","7":"product_cat-maschinen","8":"product_cat-andere-gerate","9":"product_cat-betonruttler","10":"product_tag-import-milwau-de","11":"sws-gruppo-macchinari-de","12":"sws-conto-ricavi-merci-rivendita-macchinari-de","13":"sws-gruppo-iva-iva81-de","15":"first","16":"onbackorder","17":"sale","18":"purchasable","19":"product-type-simple"},"_links":{"self":[{"href":"https:\/\/lucacastelli.com\/de\/wp-json\/wp\/v2\/product\/463535","targetHints":{"allow":["GET"]}}],"collection":[{"href":"https:\/\/lucacastelli.com\/de\/wp-json\/wp\/v2\/product"}],"about":[{"href":"https:\/\/lucacastelli.com\/de\/wp-json\/wp\/v2\/types\/product"}],"wp:featuredmedia":[{"embeddable":true,"href":"https:\/\/lucacastelli.com\/de\/wp-json\/wp\/v2\/media\/433338"}],"wp:attachment":[{"href":"https:\/\/lucacastelli.com\/de\/wp-json\/wp\/v2\/media?parent=463535"}],"wp:term":[{"taxonomy":"product_brand","embeddable":true,"href":"https:\/\/lucacastelli.com\/de\/wp-json\/wp\/v2\/product_brand?post=463535"},{"taxonomy":"product_cat","embeddable":true,"href":"https:\/\/lucacastelli.com\/de\/wp-json\/wp\/v2\/product_cat?post=463535"},{"taxonomy":"product_tag","embeddable":true,"href":"https:\/\/lucacastelli.com\/de\/wp-json\/wp\/v2\/product_tag?post=463535"}],"curies":[{"name":"wp","href":"https:\/\/api.w.org\/{rel}","templated":true}]}}