{"id":463520,"date":"2025-06-11T04:20:06","date_gmt":"2025-06-11T02:20:06","guid":{"rendered":"https:\/\/lucacastelli.com\/prodotto\/ruettelkopf-aus-beton\/"},"modified":"2026-04-17T10:23:42","modified_gmt":"2026-04-17T08:23:42","slug":"ruettelkopf-aus-beton","status":"publish","type":"product","link":"https:\/\/lucacastelli.com\/de\/produkt\/ruettelkopf-aus-beton\/","title":{"rendered":"MILWAUKEE R\u00fcttelflasche f\u00fcr Betonvibrator"},"content":{"rendered":"<p>R\u00fcttelflasche 38 mm f\u00fcr Betonvibrator<\/p>\n<p>BARCODE: 4058546348052<\/p>\n<p>Technische Daten<\/p>\n","protected":false},"excerpt":{"rendered":"<p>R\u00fcttelflasche 38 mm f\u00fcr Betonvibrator BARCODE: 4058546348052 Technische Daten<\/p>\n","protected":false},"featured_media":433313,"template":"","meta":{"_seopress_robots_primary_cat":"","_seopress_titles_title":"","_seopress_titles_desc":"","_seopress_robots_index":""},"product_brand":[3407],"product_cat":[29,514,560],"product_tag":[3270],"class_list":{"0":"post-463520","1":"product","2":"type-product","3":"status-publish","4":"has-post-thumbnail","6":"product_brand-milwaukee","7":"product_cat-macchinari","8":"product_cat-altri-dispositivi","9":"product_cat-vibratore-per-calcestruzzo","10":"product_tag-import-milwau","11":"sws-gruppo-macchinari-de","12":"sws-conto-ricavi-merci-rivendita-macchinari-de","13":"sws-gruppo-iva-iva81-de","15":"first","16":"onbackorder","17":"sale","18":"purchasable","19":"product-type-simple"},"_links":{"self":[{"href":"https:\/\/lucacastelli.com\/de\/wp-json\/wp\/v2\/product\/463520","targetHints":{"allow":["GET"]}}],"collection":[{"href":"https:\/\/lucacastelli.com\/de\/wp-json\/wp\/v2\/product"}],"about":[{"href":"https:\/\/lucacastelli.com\/de\/wp-json\/wp\/v2\/types\/product"}],"wp:featuredmedia":[{"embeddable":true,"href":"https:\/\/lucacastelli.com\/de\/wp-json\/wp\/v2\/media\/433313"}],"wp:attachment":[{"href":"https:\/\/lucacastelli.com\/de\/wp-json\/wp\/v2\/media?parent=463520"}],"wp:term":[{"taxonomy":"product_brand","embeddable":true,"href":"https:\/\/lucacastelli.com\/de\/wp-json\/wp\/v2\/product_brand?post=463520"},{"taxonomy":"product_cat","embeddable":true,"href":"https:\/\/lucacastelli.com\/de\/wp-json\/wp\/v2\/product_cat?post=463520"},{"taxonomy":"product_tag","embeddable":true,"href":"https:\/\/lucacastelli.com\/de\/wp-json\/wp\/v2\/product_tag?post=463520"}],"curies":[{"name":"wp","href":"https:\/\/api.w.org\/{rel}","templated":true}]}}