{"id":463514,"date":"2025-06-11T04:19:23","date_gmt":"2025-06-11T02:19:23","guid":{"rendered":"https:\/\/lucacastelli.com\/prodotto\/vibrator-fuer-beton-4\/"},"modified":"2026-04-17T10:25:54","modified_gmt":"2026-04-17T08:25:54","slug":"vibrator-fuer-beton-4","status":"publish","type":"product","link":"https:\/\/lucacastelli.com\/de\/produkt\/vibrator-fuer-beton-4\/","title":{"rendered":"MILWAUKEE Betonr\u00fcttler"},"content":{"rendered":"<p>Kompaktes und ergonomisches Design: ideal sowohl f\u00fcr station\u00e4re als auch mobile Anwendungen&lt;br&gt; Tragegurt und Griff f\u00fcr maximale Flexibilit\u00e4t bei Gebrauch und Transport&lt;br&gt; Mit Ring ausgestattet, um an Ger\u00fcsten oder Schalungen befestigt zu werden&lt;br&gt; Der MX FUEL\u2122 Koffer-Betonr\u00fcttler ist die ideale L\u00f6sung bei der Arbeit mit W\u00e4nden und St\u00fctzen und bietet die Leistung kabelgebundener Ger\u00e4te, ohne Kabel auf dem Boden und ohne Stromanschluss auf der Baustelle&lt;br&gt; Leistungsstark: akzeptiert R\u00fcttelk\u00f6pfe bis 63 mm und erreicht \u00fcber 11.200 Vibrationen pro Minute f\u00fcr optimale Verdichtung auch in steifem Beton&lt;br&gt; Der Einschaltknopf liefert sofortige Leistung: eliminiert den Seilzugstart und reduziert Ausfallzeiten, sodass Sie die Arbeit erledigen k\u00f6nnen, ohne auf die ben\u00f6tigte Leistung und Laufzeit zu verzichten&lt;br&gt; Kompatibel mit Schl\u00e4uchen bis 6,4 m und R\u00fcttelk\u00f6pfen bis 63 mm&lt;br&gt; Verdichtet bis zu 40 m\u00b3 Beton mit 2 MXF 6,0 Ah Akkus (MXF XC406 mit 4 m Schlauch und 38 mm R\u00fcttelkopf)&lt;br&gt; Inkl. Fernbedienung f\u00fcr Fernsteuerung bis 9 m f\u00fcr maximalen Komfort&lt;br&gt; R\u00fcttelk\u00f6pfe und Schl\u00e4uche separat erh\u00e4ltlich (38 mm R\u00fcttelkopf und 4 m Schlauch in der Kit-Version enthalten)&lt;br&gt; Das MX FUEL\u2122 System erm\u00f6glicht neue akkubetriebene M\u00f6glichkeiten: Leistung von Benzin-, kabelgebundenen oder pneumatischen L\u00f6sungen, ohne die damit verbundenen Gefahren durch Emissionen, L\u00e4rm, Vibrationen, Stolperfallen sowie komplexe Wartung&lt;br&gt; Das ONE-KEY\u2122 Tracking &amp; Security System bietet einen kostenlosen cloudbasierten Bestandsverwaltungs- und Ortungsservice sowie eine Fernsperrfunktion<\/p>\n<p>BARCODE: 4058546374044<\/p>\n<p>Technische Daten<br \/>\n6,0<\/p>\n<p>2 x MXF XC406 Akkupack, MXF C Ladeger\u00e4t, geliefert ohne Kitbox oder Tasche, Fernbedienung f\u00fcr Fernsteuerung, 4 m Schlauch, 38 mm R\u00fcttelkopf<\/p>\n","protected":false},"excerpt":{"rendered":"<p>Kompaktes und ergonomisches Design: ideal sowohl f\u00fcr station\u00e4re als auch mobile Anwendungen&lt;br&gt; Tragegurt und Griff f\u00fcr maximale Flexibilit\u00e4t bei Gebrauch<\/p>\n","protected":false},"featured_media":433242,"template":"","meta":{"_seopress_robots_primary_cat":"","_seopress_titles_title":"","_seopress_titles_desc":"","_seopress_robots_index":""},"product_brand":[3407],"product_cat":[29,514,560],"product_tag":[3270],"class_list":{"0":"post-463514","1":"product","2":"type-product","3":"status-publish","4":"has-post-thumbnail","6":"product_brand-milwaukee","7":"product_cat-macchinari","8":"product_cat-altri-dispositivi","9":"product_cat-vibratore-per-calcestruzzo","10":"product_tag-import-milwau","11":"sws-gruppo-macchinari-de","12":"sws-conto-ricavi-merci-rivendita-macchinari-de","13":"sws-gruppo-iva-iva81-de","15":"first","16":"onbackorder","17":"sale","18":"purchasable","19":"product-type-simple"},"_links":{"self":[{"href":"https:\/\/lucacastelli.com\/de\/wp-json\/wp\/v2\/product\/463514","targetHints":{"allow":["GET"]}}],"collection":[{"href":"https:\/\/lucacastelli.com\/de\/wp-json\/wp\/v2\/product"}],"about":[{"href":"https:\/\/lucacastelli.com\/de\/wp-json\/wp\/v2\/types\/product"}],"wp:featuredmedia":[{"embeddable":true,"href":"https:\/\/lucacastelli.com\/de\/wp-json\/wp\/v2\/media\/433242"}],"wp:attachment":[{"href":"https:\/\/lucacastelli.com\/de\/wp-json\/wp\/v2\/media?parent=463514"}],"wp:term":[{"taxonomy":"product_brand","embeddable":true,"href":"https:\/\/lucacastelli.com\/de\/wp-json\/wp\/v2\/product_brand?post=463514"},{"taxonomy":"product_cat","embeddable":true,"href":"https:\/\/lucacastelli.com\/de\/wp-json\/wp\/v2\/product_cat?post=463514"},{"taxonomy":"product_tag","embeddable":true,"href":"https:\/\/lucacastelli.com\/de\/wp-json\/wp\/v2\/product_tag?post=463514"}],"curies":[{"name":"wp","href":"https:\/\/api.w.org\/{rel}","templated":true}]}}