{"id":463513,"date":"2025-06-11T04:17:49","date_gmt":"2025-06-11T02:17:49","guid":{"rendered":"https:\/\/lucacastelli.com\/prodotto\/vibrator-fuer-beton-3\/"},"modified":"2026-04-17T10:23:13","modified_gmt":"2026-04-17T08:23:13","slug":"vibrator-fuer-beton-3","status":"publish","type":"product","link":"https:\/\/lucacastelli.com\/de\/produkt\/vibrator-fuer-beton-3\/","title":{"rendered":"MILWAUKEE Betonvibrator"},"content":{"rendered":"<p>Kompaktes und ergonomisches Design: ideal f\u00fcr station\u00e4re und mobile Anwendungen&lt;br&gt; Schultergurt und Tragegriff f\u00fcr maximale Flexibilit\u00e4t bei Einsatz und Transport&lt;br&gt; Ausgestattet mit einem Ring zur Befestigung an Ger\u00fcsten oder Schalungen&lt;br&gt; Der MX FUEL\u2122 Akku-Rucksack-Betonvibrator ist die ideale L\u00f6sung f\u00fcr Arbeiten an W\u00e4nden und S\u00e4ulen; er bietet die Leistung von kabelgebundenen Ger\u00e4ten, ohne Stolperfallen durch Kabel und ohne die Notwendigkeit eines Stromanschlusses vor Ort&lt;br&gt; Leistungsstark: geeignet f\u00fcr Vibrationsk\u00f6pfe bis zu 63 mm und erreicht \u00fcber 11.200 Vibrationen pro Minute f\u00fcr eine optimale Verdichtung selbst bei steifstem Beton&lt;br&gt; Der Einschaltknopf liefert sofortige Leistung: Er eliminiert den Seilzugstart und reduziert Ausfallzeiten, sodass Sie die Arbeit abschlie\u00dfen k\u00f6nnen, ohne auf die ben\u00f6tigte Leistung und Laufzeit zu verzichten&lt;br&gt; Kompatibel mit Schl\u00e4uchen bis zu 6,4 m und K\u00f6pfen bis zu 63 mm&lt;br&gt; Verdichtet bis zu 40 m\u00b3 Beton mit 2 MXF 6,0 Ah Akkus (MXF XC406 mit 4 m Schlauch und 38 mm Kopf)&lt;br&gt; Inklusive Fernbedienung f\u00fcr eine Steuerung aus bis zu 9 m Entfernung f\u00fcr maximalen Komfort&lt;br&gt; K\u00f6pfe und Schl\u00e4uche separat erh\u00e4ltlich (38 mm Kopf und 4 m Schlauch in der Kit-Version enthalten)&lt;br&gt; Das MX FUEL\u2122 System erreicht neue Horizonte im Akkubetrieb: Leistung wie bei Benzin-, Kabel- oder Druckl\u00f6sungen, jedoch ohne die Gefahren durch Emissionen, L\u00e4rm, Vibrationen, Stolperfallen sowie komplexe Wartung&lt;br&gt; Das ONE-KEY\u2122 Tracking &amp; Security System bietet einen kostenlosen cloudbasierten Bestandsverwaltungs- und Ortungsservice sowie eine Fernsperrfunktion<\/p>\n<p>BARCODE: 4058546374013<\/p>\n<p>Technische Daten<br \/>\nKeine Tasche oder Box im Lieferumfang enthalten<\/p>\n<p>Lieferung ohne Akkus, ohne Ladeger\u00e4t, ohne Kitbox oder Tasche, inklusive Fernbedienung<\/p>\n","protected":false},"excerpt":{"rendered":"<p>Kompaktes und ergonomisches Design: ideal f\u00fcr station\u00e4re und mobile Anwendungen&lt;br&gt; Schultergurt und Tragegriff f\u00fcr maximale Flexibilit\u00e4t bei Einsatz und Transport&lt;br&gt;<\/p>\n","protected":false},"featured_media":433205,"template":"","meta":{"_seopress_robots_primary_cat":"","_seopress_titles_title":"","_seopress_titles_desc":"","_seopress_robots_index":""},"product_brand":[3407],"product_cat":[29,514,560],"product_tag":[3270],"class_list":{"0":"post-463513","1":"product","2":"type-product","3":"status-publish","4":"has-post-thumbnail","6":"product_brand-milwaukee","7":"product_cat-macchinari","8":"product_cat-altri-dispositivi","9":"product_cat-vibratore-per-calcestruzzo","10":"product_tag-import-milwau","11":"sws-gruppo-macchinari-de","12":"sws-conto-ricavi-merci-rivendita-macchinari-de","13":"sws-gruppo-iva-iva81-de","15":"first","16":"onbackorder","17":"sale","18":"purchasable","19":"product-type-simple"},"_links":{"self":[{"href":"https:\/\/lucacastelli.com\/de\/wp-json\/wp\/v2\/product\/463513","targetHints":{"allow":["GET"]}}],"collection":[{"href":"https:\/\/lucacastelli.com\/de\/wp-json\/wp\/v2\/product"}],"about":[{"href":"https:\/\/lucacastelli.com\/de\/wp-json\/wp\/v2\/types\/product"}],"wp:featuredmedia":[{"embeddable":true,"href":"https:\/\/lucacastelli.com\/de\/wp-json\/wp\/v2\/media\/433205"}],"wp:attachment":[{"href":"https:\/\/lucacastelli.com\/de\/wp-json\/wp\/v2\/media?parent=463513"}],"wp:term":[{"taxonomy":"product_brand","embeddable":true,"href":"https:\/\/lucacastelli.com\/de\/wp-json\/wp\/v2\/product_brand?post=463513"},{"taxonomy":"product_cat","embeddable":true,"href":"https:\/\/lucacastelli.com\/de\/wp-json\/wp\/v2\/product_cat?post=463513"},{"taxonomy":"product_tag","embeddable":true,"href":"https:\/\/lucacastelli.com\/de\/wp-json\/wp\/v2\/product_tag?post=463513"}],"curies":[{"name":"wp","href":"https:\/\/api.w.org\/{rel}","templated":true}]}}