{"id":463510,"date":"2025-06-11T04:16:10","date_gmt":"2025-06-11T02:16:10","guid":{"rendered":"https:\/\/lucacastelli.com\/prodotto\/vibrator-fuer-beton-2\/"},"modified":"2025-07-19T17:35:55","modified_gmt":"2025-07-19T15:35:55","slug":"vibrator-fuer-beton-2","status":"publish","type":"product","link":"https:\/\/lucacastelli.com\/de\/produkt\/vibrator-fuer-beton-2\/","title":{"rendered":"MILWAUKEE Betonvibrator"},"content":{"rendered":"<p>Der MX FUEL\u2122 Rucksack-Betonvibrator ist die ideale L\u00f6sung f\u00fcr Arbeiten auf gro\u00dfen Fl\u00e4chen: Er bietet die Leistung eines kabelgebundenen Werkzeugs, ohne Kabelsalat und ohne die Notwendigkeit einer Steckdose am Arbeitsplatz&lt;br&gt; Mit einer vibrierenden Nadel mit einem Durchmesser von bis zu 63 mm erzeugt er mehr als 11.200 Vibrationen pro Minute f\u00fcr eine optimale Verfestigung,  Selbst im steifsten&lt;Beton BR&gt; erzeugt der Power-Knopf sofort Strom \u2013 ein langsamer R\u00fccksto\u00df geh\u00f6rt der Vergangenheit an. Dies gew\u00e4hrleistet maximale Produktivit\u00e4t, kombiniert mit der Reichweite und Leistung, die Sie ben\u00f6tigen &lt;Br&gt;  Durch den modularen Aufbau kann der Rucksackgurt abgenommen werden, um die Verwendung an W\u00e4nden und S\u00e4ulen zu erleichtern&lt;Br&gt;  Modularer Aufbau: Mit nur einem Klick vom Rucksack zur Aktentasche&lt;Br&gt;  Kompatibel mit Rohren mit einer L\u00e4nge von bis zu 6,4 Metern und K\u00f6pfen mit einem Durchmesser von bis zu 63 mm&lt;Br&gt;  Verfestigen Sie bis zu 80 m\u00b3 Beton mit 2 x MXF XC406 Batterien (6,0 Ah)&lt;Br&gt;  Mit der Fernbedienung kann das Werkzeug aus einer Entfernung von bis zu 9 Metern bedient werden, f\u00fcr maximale Freiheit und Leichtigkeit bei der Verwendung langer vibrierender Nadeln&lt;Br&gt;  Systemzubeh\u00f6r, K\u00f6pfe und Schl\u00e4uche separat erh\u00e4ltlich (38 mm Kopf und 2 m Schlauch in der Kit-Version enthalten)&lt;Br&gt;  Das MX FUEL-System\u2122 erm\u00f6glicht es Ihnen, neue Horizonte mit der Batterie zu erreichen: Leistung von Benzin-, Draht- oder pneumatischen L\u00f6sungen, wodurch die Gefahren eliminiert werden, die mit Emissionen, L\u00e4rm, Vibrationen, Stolpern und komplexer Wartung verbunden sind&lt;Br&gt;  Das ONE-KEY\u2122 Tracking &amp; Security-System bietet einen kostenlosen Cloud-basierten Tracking- und Bestandsverwaltungsdienst und verf\u00fcgt gleichzeitig \u00fcber Funktionen zur Fernverriegelung und Anpassung der Werkzeugleistung&lt;Br&gt;  Ausgestattet mit Fernbedienung f\u00fcr die Fernbedienung<\/p>\n<p>STRICHCODE: 4058546373856<\/p>\n<p>Technische<br \/>\nDaten 6.0<\/p>\n<p>2 x MXF XC406 Akkupack, MXF C Ladeger\u00e4t, Lieferung ohne Kitbox oder Tasche, Fernbedienung f\u00fcr Fernbedienung<\/p>\n","protected":false},"excerpt":{"rendered":"<p>Der MX FUEL\u2122 Rucksack-Betonvibrator ist die ideale L\u00f6sung f\u00fcr Arbeiten auf gro\u00dfen Fl\u00e4chen: Er bietet die Leistung eines kabelgebundenen Werkzeugs,<\/p>\n","protected":false},"featured_media":433139,"template":"","meta":{"_seopress_robots_primary_cat":"","_seopress_titles_title":"","_seopress_titles_desc":"","_seopress_robots_index":""},"product_brand":[3407],"product_cat":[29,514,560],"product_tag":[3270],"class_list":{"0":"post-463510","1":"product","2":"type-product","3":"status-publish","4":"has-post-thumbnail","6":"product_brand-milwaukee","7":"product_cat-macchinari","8":"product_cat-altri-dispositivi","9":"product_cat-vibratore-per-calcestruzzo","10":"product_tag-import-milwau","11":"sws-gruppo-macchinari-de","12":"sws-conto-ricavi-merci-rivendita-macchinari-de","13":"sws-gruppo-iva-iva81-de","15":"first","16":"onbackorder","17":"sale","18":"purchasable","19":"product-type-simple"},"_links":{"self":[{"href":"https:\/\/lucacastelli.com\/de\/wp-json\/wp\/v2\/product\/463510","targetHints":{"allow":["GET"]}}],"collection":[{"href":"https:\/\/lucacastelli.com\/de\/wp-json\/wp\/v2\/product"}],"about":[{"href":"https:\/\/lucacastelli.com\/de\/wp-json\/wp\/v2\/types\/product"}],"wp:featuredmedia":[{"embeddable":true,"href":"https:\/\/lucacastelli.com\/de\/wp-json\/wp\/v2\/media\/433139"}],"wp:attachment":[{"href":"https:\/\/lucacastelli.com\/de\/wp-json\/wp\/v2\/media?parent=463510"}],"wp:term":[{"taxonomy":"product_brand","embeddable":true,"href":"https:\/\/lucacastelli.com\/de\/wp-json\/wp\/v2\/product_brand?post=463510"},{"taxonomy":"product_cat","embeddable":true,"href":"https:\/\/lucacastelli.com\/de\/wp-json\/wp\/v2\/product_cat?post=463510"},{"taxonomy":"product_tag","embeddable":true,"href":"https:\/\/lucacastelli.com\/de\/wp-json\/wp\/v2\/product_tag?post=463510"}],"curies":[{"name":"wp","href":"https:\/\/api.w.org\/{rel}","templated":true}]}}