{"id":463506,"date":"2025-06-11T04:16:59","date_gmt":"2025-06-11T02:16:59","guid":{"rendered":"https:\/\/lucacastelli.com\/prodotto\/vibrator-fuer-beton\/"},"modified":"2026-04-17T10:28:06","modified_gmt":"2026-04-17T08:28:06","slug":"vibrator-fuer-beton","status":"publish","type":"product","link":"https:\/\/lucacastelli.com\/de\/produkt\/vibrator-fuer-beton\/","title":{"rendered":"MILWAUKEE Betonvibrator"},"content":{"rendered":"<p>Der MX FUEL\u2122 Rucksack-Betonvibrator ist die ideale L\u00f6sung f\u00fcr grosse Fl\u00e4chen: Er bietet die Leistung eines kabelgebundenen Ger\u00e4ts, ohne st\u00f6rende Kabel und ohne die Notwendigkeit eines Stromanschlusses vor Ort&lt;br&gt; Mit einer R\u00fcttelflasche bis zu 63 mm Durchmesser erzeugt er \u00fcber 11.200 Schwingungen pro Minute f\u00fcr eine optimale Verdichtung, selbst bei steifstem Beton&lt;br&gt; Der Startknopf liefert sofortige Leistung: M\u00fchsames Seilzugstarten geh\u00f6rt der Vergangenheit an. Dies sorgt f\u00fcr maximale Produktivit\u00e4t, kombiniert mit der Laufzeit und Leistung, die Sie ben\u00f6tigen &lt;br&gt; Das modulare Design erm\u00f6glicht das Abnehmen des Rucksackgurts f\u00fcr einen einfacheren Einsatz an W\u00e4nden und S\u00e4ulen&lt;br&gt; Modulares Design: Mit nur einem Klick vom Rucksack zum Koffer&lt;br&gt; Kompatibel mit Schl\u00e4uchen bis zu 6,4 m L\u00e4nge und K\u00f6pfen bis zu 63 mm Durchmesser&lt;br&gt; Verdichtet bis zu 80 m\u00b3 Beton mit 2 MXF XC406 Akkus (6,0 Ah)&lt;br&gt; Die Fernbedienung erm\u00f6glicht die Bedienung aus bis zu 9 m Entfernung f\u00fcr maximale Freiheit und Komfort bei der Verwendung langer R\u00fcttelflaschen&lt;br&gt; Systemzubeh\u00f6r, K\u00f6pfe und Schl\u00e4uche separat erh\u00e4ltlich (38 mm Kopf und 2 m Schlauch im Kit enthalten)&lt;br&gt; Das MX FUEL\u2122 System erreicht neue Dimensionen im Akkubetrieb: Leistung wie bei Benzin-, Kabel- oder Druckluftger\u00e4ten, ohne Gefahren durch Emissionen, L\u00e4rm, Vibrationen, Stolperfallen oder komplexe Wartung&lt;br&gt; Das ONE-KEY\u2122 Tracking &amp; Security System bietet ein kostenloses cloudbasiertes Bestandsverwaltungs- und Ortungsnetzwerk sowie Fernsperrfunktionen und Leistungsanpassung&lt;br&gt; Inklusive Fernbedienung<\/p>\n<p>BARCODE: 4058546373870<\/p>\n<p>Technische Daten<br \/>\n6,0<\/p>\n<p>2 x MXF XC406 Akkupacks, MXF C Ladeger\u00e4t, Lieferung ohne Koffer oder Tasche, 2 m Schlauch, 38 mm Kopf, Fernbedienung<\/p>\n","protected":false},"excerpt":{"rendered":"<p>Der MX FUEL\u2122 Rucksack-Betonvibrator ist die ideale L\u00f6sung f\u00fcr grosse Fl\u00e4chen: Er bietet die Leistung eines kabelgebundenen Ger\u00e4ts, ohne st\u00f6rende<\/p>\n","protected":false},"featured_media":433176,"template":"","meta":{"_seopress_robots_primary_cat":"","_seopress_titles_title":"","_seopress_titles_desc":"","_seopress_robots_index":""},"product_brand":[3407],"product_cat":[29,514,560],"product_tag":[3270],"class_list":{"0":"post-463506","1":"product","2":"type-product","3":"status-publish","4":"has-post-thumbnail","6":"product_brand-milwaukee","7":"product_cat-macchinari","8":"product_cat-altri-dispositivi","9":"product_cat-vibratore-per-calcestruzzo","10":"product_tag-import-milwau","11":"sws-gruppo-macchinari-de","12":"sws-conto-ricavi-merci-rivendita-macchinari-de","13":"sws-gruppo-iva-iva81-de","15":"first","16":"onbackorder","17":"sale","18":"purchasable","19":"product-type-simple"},"_links":{"self":[{"href":"https:\/\/lucacastelli.com\/de\/wp-json\/wp\/v2\/product\/463506","targetHints":{"allow":["GET"]}}],"collection":[{"href":"https:\/\/lucacastelli.com\/de\/wp-json\/wp\/v2\/product"}],"about":[{"href":"https:\/\/lucacastelli.com\/de\/wp-json\/wp\/v2\/types\/product"}],"wp:featuredmedia":[{"embeddable":true,"href":"https:\/\/lucacastelli.com\/de\/wp-json\/wp\/v2\/media\/433176"}],"wp:attachment":[{"href":"https:\/\/lucacastelli.com\/de\/wp-json\/wp\/v2\/media?parent=463506"}],"wp:term":[{"taxonomy":"product_brand","embeddable":true,"href":"https:\/\/lucacastelli.com\/de\/wp-json\/wp\/v2\/product_brand?post=463506"},{"taxonomy":"product_cat","embeddable":true,"href":"https:\/\/lucacastelli.com\/de\/wp-json\/wp\/v2\/product_cat?post=463506"},{"taxonomy":"product_tag","embeddable":true,"href":"https:\/\/lucacastelli.com\/de\/wp-json\/wp\/v2\/product_tag?post=463506"}],"curies":[{"name":"wp","href":"https:\/\/api.w.org\/{rel}","templated":true}]}}