{"id":463504,"date":"2025-06-11T04:14:36","date_gmt":"2025-06-11T02:14:36","guid":{"rendered":"https:\/\/lucacastelli.com\/prodotto\/ruettelbohle-bohlenstaebe-5\/"},"modified":"2026-04-17T10:23:13","modified_gmt":"2026-04-17T08:23:13","slug":"ruettelbohle-bohlenstaebe-5","status":"publish","type":"product","link":"https:\/\/lucacastelli.com\/de\/produkt\/ruettelbohle-bohlenstaebe-5\/","title":{"rendered":"MILWAUKEE Abziehbohlen f\u00fcr R\u00fcttelbohle"},"content":{"rendered":"<p>Unsere Abziehbohlen verf\u00fcgen \u00fcber ein extrem steifes Doppeldreieck-Design, das eine gleichm\u00e4ssige Vibrations\u00fcbertragung \u00fcber die gesamte L\u00e4nge der Bohle gew\u00e4hrleistet&lt;br&gt; Abziehbohlen aus leichtem Magnesium zur Reduzierung des Werkzeuggewichts&lt;br&gt; Klemmdesign ohne Bohrungen in der Bohle f\u00fcr eine einfache und schnelle Befestigung der Abziehbohle am Ger\u00e4t&lt;br&gt; Abziehbohlen erh\u00e4ltlich von 1,22 m bis 4,87 m&lt;br&gt; Kompatibel mit der MX FUEL\u2122 R\u00fcttelbohle<\/p>\n<p>BARCODE: 4058546375768<\/p>\n<p>Technische Daten<br \/>\n14,6<\/p>\n","protected":false},"excerpt":{"rendered":"<p>Unsere Abziehbohlen verf\u00fcgen \u00fcber ein extrem steifes Doppeldreieck-Design, das eine gleichm\u00e4ssige Vibrations\u00fcbertragung \u00fcber die gesamte L\u00e4nge der Bohle gew\u00e4hrleistet&lt;br&gt; Abziehbohlen<\/p>\n","protected":false},"featured_media":433085,"template":"","meta":{"_seopress_robots_primary_cat":"","_seopress_titles_title":"","_seopress_titles_desc":"","_seopress_robots_index":""},"product_brand":[3656],"product_cat":[1454,1565,169],"product_tag":[3272],"class_list":{"0":"post-463504","1":"product","2":"type-product","3":"status-publish","4":"has-post-thumbnail","6":"product_brand-milwaukee-de","7":"product_cat-andere-gerate","8":"product_cat-betonruttler","9":"product_cat-maschinen","10":"product_tag-import-milwau-de","11":"sws-gruppo-macchinari-de","12":"sws-conto-ricavi-merci-rivendita-macchinari-de","13":"sws-gruppo-iva-iva81-de","15":"first","16":"onbackorder","17":"sale","18":"purchasable","19":"product-type-simple"},"_links":{"self":[{"href":"https:\/\/lucacastelli.com\/de\/wp-json\/wp\/v2\/product\/463504","targetHints":{"allow":["GET"]}}],"collection":[{"href":"https:\/\/lucacastelli.com\/de\/wp-json\/wp\/v2\/product"}],"about":[{"href":"https:\/\/lucacastelli.com\/de\/wp-json\/wp\/v2\/types\/product"}],"wp:featuredmedia":[{"embeddable":true,"href":"https:\/\/lucacastelli.com\/de\/wp-json\/wp\/v2\/media\/433085"}],"wp:attachment":[{"href":"https:\/\/lucacastelli.com\/de\/wp-json\/wp\/v2\/media?parent=463504"}],"wp:term":[{"taxonomy":"product_brand","embeddable":true,"href":"https:\/\/lucacastelli.com\/de\/wp-json\/wp\/v2\/product_brand?post=463504"},{"taxonomy":"product_cat","embeddable":true,"href":"https:\/\/lucacastelli.com\/de\/wp-json\/wp\/v2\/product_cat?post=463504"},{"taxonomy":"product_tag","embeddable":true,"href":"https:\/\/lucacastelli.com\/de\/wp-json\/wp\/v2\/product_tag?post=463504"}],"curies":[{"name":"wp","href":"https:\/\/api.w.org\/{rel}","templated":true}]}}