{"id":463496,"date":"2025-06-11T04:11:17","date_gmt":"2025-06-11T02:11:17","guid":{"rendered":"https:\/\/lucacastelli.com\/prodotto\/ruettelbohle-bohlenstaebe-2\/"},"modified":"2026-04-17T10:22:59","modified_gmt":"2026-04-17T08:22:59","slug":"ruettelbohle-bohlenstaebe-2","status":"publish","type":"product","link":"https:\/\/lucacastelli.com\/de\/produkt\/ruettelbohle-bohlenstaebe-2\/","title":{"rendered":"MILWAUKEE Abziehbalken f\u00fcr Vibrationsbohle"},"content":{"rendered":"<p>Unsere Abziehbalken verf\u00fcgen \u00fcber ein extrem steifes Doppeldreieck-Design, das eine gleichm\u00e4\u00dfige Vibrations\u00fcbertragung \u00fcber die gesamte Balkenl\u00e4nge gew\u00e4hrleistet.&lt;br&gt; Leichte Magnesium-Abziehbalken zur Reduzierung des Werkzeuggewichts&lt;br&gt; Klemmdesign ohne Bohrungen im Balken f\u00fcr eine schnelle und einfache Befestigung des Abziehbalkens am Ger\u00e4t&lt;br&gt; Abziehbalken erh\u00e4ltlich von 1,22 m bis 4,87 m&lt;br&gt; Kompatibel mit der MX FUEL\u2122 Vibrationsbohle<\/p>\n<p>BARCODE: 4058546375737<\/p>\n<p>Technische Daten<br \/>\n9,1<\/p>\n","protected":false},"excerpt":{"rendered":"<p>Unsere Abziehbalken verf\u00fcgen \u00fcber ein extrem steifes Doppeldreieck-Design, das eine gleichm\u00e4\u00dfige Vibrations\u00fcbertragung \u00fcber die gesamte Balkenl\u00e4nge gew\u00e4hrleistet.&lt;br&gt; Leichte Magnesium-Abziehbalken zur<\/p>\n","protected":false},"featured_media":433034,"template":"","meta":{"_seopress_robots_primary_cat":"","_seopress_titles_title":"","_seopress_titles_desc":"","_seopress_robots_index":""},"product_brand":[3407],"product_cat":[29,514,560],"product_tag":[3270],"class_list":{"0":"post-463496","1":"product","2":"type-product","3":"status-publish","4":"has-post-thumbnail","6":"product_brand-milwaukee","7":"product_cat-macchinari","8":"product_cat-altri-dispositivi","9":"product_cat-vibratore-per-calcestruzzo","10":"product_tag-import-milwau","11":"sws-gruppo-macchinari-de","12":"sws-conto-ricavi-merci-rivendita-macchinari-de","13":"sws-gruppo-iva-iva81-de","15":"first","16":"onbackorder","17":"sale","18":"purchasable","19":"product-type-simple"},"_links":{"self":[{"href":"https:\/\/lucacastelli.com\/de\/wp-json\/wp\/v2\/product\/463496","targetHints":{"allow":["GET"]}}],"collection":[{"href":"https:\/\/lucacastelli.com\/de\/wp-json\/wp\/v2\/product"}],"about":[{"href":"https:\/\/lucacastelli.com\/de\/wp-json\/wp\/v2\/types\/product"}],"wp:featuredmedia":[{"embeddable":true,"href":"https:\/\/lucacastelli.com\/de\/wp-json\/wp\/v2\/media\/433034"}],"wp:attachment":[{"href":"https:\/\/lucacastelli.com\/de\/wp-json\/wp\/v2\/media?parent=463496"}],"wp:term":[{"taxonomy":"product_brand","embeddable":true,"href":"https:\/\/lucacastelli.com\/de\/wp-json\/wp\/v2\/product_brand?post=463496"},{"taxonomy":"product_cat","embeddable":true,"href":"https:\/\/lucacastelli.com\/de\/wp-json\/wp\/v2\/product_cat?post=463496"},{"taxonomy":"product_tag","embeddable":true,"href":"https:\/\/lucacastelli.com\/de\/wp-json\/wp\/v2\/product_tag?post=463496"}],"curies":[{"name":"wp","href":"https:\/\/api.w.org\/{rel}","templated":true}]}}