{"id":463490,"date":"2025-06-11T04:10:22","date_gmt":"2025-06-11T02:10:22","guid":{"rendered":"https:\/\/lucacastelli.com\/prodotto\/ruettelbohle-bohlenstaebe\/"},"modified":"2026-04-17T10:23:28","modified_gmt":"2026-04-17T08:23:28","slug":"ruettelbohle-bohlenstaebe","status":"publish","type":"product","link":"https:\/\/lucacastelli.com\/de\/produkt\/ruettelbohle-bohlenstaebe\/","title":{"rendered":"MILWAUKEE Abziehpatsche f\u00fcr Vibrationsbohle"},"content":{"rendered":"<p>Unsere Abziehpatsche verf\u00fcgt \u00fcber ein extrem steifes Doppeldreieck-Design, das eine gleichm\u00e4\u00dfige Vibrations\u00fcbertragung \u00fcber die gesamte L\u00e4nge des Profils gew\u00e4hrleistet&lt;br&gt; Abziehpatsche aus leichtem Magnesium zur Reduzierung des Werkzeuggewichts&lt;br&gt; Klemmdesign ohne Bohrungen im Profil f\u00fcr eine schnelle und einfache Befestigung der Abziehpatsche am Ger\u00e4t&lt;br&gt; Abziehpatsche erh\u00e4ltlich von 1,22 m bis 4,87 m&lt;br&gt; Kompatibel mit der MX FUEL\u2122 Vibrationsbohle<\/p>\n<p>BARCODE: 4058546375720<\/p>\n<p>Technische Daten<br \/>\n7,3<\/p>\n","protected":false},"excerpt":{"rendered":"<p>Unsere Abziehpatsche verf\u00fcgt \u00fcber ein extrem steifes Doppeldreieck-Design, das eine gleichm\u00e4\u00dfige Vibrations\u00fcbertragung \u00fcber die gesamte L\u00e4nge des Profils gew\u00e4hrleistet&lt;br&gt; Abziehpatsche<\/p>\n","protected":false},"featured_media":433017,"template":"","meta":{"_seopress_robots_primary_cat":"","_seopress_titles_title":"","_seopress_titles_desc":"","_seopress_robots_index":""},"product_brand":[3656],"product_cat":[169,1454,1565],"product_tag":[3272],"class_list":{"0":"post-463490","1":"product","2":"type-product","3":"status-publish","4":"has-post-thumbnail","6":"product_brand-milwaukee-de","7":"product_cat-maschinen","8":"product_cat-andere-gerate","9":"product_cat-betonruttler","10":"product_tag-import-milwau-de","11":"sws-gruppo-macchinari-de","12":"sws-conto-ricavi-merci-rivendita-macchinari-de","13":"sws-gruppo-iva-iva81-de","15":"first","16":"onbackorder","17":"sale","18":"purchasable","19":"product-type-simple"},"_links":{"self":[{"href":"https:\/\/lucacastelli.com\/de\/wp-json\/wp\/v2\/product\/463490","targetHints":{"allow":["GET"]}}],"collection":[{"href":"https:\/\/lucacastelli.com\/de\/wp-json\/wp\/v2\/product"}],"about":[{"href":"https:\/\/lucacastelli.com\/de\/wp-json\/wp\/v2\/types\/product"}],"wp:featuredmedia":[{"embeddable":true,"href":"https:\/\/lucacastelli.com\/de\/wp-json\/wp\/v2\/media\/433017"}],"wp:attachment":[{"href":"https:\/\/lucacastelli.com\/de\/wp-json\/wp\/v2\/media?parent=463490"}],"wp:term":[{"taxonomy":"product_brand","embeddable":true,"href":"https:\/\/lucacastelli.com\/de\/wp-json\/wp\/v2\/product_brand?post=463490"},{"taxonomy":"product_cat","embeddable":true,"href":"https:\/\/lucacastelli.com\/de\/wp-json\/wp\/v2\/product_cat?post=463490"},{"taxonomy":"product_tag","embeddable":true,"href":"https:\/\/lucacastelli.com\/de\/wp-json\/wp\/v2\/product_tag?post=463490"}],"curies":[{"name":"wp","href":"https:\/\/api.w.org\/{rel}","templated":true}]}}