{"id":463489,"date":"2025-06-10T14:35:48","date_gmt":"2025-06-10T12:35:48","guid":{"rendered":"https:\/\/lucacastelli.com\/prodotto\/fsa-50-saetze\/"},"modified":"2026-04-16T21:24:52","modified_gmt":"2026-04-16T19:24:52","slug":"fsa-50-saetze","status":"publish","type":"product","link":"https:\/\/lucacastelli.com\/de\/produkt\/fsa-50-saetze\/","title":{"rendered":"STIHL FSA 50 Akku-Rasentrimmer-Set mit AK 10 und Ladeger\u00e4t AL 101"},"content":{"rendered":"<h2 class=\"product-details__title\">FSA 50 Set mit Akku AK 10 und Ladeger\u00e4t AL 101: M\u00e4hen und Reinigen im Garten mit einem Handgriff<\/h2>\n<div class=\"product-details__description richtexteditor\">\n<p>Der Akku-Freischneider STIHL FSA 50 zeichnet sich durch die Kombination von hoher Schnittleistung, geringem Gewicht und zahlreichen Einstellm\u00f6glichkeiten aus, ideal f\u00fcr private Arbeiten im heimischen Garten. Die STIHL FSA 50 eignet sich f\u00fcr Ausputzarbeiten, das M\u00e4hen kleiner Rasenfl\u00e4chen und das Trimmen von Rasenkanten. Die intelligente Elektronik erm\u00f6glicht es der FSA 50, unabh\u00e4ngig vom Ladezustand des Akkus eine konstante und volle Leistung beizubehalten.  <\/p>\n<p>Der Elektromotor ist besonders leise, was dieses Ger\u00e4t f\u00fcr den Einsatz in l\u00e4rmsensiblen Bereichen pr\u00e4destiniert \u2013 ein grosser Vorteil vor allem im Garten und rund um das Haus.<\/p>\n<p>Besonderes Augenmerk wurde auf die Ergonomie des Freischneiders gelegt: Schaftl\u00e4nge und Rundumgriff lassen sich werkzeuglos verstellen, w\u00e4hrend der M\u00e4hkopf in 3 Positionen neigbar ist. Zudem l\u00e4sst sich die STIHL FSA 50 schnell und werkzeuglos vom Freischneider zum Kantenschneider umfunktionieren. <\/p>\n<p>Ein weiterer Vorteil ist der flexible, klappbare Abstandshalter, der ein schonendes und pr\u00e4zises M\u00e4hen fast ohne R\u00fcckst\u00e4nde um Pflanzen, Str\u00e4ucher und Gegenst\u00e4nde erm\u00f6glicht.<\/p>\n<p>Dank der variablen Drehzahlregulierung des Elektromotors kann die Drehzahl stufenlos an die verschiedenen Anwendungen angepasst werden, was den Energieverbrauch senkt und so die Akkulaufzeit erh\u00f6ht.<\/p>\n<\/div>\n<p>&nbsp;<\/p>\n<p>&nbsp;<\/p>\n<p>&nbsp;<\/p>\n","protected":false},"excerpt":{"rendered":"<p>FSA 50 Set mit Akku AK 10 und Ladeger\u00e4t AL 101: M\u00e4hen und Reinigen im Garten mit einem Handgriff Der<\/p>\n","protected":false},"featured_media":453507,"template":"","meta":{"_seopress_robots_primary_cat":"none","_seopress_titles_title":"","_seopress_titles_desc":"","_seopress_robots_index":""},"product_brand":[3554],"product_cat":[169,1581,1609],"product_tag":[],"class_list":{"0":"post-463489","1":"product","2":"type-product","3":"status-publish","4":"has-post-thumbnail","6":"product_brand-stihl-de","7":"product_cat-maschinen","8":"product_cat-freischneider-und-trimmer","9":"product_cat-akkubetriebene-freischneider-und-trimmer","10":"sws-gruppo-macchinari-de","11":"sws-conto-ricavi-merci-rivendita-macchinari-de","12":"sws-gruppo-iva-iva81-de","14":"first","15":"instock","16":"sale","17":"shipping-taxable","18":"purchasable","19":"product-type-simple"},"_links":{"self":[{"href":"https:\/\/lucacastelli.com\/de\/wp-json\/wp\/v2\/product\/463489","targetHints":{"allow":["GET"]}}],"collection":[{"href":"https:\/\/lucacastelli.com\/de\/wp-json\/wp\/v2\/product"}],"about":[{"href":"https:\/\/lucacastelli.com\/de\/wp-json\/wp\/v2\/types\/product"}],"wp:featuredmedia":[{"embeddable":true,"href":"https:\/\/lucacastelli.com\/de\/wp-json\/wp\/v2\/media\/453507"}],"wp:attachment":[{"href":"https:\/\/lucacastelli.com\/de\/wp-json\/wp\/v2\/media?parent=463489"}],"wp:term":[{"taxonomy":"product_brand","embeddable":true,"href":"https:\/\/lucacastelli.com\/de\/wp-json\/wp\/v2\/product_brand?post=463489"},{"taxonomy":"product_cat","embeddable":true,"href":"https:\/\/lucacastelli.com\/de\/wp-json\/wp\/v2\/product_cat?post=463489"},{"taxonomy":"product_tag","embeddable":true,"href":"https:\/\/lucacastelli.com\/de\/wp-json\/wp\/v2\/product_tag?post=463489"}],"curies":[{"name":"wp","href":"https:\/\/api.w.org\/{rel}","templated":true}]}}