{"id":463484,"date":"2025-06-10T14:42:12","date_gmt":"2025-06-10T12:42:12","guid":{"rendered":"https:\/\/lucacastelli.com\/prodotto\/fsa-50\/"},"modified":"2025-06-28T03:58:59","modified_gmt":"2025-06-28T01:58:59","slug":"fsa-50","status":"publish","type":"product","link":"https:\/\/lucacastelli.com\/de\/produkt\/fsa-50\/","title":{"rendered":"STIHL Akku-Kantenschneider FSA 50 (nur Maschine)"},"content":{"rendered":"<h2 class=\"product-details__title\">F\u00fcr Schneid- und Veredelungsarbeiten im privaten Bereich<\/h2>\n<div class=\"product-details__description richtexteditor\">\n<p>Die <strong>Akku-Motorsense STIHL FSA 50<\/strong>, die zum <strong>STIHL AK System<\/strong> geh\u00f6rt, besticht durch <strong>ihre Kombination aus hoher Schnittleistung<\/strong>, <strong>geringem Gewicht<\/strong> und <strong>zahlreichen Einstellm\u00f6glichkeiten<\/strong> und eignet sich damit ideal f\u00fcr die private Arbeit im heimischen Garten. STIHL FSA 50 eignet sich f\u00fcr Trimmarbeiten, zum Schneiden kleiner Rasenfl\u00e4chen und zum Trimmen von Rasenkanten. Intelligente Elektronik erm\u00f6glicht es Ihnen, unabh\u00e4ngig vom Ladezustand des Akkus <strong>immer mit konstanter und maximaler Leistung zu arbeiten<\/strong>. Der Elektromotor ist besonders leise und eignet sich daher perfekt f\u00fcr den Einsatz in <strong>l\u00e4rmsensiblen Bereichen<\/strong> wie Hausg\u00e4rten oder Wohngebieten.   <\/p>\n<p>Besonderes Augenmerk wurde auf <strong>die Ergonomie<\/strong> gelegt: Die L\u00e4nge des Schaftes und des B\u00fcgelgriffs sind <strong>ohne Werkzeug verstellbar<\/strong>, und der Schneidkopf kann <strong>in 3 Positionen gekippt<\/strong> werden. Ein weiterer Vorteil ist der <strong>flexibel abklappbare Abstandshalter<\/strong>, der ein pr\u00e4zises und schonendes Schneiden um B\u00e4ume, Str\u00e4ucher und Gegenst\u00e4nde herum erm\u00f6glicht \u2013 nahezu r\u00fcckstandsfrei. <\/p>\n<p>Dank <strong>der variablen Drehzahlregelung des Elektromotors<\/strong> kann die Drehzahl stufenlos an die jeweilige Anwendung angepasst werden. Dies reduziert den <strong>Stromverbrauch<\/strong> und <strong>verl\u00e4ngert die Akkulaufzeit<\/strong>. STIHL Die FSA 50 ist serienm\u00e4\u00dfig mit dem <strong>STIHL AutoCut C 3-2 Trimmerkopf<\/strong> ausgestattet, der sich bei Bodenkontakt automatisch anpasst und bequem von au\u00dfen nachgeladen werden kann, ohne das Geh\u00e4use zu \u00f6ffnen. Als optionales Zubeh\u00f6r ist auch der <strong>STIHL PolyCut 3-2 B\u00fcrstenkopf<\/strong> mit Kunststoffklingen erh\u00e4ltlich, der auch ohne Werkzeug ausgetauscht werden kann. Dank des praktischen <strong>Aufh\u00e4ngehakens<\/strong> kann STIHL FSA 50 platzsparend an der Wand verstaut werden    <\/p>\n<\/div>\n","protected":false},"excerpt":{"rendered":"<p>F\u00fcr Schneid- und Veredelungsarbeiten im privaten Bereich Die Akku-Motorsense STIHL FSA 50, die zum STIHL AK System geh\u00f6rt, besticht durch<\/p>\n","protected":false},"featured_media":453503,"template":"","meta":{"_seopress_robots_primary_cat":"none","_seopress_titles_title":"","_seopress_titles_desc":"","_seopress_robots_index":""},"product_brand":[3366],"product_cat":[29,270,281],"product_tag":[],"class_list":{"0":"post-463484","1":"product","2":"type-product","3":"status-publish","4":"has-post-thumbnail","6":"product_brand-stihl","7":"product_cat-macchinari","8":"product_cat-decespugliatori-e-tagliabordi","9":"product_cat-decespugliatori-e-tagliabordi-a-batteria","10":"sws-gruppo-macchinari-de","11":"sws-conto-ricavi-merci-rivendita-macchinari-de","12":"sws-gruppo-iva-iva81-de","14":"first","15":"instock","16":"shipping-taxable","17":"purchasable","18":"product-type-simple"},"_links":{"self":[{"href":"https:\/\/lucacastelli.com\/de\/wp-json\/wp\/v2\/product\/463484","targetHints":{"allow":["GET"]}}],"collection":[{"href":"https:\/\/lucacastelli.com\/de\/wp-json\/wp\/v2\/product"}],"about":[{"href":"https:\/\/lucacastelli.com\/de\/wp-json\/wp\/v2\/types\/product"}],"wp:featuredmedia":[{"embeddable":true,"href":"https:\/\/lucacastelli.com\/de\/wp-json\/wp\/v2\/media\/453503"}],"wp:attachment":[{"href":"https:\/\/lucacastelli.com\/de\/wp-json\/wp\/v2\/media?parent=463484"}],"wp:term":[{"taxonomy":"product_brand","embeddable":true,"href":"https:\/\/lucacastelli.com\/de\/wp-json\/wp\/v2\/product_brand?post=463484"},{"taxonomy":"product_cat","embeddable":true,"href":"https:\/\/lucacastelli.com\/de\/wp-json\/wp\/v2\/product_cat?post=463484"},{"taxonomy":"product_tag","embeddable":true,"href":"https:\/\/lucacastelli.com\/de\/wp-json\/wp\/v2\/product_tag?post=463484"}],"curies":[{"name":"wp","href":"https:\/\/api.w.org\/{rel}","templated":true}]}}