{"id":463481,"date":"2025-06-03T14:48:32","date_gmt":"2025-06-03T12:48:32","guid":{"rendered":"https:\/\/lucacastelli.com\/prodotto\/hsa-150-t-75-cm\/"},"modified":"2025-06-03T14:48:32","modified_gmt":"2025-06-03T12:48:32","slug":"hsa-150-t-75-cm","status":"publish","type":"product","link":"https:\/\/lucacastelli.com\/de\/produkt\/hsa-150-t-75-cm\/","title":{"rendered":"HSA 150 T 75 cm"},"content":{"rendered":"<h2>Akku-Power f\u00fcr Profis<\/h2>\n<p>Extrem leistungsstark und robust, bietet die Akku-Heckenschere STIHL HSA 150 T <b>die gleiche Leistung wie ein thermisches Ger\u00e4t wie die STIHL HS 87<\/b>, bietet aber Vorteile wie eine einfachere Wartung, einen geringeren Ger\u00e4uschpegel, reduzierte Vibrationen, eine einfache Inbetriebnahme und eine l\u00e4ngere Laufzeit. Dies macht es zu einem Werkzeug, das sich perfekt f\u00fcr den professionellen Einsatz (Landschaftsg\u00e4rtner, Kommunen usw.) eignet. <\/p>\n<p>Mit ihrer hohen Schnittleistung f\u00fcr pr\u00e4zisen Schnitt ist diese Akku-Heckenschere f\u00fcr <b>Trimm- und Formarbeiten<\/b> konzipiert. Er bietet daher eine konstante Trittfrequenz, auch bei extremer Belastung. <\/p>\n<ul>\n<li><b>Pr\u00e4ziser Schnitt f\u00fcr die Formgebung<\/b>: Die hohe Kadenz der Klingen, der geringe Zahnabstand (30 mm) und die zweischneidige Klinge erm\u00f6glichen ein pr\u00e4zises Schlichten und Formen des Schnitts. Die Schnittgeschwindigkeit kann in 3 Stufen von 3900 bis 5000 H\u00fcben pro Minute eingestellt werden. <b>Schnittl\u00e4nge 75 cm oder 100 cm<\/b>. Reibungsoptimierte Klingen sorgen f\u00fcr eine l\u00e4ngere Akkulaufzeit und eine l\u00e4ngere Lebensdauer.  <\/li>\n<li><b>Komfortableres und erm\u00fcdungsfreieres Arbeiten<\/b>: dank des effektiven Anti-Vibrations-Systems, das Muskeln und Gelenke sch\u00fctzt.<\/li>\n<li><b>Leise<\/b>: Kein Geh\u00f6rschutz erforderlich und kann in l\u00e4rmsensiblen Bereichen eingesetzt werden<\/li>\n<li><b>Sicheres Arbeiten<\/b>: Der in der HSA 150 T integrierte Schnittschutz reduziert das Risiko eines Kontakts mit den S\u00e4gebl\u00e4ttern.<\/li>\n<li><b>F\u00fchrungs- und Klingenschutz<\/b>: Die Schutzfalle sch\u00fctzt die Messer vor Verschlei\u00df und erleichtert das Schneiden in Boden- oder Wandn\u00e4he.<\/li>\n<li><b>Auch bei Regen einsetzbar<\/b>: Wie alle Akku-Ger\u00e4te von AP SYSTEM, die f\u00fcr den professionellen Einsatz konzipiert sind, erf\u00fcllt auch die Heckenschere HSA 150 T den IPX4-Standard und ist somit spritzwassergesch\u00fctzt.<\/li>\n<li><b>Laufzeit mit dem empfohlenen <\/b><a href=\"https:\/\/www.stihl.fr\/fr\/ap\/batterie-ap-200-s-183320?aID=48504006565\"><b>Akku AP 200 S<\/b><\/a>: 100-140 Minuten.<\/li>\n<li>STIHL connected: Dedizierter Platz f\u00fcr den <a href=\"https:\/\/www.stihl.fr\/fr\/p\/solutions-intelligentes-smart-connector2a-135009#smart-connector-2-a-135009?aID=CA014004900\"><b>Smart Connector 2 A<\/b><\/a> (als Zubeh\u00f6r erh\u00e4ltlich) am Maschinengeh\u00e4use.<\/li>\n<\/ul>\n<p><b>Lieferung ohne Akku oder Ladeger\u00e4t.<\/b>  Die Akkus und Ladeger\u00e4te sind mit anderen Akku-Ger\u00e4ten des STIHL AP SYSTEM kompatibel.<\/p>\n","protected":false},"excerpt":{"rendered":"<p>Akku-Power f\u00fcr Profis Extrem leistungsstark und robust, bietet die Akku-Heckenschere STIHL HSA 150 T die gleiche Leistung wie ein thermisches<\/p>\n","protected":false},"featured_media":446645,"template":"","meta":{"_seopress_robots_primary_cat":"","_seopress_titles_title":"","_seopress_titles_desc":"","_seopress_robots_index":""},"product_brand":[3366],"product_cat":[29,282,267],"product_tag":[],"class_list":{"0":"post-463481","1":"product","2":"type-product","3":"status-publish","4":"has-post-thumbnail","6":"product_brand-stihl","7":"product_cat-macchinari","8":"product_cat-tosasiepi-e-potatori-a-batteria","9":"product_cat-tosasiepi-e-potatori","10":"sws-gruppo-macchinari-de","11":"sws-conto-ricavi-merci-rivendita-macchinari-de","12":"sws-gruppo-iva-iva81-de","14":"first","15":"instock","16":"shipping-taxable","17":"purchasable","18":"product-type-simple"},"_links":{"self":[{"href":"https:\/\/lucacastelli.com\/de\/wp-json\/wp\/v2\/product\/463481","targetHints":{"allow":["GET"]}}],"collection":[{"href":"https:\/\/lucacastelli.com\/de\/wp-json\/wp\/v2\/product"}],"about":[{"href":"https:\/\/lucacastelli.com\/de\/wp-json\/wp\/v2\/types\/product"}],"wp:featuredmedia":[{"embeddable":true,"href":"https:\/\/lucacastelli.com\/de\/wp-json\/wp\/v2\/media\/446645"}],"wp:attachment":[{"href":"https:\/\/lucacastelli.com\/de\/wp-json\/wp\/v2\/media?parent=463481"}],"wp:term":[{"taxonomy":"product_brand","embeddable":true,"href":"https:\/\/lucacastelli.com\/de\/wp-json\/wp\/v2\/product_brand?post=463481"},{"taxonomy":"product_cat","embeddable":true,"href":"https:\/\/lucacastelli.com\/de\/wp-json\/wp\/v2\/product_cat?post=463481"},{"taxonomy":"product_tag","embeddable":true,"href":"https:\/\/lucacastelli.com\/de\/wp-json\/wp\/v2\/product_tag?post=463481"}],"curies":[{"name":"wp","href":"https:\/\/api.w.org\/{rel}","templated":true}]}}