{"id":463454,"date":"2025-06-01T11:58:49","date_gmt":"2025-06-01T09:58:49","guid":{"rendered":"https:\/\/lucacastelli.com\/prodotto\/akku-schneider\/"},"modified":"2025-06-29T07:55:08","modified_gmt":"2025-06-29T05:55:08","slug":"akku-schneider","status":"publish","type":"product","link":"https:\/\/lucacastelli.com\/de\/produkt\/akku-schneider\/","title":{"rendered":"MILWAUKEE Akku-Schneider"},"content":{"rendered":"<p>Leistungsstarker Freischneider zum Schneiden von Rasenfl\u00e4chen, Unkraut, dicken B\u00fcschen und Setzlingen mit einem Durchmesser von bis zu 3 cm&lt;Br&gt;  Erreicht die volle Geschwindigkeit in weniger als 1 Sekunde&lt;Br&gt;  Inklusive Spule mit Faden f\u00fcr einstellbare Schnittbreite von 35 bis 40 cm und 23 cm 4-Zahn-S\u00e4geblatt: kann sowohl Messer als auch Faden montieren&lt;Br&gt;  2 Geschwindigkeitsstufen (0-4.900 \/ 0-6.200)&lt;Br&gt;  Der Fahrradgriff und der doppelte Schultergurt sorgen f\u00fcr maximalen Komfort bei l\u00e4ngerem Gebrauch&lt;Br&gt;  Optimiertes Design des Freischneiderschutzes f\u00fcr eine bessere Materialeind\u00e4mmung&lt;Br&gt;  Die FUEL-Technologie\u2122 definiert kabellose Elektrowerkzeuge neu. B\u00fcrstenloser Motor, REDLINK PLUS-Elektronik\u2122 und REDLITHIUM-Akku\u2122 bieten \u00fcberlegene&lt;Leistung und Haltbarkeit br&gt; Funktioniert mit allen MILWAUKEE\u00ae M18-Akkus\u2122<\/p>\n<p>STRICHCODE: 4058546416645<\/p>\n<p>Technische<br \/>\nDaten 0 &#8211; 4900<\/p>\n<p>Lieferung ohne Batterien, Lieferung ohne Ladeger\u00e4t, Lieferung ohne Kitbox oder Tasche, Schnurspule, 4-Zahn-Klinge, Doppelschultergurt, 2 Protektoren<\/p>\n","protected":false},"excerpt":{"rendered":"<p>Leistungsstarker Freischneider zum Schneiden von Rasenfl\u00e4chen, Unkraut, dicken B\u00fcschen und Setzlingen mit einem Durchmesser von bis zu 3 cm&lt;Br&gt; Erreicht<\/p>\n","protected":false},"featured_media":443337,"template":"","meta":{"_seopress_robots_primary_cat":"","_seopress_titles_title":"","_seopress_titles_desc":"","_seopress_robots_index":""},"product_brand":[3656],"product_cat":[1609,1581,169],"product_tag":[3272],"class_list":{"0":"post-463454","1":"product","2":"type-product","3":"status-publish","4":"has-post-thumbnail","6":"product_brand-milwaukee-de","7":"product_cat-akkubetriebene-freischneider-und-trimmer","8":"product_cat-freischneider-und-trimmer","9":"product_cat-maschinen","10":"product_tag-import-milwau-de","11":"sws-gruppo-macchinari-de","12":"sws-conto-ricavi-merci-rivendita-macchinari-de","13":"sws-gruppo-iva-iva81-de","15":"first","16":"instock","17":"sale","18":"purchasable","19":"product-type-simple"},"_links":{"self":[{"href":"https:\/\/lucacastelli.com\/de\/wp-json\/wp\/v2\/product\/463454","targetHints":{"allow":["GET"]}}],"collection":[{"href":"https:\/\/lucacastelli.com\/de\/wp-json\/wp\/v2\/product"}],"about":[{"href":"https:\/\/lucacastelli.com\/de\/wp-json\/wp\/v2\/types\/product"}],"wp:featuredmedia":[{"embeddable":true,"href":"https:\/\/lucacastelli.com\/de\/wp-json\/wp\/v2\/media\/443337"}],"wp:attachment":[{"href":"https:\/\/lucacastelli.com\/de\/wp-json\/wp\/v2\/media?parent=463454"}],"wp:term":[{"taxonomy":"product_brand","embeddable":true,"href":"https:\/\/lucacastelli.com\/de\/wp-json\/wp\/v2\/product_brand?post=463454"},{"taxonomy":"product_cat","embeddable":true,"href":"https:\/\/lucacastelli.com\/de\/wp-json\/wp\/v2\/product_cat?post=463454"},{"taxonomy":"product_tag","embeddable":true,"href":"https:\/\/lucacastelli.com\/de\/wp-json\/wp\/v2\/product_tag?post=463454"}],"curies":[{"name":"wp","href":"https:\/\/api.w.org\/{rel}","templated":true}]}}