{"id":463447,"date":"2025-06-01T11:52:06","date_gmt":"2025-06-01T09:52:06","guid":{"rendered":"https:\/\/lucacastelli.com\/prodotto\/monitor\/"},"modified":"2025-06-29T07:56:07","modified_gmt":"2025-06-29T05:56:07","slug":"monitor","status":"publish","type":"product","link":"https:\/\/lucacastelli.com\/de\/produkt\/monitor\/","title":{"rendered":"MILWAUKEE Monitor"},"content":{"rendered":"<p>8 Customs Wireless LCD-Monitor  &lt;Br&gt;  Hintergrundbeleuchteter Bildschirm f\u00fcr maximale Ablesbarkeit&lt;Br&gt;  Das ONE-KEY\u2122 Tracking &amp; Security-System bietet einen kostenlosen Cloud-basierten Tracking- und Bestandsverwaltungsdienst und verf\u00fcgt gleichzeitig \u00fcber Remote-Blockierungsfunktionen&lt;Br&gt;  Funktion zur Meldung von Problemen, die bei der Inspektion festgestellt wurden&lt;Br&gt;  Erm\u00f6glicht es Ihnen, auf die von Ihnen erstellten Aufzeichnungen zuzugreifen und sie zu Ihren Anwendungsberichten hinzuzuf\u00fcgen&lt;Br&gt;  USB 3.0- und USB-C-Anschl\u00fcsse&lt;Br&gt;  USB-C-Kabel f\u00fcr kabelgebundene Verbindung mit Smart Hub&lt;Br&gt;  Funktioniert mit allen MILWAUKEE\u00ae M18\u2122 Akkus<\/p>\n<p>STRICHCODE: 4058546290429<\/p>\n<p>Technische Daten Oui<\/p>\n<p>Lieferung ohne Batterien, Lieferung ohne Ladeger\u00e4t, Lieferung ohne Kitbox oder Tasche<\/p>\n","protected":false},"excerpt":{"rendered":"<p>8 Customs Wireless LCD-Monitor &lt;Br&gt; Hintergrundbeleuchteter Bildschirm f\u00fcr maximale Ablesbarkeit&lt;Br&gt; Das ONE-KEY\u2122 Tracking &amp; Security-System bietet einen kostenlosen Cloud-basierten Tracking-<\/p>\n","protected":false},"featured_media":443229,"template":"","meta":{"_seopress_robots_primary_cat":"","_seopress_titles_title":"","_seopress_titles_desc":"","_seopress_robots_index":""},"product_brand":[3407],"product_cat":[29,514],"product_tag":[3270],"class_list":{"0":"post-463447","1":"product","2":"type-product","3":"status-publish","4":"has-post-thumbnail","6":"product_brand-milwaukee","7":"product_cat-macchinari","8":"product_cat-altri-dispositivi","9":"product_tag-import-milwau","10":"sws-gruppo-macchinari-de","11":"sws-conto-ricavi-merci-rivendita-macchinari-de","12":"sws-gruppo-iva-iva81-de","14":"first","15":"instock","16":"sale","17":"purchasable","18":"product-type-simple"},"_links":{"self":[{"href":"https:\/\/lucacastelli.com\/de\/wp-json\/wp\/v2\/product\/463447","targetHints":{"allow":["GET"]}}],"collection":[{"href":"https:\/\/lucacastelli.com\/de\/wp-json\/wp\/v2\/product"}],"about":[{"href":"https:\/\/lucacastelli.com\/de\/wp-json\/wp\/v2\/types\/product"}],"wp:featuredmedia":[{"embeddable":true,"href":"https:\/\/lucacastelli.com\/de\/wp-json\/wp\/v2\/media\/443229"}],"wp:attachment":[{"href":"https:\/\/lucacastelli.com\/de\/wp-json\/wp\/v2\/media?parent=463447"}],"wp:term":[{"taxonomy":"product_brand","embeddable":true,"href":"https:\/\/lucacastelli.com\/de\/wp-json\/wp\/v2\/product_brand?post=463447"},{"taxonomy":"product_cat","embeddable":true,"href":"https:\/\/lucacastelli.com\/de\/wp-json\/wp\/v2\/product_cat?post=463447"},{"taxonomy":"product_tag","embeddable":true,"href":"https:\/\/lucacastelli.com\/de\/wp-json\/wp\/v2\/product_tag?post=463447"}],"curies":[{"name":"wp","href":"https:\/\/api.w.org\/{rel}","templated":true}]}}