{"id":463444,"date":"2025-06-01T11:47:53","date_gmt":"2025-06-01T09:47:53","guid":{"rendered":"https:\/\/lucacastelli.com\/prodotto\/inspektionssystem\/"},"modified":"2025-06-29T07:55:51","modified_gmt":"2025-06-29T05:55:51","slug":"inspektionssystem","status":"publish","type":"product","link":"https:\/\/lucacastelli.com\/de\/produkt\/inspektionssystem\/","title":{"rendered":"MILWAUKEE Inspektionssystem"},"content":{"rendered":"<p>1080 25mm HD-Videosonde mit Panoramazoom, erm\u00f6glicht pr\u00e4zise Vergr\u00f6\u00dferung&lt;Br&gt;  12 LEDs f\u00fcr perfekte Rohrausleuchtung&lt;Br&gt;  60 m langes Kabel mit 10 mm Durchmesser f\u00fcr l\u00e4ngere Rohrleitungen, \u00fcberwindet 90\u00b0 Winkel ab 50 mm&lt;Br&gt;  Isolierte Trommel f\u00fcr eine bessere R\u00fcckhaltung von Schmutz&lt;Br&gt;  Trommel mit Gummiauflage&lt;Br&gt;  Ausziehbarer Griff f\u00fcr einfachen Transport&lt;Br&gt;  Eingebaute Sonde, die mit den meisten Ortungsger\u00e4ten auf dem Markt kompatibel ist: 512 Hz, 640 Hz, 33 kHz&lt;Br&gt;  Eingebauter Sonden-Locator&lt;Br&gt;  Eingebautes TICK\u2122 zur Verwendung des ONE-KEY-Systems\u2122: bietet benutzerdefinierte Berichte sowie Inventar-, Anpassungs- und Nachverfolgungsfunktionen f\u00fcr eine vollst\u00e4ndige Werkzeugverwaltung&lt;Br&gt;  Funktioniert mit allen MILWAUKEE\u00ae M18\u2122Akkus<\/p>\n<p>STRICHCODE: 4058546408701<\/p>\n<p>Technische<br \/>\nDaten 67<\/p>\n<p>Lieferung ohne Batterien, Lieferung ohne Ladeger\u00e4t, Lieferung ohne Kitbox oder Tasche, Lieferung mit einer 75-mm- und einer 100-mm-Rutsche<\/p>\n","protected":false},"excerpt":{"rendered":"<p>1080 25mm HD-Videosonde mit Panoramazoom, erm\u00f6glicht pr\u00e4zise Vergr\u00f6\u00dferung&lt;Br&gt; 12 LEDs f\u00fcr perfekte Rohrausleuchtung&lt;Br&gt; 60 m langes Kabel mit 10 mm<\/p>\n","protected":false},"featured_media":453399,"template":"","meta":{"_seopress_robots_primary_cat":"none","_seopress_titles_title":"","_seopress_titles_desc":"","_seopress_robots_index":""},"product_brand":[3407],"product_cat":[29,514],"product_tag":[3270],"class_list":{"0":"post-463444","1":"product","2":"type-product","3":"status-publish","4":"has-post-thumbnail","6":"product_brand-milwaukee","7":"product_cat-macchinari","8":"product_cat-altri-dispositivi","9":"product_tag-import-milwau","10":"sws-gruppo-macchinari-de","11":"sws-conto-ricavi-merci-rivendita-macchinari-de","12":"sws-gruppo-iva-iva81-de","14":"first","15":"instock","16":"sale","17":"purchasable","18":"product-type-simple"},"_links":{"self":[{"href":"https:\/\/lucacastelli.com\/de\/wp-json\/wp\/v2\/product\/463444","targetHints":{"allow":["GET"]}}],"collection":[{"href":"https:\/\/lucacastelli.com\/de\/wp-json\/wp\/v2\/product"}],"about":[{"href":"https:\/\/lucacastelli.com\/de\/wp-json\/wp\/v2\/types\/product"}],"wp:featuredmedia":[{"embeddable":true,"href":"https:\/\/lucacastelli.com\/de\/wp-json\/wp\/v2\/media\/453399"}],"wp:attachment":[{"href":"https:\/\/lucacastelli.com\/de\/wp-json\/wp\/v2\/media?parent=463444"}],"wp:term":[{"taxonomy":"product_brand","embeddable":true,"href":"https:\/\/lucacastelli.com\/de\/wp-json\/wp\/v2\/product_brand?post=463444"},{"taxonomy":"product_cat","embeddable":true,"href":"https:\/\/lucacastelli.com\/de\/wp-json\/wp\/v2\/product_cat?post=463444"},{"taxonomy":"product_tag","embeddable":true,"href":"https:\/\/lucacastelli.com\/de\/wp-json\/wp\/v2\/product_tag?post=463444"}],"curies":[{"name":"wp","href":"https:\/\/api.w.org\/{rel}","templated":true}]}}