{"id":463438,"date":"2025-06-01T11:46:35","date_gmt":"2025-06-01T09:46:35","guid":{"rendered":"https:\/\/lucacastelli.com\/prodotto\/inspektions-kamera\/"},"modified":"2025-06-29T07:55:45","modified_gmt":"2025-06-29T05:55:45","slug":"inspektions-kamera","status":"publish","type":"product","link":"https:\/\/lucacastelli.com\/de\/produkt\/inspektions-kamera\/","title":{"rendered":"MILWAUKEE Inspektionskamera"},"content":{"rendered":"<p>Der Bildschirm kann vom Maschinenk\u00f6rper abgenommen werden, um ihn in einer Entfernung von 10 m vom Pr\u00fcfpunkt anzuzeigen&lt;Br&gt;  4-fach Zoom-Kamera, Bildschirmdrehung&lt;Br&gt;  3,5 Zoll (85 mm) LCD-Bildschirm, optimiert f\u00fcr klare und scharfe Bilder&lt;Br&gt;  Bildschirmaufl\u00f6sung 320 x 240 Pixel&lt;Br&gt;  4 LEDs mit einstellbarer Helligkeit&lt;Br&gt;  8 GB SD-Speicherkarte und 2,7 m Kabelf\u00fchler im Lieferumfang enthalten&lt;Br&gt;  Flexibles Kabel und 12 mm Aluminiumkopf&lt;Br&gt;  Vorrichtung zum Ausrichten des Kabelkopfes aus der Ferne (separat erh\u00e4ltlich)&lt;Br&gt;  Kompatibel mit allen MILWAUKEE\u00ae M12\u2122 Akkus<\/p>\n<p>STRICHCODE: 4002395159994<\/p>\n<p>Technische<br \/>\nDaten 0,70 (M12 B2)<\/p>\n<p>1 x M12 B2 Akkupack, C12 C Ladeger\u00e4t, Tragetasche, SD-Karte 8 GB, Kabelsonde 2,7 m<\/p>\n","protected":false},"excerpt":{"rendered":"<p>Der Bildschirm kann vom Maschinenk\u00f6rper abgenommen werden, um ihn in einer Entfernung von 10 m vom Pr\u00fcfpunkt anzuzeigen&lt;Br&gt; 4-fach Zoom-Kamera,<\/p>\n","protected":false},"featured_media":443157,"template":"","meta":{"_seopress_robots_primary_cat":"","_seopress_titles_title":"","_seopress_titles_desc":"","_seopress_robots_index":""},"product_brand":[3407],"product_cat":[29,514],"product_tag":[3270],"class_list":{"0":"post-463438","1":"product","2":"type-product","3":"status-publish","4":"has-post-thumbnail","6":"product_brand-milwaukee","7":"product_cat-macchinari","8":"product_cat-altri-dispositivi","9":"product_tag-import-milwau","10":"sws-gruppo-macchinari-de","11":"sws-conto-ricavi-merci-rivendita-macchinari-de","12":"sws-gruppo-iva-iva81-de","14":"first","15":"instock","16":"sale","17":"purchasable","18":"product-type-simple"},"_links":{"self":[{"href":"https:\/\/lucacastelli.com\/de\/wp-json\/wp\/v2\/product\/463438","targetHints":{"allow":["GET"]}}],"collection":[{"href":"https:\/\/lucacastelli.com\/de\/wp-json\/wp\/v2\/product"}],"about":[{"href":"https:\/\/lucacastelli.com\/de\/wp-json\/wp\/v2\/types\/product"}],"wp:featuredmedia":[{"embeddable":true,"href":"https:\/\/lucacastelli.com\/de\/wp-json\/wp\/v2\/media\/443157"}],"wp:attachment":[{"href":"https:\/\/lucacastelli.com\/de\/wp-json\/wp\/v2\/media?parent=463438"}],"wp:term":[{"taxonomy":"product_brand","embeddable":true,"href":"https:\/\/lucacastelli.com\/de\/wp-json\/wp\/v2\/product_brand?post=463438"},{"taxonomy":"product_cat","embeddable":true,"href":"https:\/\/lucacastelli.com\/de\/wp-json\/wp\/v2\/product_cat?post=463438"},{"taxonomy":"product_tag","embeddable":true,"href":"https:\/\/lucacastelli.com\/de\/wp-json\/wp\/v2\/product_tag?post=463438"}],"curies":[{"name":"wp","href":"https:\/\/api.w.org\/{rel}","templated":true}]}}